{"id":184,"date":"2023-05-25T15:00:12","date_gmt":"2023-05-25T15:00:12","guid":{"rendered":"https:\/\/asesoriaimssconstruccionycursos.mx\/SIROC-IMSS-2023\/curso-siroc-imss-copy-2-copy-copy\/"},"modified":"2024-04-01T17:28:33","modified_gmt":"2024-04-01T17:28:33","slug":"curso-fiscalizacion-del-imss-a-constructoras-2","status":"publish","type":"page","link":"https:\/\/asesoriaimssconstruccionycursos.mx\/SIROC-IMSS-2023\/curso-fiscalizacion-del-imss-a-constructoras-2\/","title":{"rendered":"Fiscalizaci\u00f3n del IMSS a Constructoras por el mal llenado de SIROC, SUA e ICSOE"},"content":{"rendered":"<p><\/p>\r\n<p><strong>FECHA<\/strong>:\u00a0<\/p>\r\n<p>\r\n\r\n<\/p>\r\n<p><strong>HORARIO<\/strong>:\u00a0<\/p>\r\n<p>\r\n\r\n<\/p>\r\n<p><strong>DURACI\u00d3N<\/strong>: 4 Horas.<\/p>\r\n<p>\r\n\r\n<\/p>\r\n<p><strong>CIUDAD SEDE<\/strong>: CDMX. (COL. DEL VALLE)<\/p>\r\n<p>\r\n\r\n<\/p>\r\n<p>Nivel de Complejidad: Intermedio<\/p>\r\n<p>\r\n\r\n<\/p>\r\n<p>\u00a0Presencial: $ 1,650.00 MXN. Incluye IVA<\/p>\r\n<p>\r\n\r\n<\/p>\r\n<p>\u00a0<a href=\"https:\/\/cursos.capacitacionfiscalyconstructoras.mx\/presentacion-de-avisos-de-obra-ante-el-imss-satic-siroc\" target=\"_blank\" rel=\"noreferrer noopener\">E-learning V\u00eda ZOOM<\/a> : $ 1,480.00 MXN. Incluye IVA<\/p>\r\n<p>\r\n\r\n<\/p>\r\n<p>\u00a0<a href=\"https:\/\/cursos.capacitacionfiscalyconstructoras.mx\/fiscalizacion-imss-constructoras-siroc-sua-icsoe-2023\" target=\"_blank\" rel=\"noreferrer noopener\">Video Curso (Grabado)<\/a>: $ 1,250.00 MXN. Incluye IVA<\/p>\r\n<p>\r\n\r\n<\/p>\r\n<p><strong>INCLUYE:<\/strong>\u00a0Material Digital y Diploma Digital.<\/p>\r\n<p>\r\n\r\n<\/p>\r\n<p><strong>P\u00f3roximas Ciudades<\/strong>: Monterrey, Guadalajara, M\u00e9rida, Tijuana, Puebla, Le\u00f3n, Quer\u00e9taro, Veracruz, Tuxtla Guti\u00e9rrez, Pachuca, CDMX.<\/p>\r\n<p>\r\n\r\n<\/p>\r\n<p><strong>Nivel de Complejidad<\/strong>: Intermedio<\/p>\r\n<p>\r\n\r\n<\/p>\r\n<hr class=\"wp-block-separator has-css-opacity\" \/>\r\n<p>\r\n\r\n<\/p>\r\n<p><strong>Promoci\u00f3n: Exparticipantes Y Clientes N\/A Descuento<\/strong><\/p>\r\n<p>\r\n\r\n<\/p>\r\n<p><strong>PR\u00d3XIMOS CURSOS<\/strong>.<\/p>\r\n<p>\r\n\r\n<\/p>\r\n<hr class=\"wp-block-separator has-css-opacity\" \/>\r\n<p><strong>ESPECIALISTAS EN EL TEMA: <\/strong><a href=\"https:\/\/asesoriaimssconstruccionycursos.mx\/SIROC-IMSS-2023\/experto-asesor-en-imss-siroc-emmanuel-ramos\/\">EMMANUEL RAMOS GUZM\u00c1N<\/a><\/p>\r\n<p>\r\n\r\n<\/p>\r\n<p><strong>DIRIGIDO:<\/strong>\u00a0Contadores, Auxiliares Contables, Auditores, Fiscalistas, Gerentes de Obra, Contratistas y Subcontratistas.<\/p>\r\n<p>\r\n\r\n<\/p>\r\n<p>\u00a0<strong>OBJETIVO:<\/strong>\u00a0Conocer las principales inconsistencias y errores que cometen los patrones de la construcci\u00f3n al momento de cumplir con sus obligaciones del SIROC, ICSOE, SUA y N\u00f3mina derivadas del REPSE y que originan una auditoria por parte del IMSS.<\/p>\r\n<p>\r\n\r\n<\/p>\r\n<p><strong>Quiero asistir a este curso:<\/strong> <strong><a href=\"https:\/\/cursos.capacitacionfiscalyconstructoras.mx\/fiscalizacion-imss-constructoras-siroc-sua-icsoe-2022\">Aqu\u00ed<\/a><\/strong><\/p>\r\n<p>\r\n\r\n<\/p>\r\n<p><strong>Quiero conocer m\u00e1s sobre el tema IMSS Construcci\u00f3n <a href=\"http:\/\/www.sideimss.mx\/\">Aqu\u00ed<\/a>.<\/strong><\/p>\r\n<p>\r\n\r\n<\/p>\r\n<p><strong>\u00bfQUIERES LLEVAR ESTE CURSO A TU EMPRESA?\u00a0<\/strong>M\u00e1ndanos tus datos\u00a0\u00a0y un ejecutivo se pondr\u00e1 en contacto a la brevedad\u00a0<strong>\u00a0<a href=\"https:\/\/asesoriaimssconstruccionycursos.mx\/SIROC-IMSS-2023\/lleva-este-curso-a-tu-empresa-fiscalizacion-del-imss-a-constructoras-por-el-mal-llenado-de-siroc-sua-e-icsoe\">Aqu\u00ed<\/a>.<\/strong>\u00a0(M\u00ednimo 5 Participantes en Zoom o Presencial).<\/p>\r\n<p><\/p>\r\n<hr \/>\r\n<p><strong>TEMARIO:<\/strong>\u00a0<\/p>\r\n<p>1)\u00a0 \u00a0 \u00a0Aspectos preventivos para evitar una fiscalizaci\u00f3n de Obra por el IMSS<br \/>2)\u00a0 \u00a0 \u00a0Correcci\u00f3n patronal fallida como detonante para Auditoria<br \/>3)\u00a0 \u00a0 \u00a0Avisos de Obra Mal Presentados por Subcontratistas que pueden impactar al Principal<br \/>4)\u00a0 \u00a0 \u00a0Problem\u00e1ticas de SIROC abiertos con Registro patronal por Clase eliminados por Reforma<br \/>5)\u00a0 \u00a0 \u00a0Requisitos de Nomina para el IMSS en el sector de la Construcci\u00f3n<br \/>6)\u00a0 \u00a0 \u00a0La Vinculaci\u00f3n de Cuotas pagadas en el SUA con el N\u00famero de SIROC<br \/>7)\u00a0 \u00a0 \u00a0Fiscalizaci\u00f3n de Obras derivados de exhortos de Obligaciones no Atendidas<br \/>8)\u00a0 \u00a0 \u00a0Aspectos de SIROC con REPSE que pueden detonar Auditorias de Obra<br \/>9)\u00a0 \u00a0 \u00a0 Inconsistencias del ICSOE Vs SUA que afectar\u00e1n en las auditorias de Obra<br \/>10)\u00a0 Reglas del CFDI 4.0 con impactos negativos en los actos de Fiscalizaci\u00f3n de Obras<br \/>11)\u00a0 Conclusiones y Recomendaciones.<\/p>\r\n<hr \/>\r\n<p class=\"has-text-align-center\"><img loading=\"lazy\" decoding=\"async\" class=\"aligncenter\" src=\"https:\/\/lh6.googleusercontent.com\/c3B4XEVwUKrPSrOcJC9Qy8rZGLOjwpImtaQmz1EfaD4MOBhr4iGaKoM2BO3zm8JiaB4aspIQSNMuDNcDQb4cx9Txrmhtt6b-ExuK6d5mLQrmSlMCpAeDmN6zKm40pMD452zLOpaauJ_8UGImc3t9dw\" width=\"29\" height=\"29\" \/><\/p>\r\n<p style=\"text-align: center;\"><!-- \/wp:post-content -->\r\n\r\n<!-- wp:paragraph {\"align\":\"center\"} --><\/p>\r\n<p class=\"has-text-align-center\" style=\"text-align: center;\">Reservar al 55 <a href=\"tel:56091723\">56 09 17 23<\/a><\/p>\r\n<p class=\"has-text-align-center\" style=\"text-align: center;\">o M\u00e1ndanos un<\/p>\r\n<p style=\"text-align: center;\"><!-- \/wp:paragraph -->\r\n\r\n<!-- wp:paragraph {\"align\":\"center\"} --><\/p>\r\n<p class=\"has-text-align-center\" style=\"text-align: center;\"><img loading=\"lazy\" decoding=\"async\" src=\"https:\/\/lh4.googleusercontent.com\/N6ilznbQ69aR9A0jxzX29CKAliJu5Gwu3CGW6akpI9aTfk0r-TQN_howeawnf8G_yG1eIgFPS9Xs39PMch5a_HBg4pv1EiGCwP0Sr2O72WiZqZ-ErzA-z3lUBvmrlf_PUHVLcwchwmevYb2zQClGtA\" width=\"28\" height=\"28\" \/>\u00a0WhatsApp \u00a0<a href=\"https:\/\/bit.ly\/3vEEl6x\"><strong>5532510233<\/strong>\u00a0<\/a><\/p>\r\n<p><!-- \/wp:paragraph --><\/p>\r\n<p style=\"text-align: center;\"><a href=\"https:\/\/cursos.capacitacionfiscalyconstructoras.mx\/avisos-de-obra-imss-siroc-satic-2023\">Conoce nuestro Cat\u00e1go de Cursos<\/a><\/p>","protected":false},"excerpt":{"rendered":"<p>FECHA:\u00a0 HORARIO:\u00a0 DURACI\u00d3N: 4 Horas. CIUDAD SEDE: CDMX. (COL. DEL VALLE) Nivel de Complejidad: Intermedio \u00a0Presencial: $ 1,650.00 MXN. Incluye IVA \u00a0E-learning V\u00eda ZOOM : $ 1,480.00 MXN. Incluye IVA \u00a0Video Curso (Grabado): $ 1,250.00 MXN. Incluye IVA INCLUYE:\u00a0Material Digital y Diploma Digital. P\u00f3roximas Ciudades: Monterrey, Guadalajara, M\u00e9rida, Tijuana, Puebla, Le\u00f3n, Quer\u00e9taro, Veracruz, Tuxtla Guti\u00e9rrez, [&hellip;]<\/p>\n","protected":false},"author":1,"featured_media":0,"parent":0,"menu_order":0,"comment_status":"closed","ping_status":"closed","template":"","meta":{"footnotes":""},"categories":[],"tags":[],"class_list":["post-184","page","type-page","status-publish","hentry"],"yoast_head":"<!-- This site is optimized with the Yoast SEO plugin v21.7 - https:\/\/yoast.com\/wordpress\/plugins\/seo\/ -->\n<title>Fiscalizaci\u00f3n del IMSS a Constructoras por el mal llenado de SIROC, SUA e ICSOE - Asesor\u00eda y Cursos SIROC IMSS<\/title>\n<meta name=\"description\" content=\"Conocer las principales inconsistencias y errores que cometen los patrones de la construcci\u00f3n al momento de cumplir con sus obligaciones del SIROC, ICSOE, SUA y N\u00f3mina derivadas del REPSE y que originan una auditoria por parte del IMSS.\" \/>\n<meta name=\"robots\" content=\"index, follow, max-snippet:-1, max-image-preview:large, max-video-preview:-1\" \/>\n<link rel=\"canonical\" href=\"https:\/\/asesoriaimssconstruccionycursos.mx\/SIROC-IMSS-2023\/curso-fiscalizacion-del-imss-a-constructoras-2\/\" \/>\n<meta property=\"og:locale\" content=\"es_MX\" \/>\n<meta property=\"og:type\" content=\"article\" \/>\n<meta property=\"og:title\" content=\"Curso Fiscalizaci\u00f3n del IMSS a Constructoras por el mal llenado de SIROC, SUA e ICSOE\" \/>\n<meta property=\"og:description\" content=\"Conocer las principales inconsistencias y errores que cometen los patrones de la construcci\u00f3n al momento de cumplir con sus obligaciones del SIROC, ICSOE, SUA y N\u00f3mina derivadas del REPSE y que originan una auditoria por parte del IMSS.\" \/>\n<meta property=\"og:url\" content=\"https:\/\/asesoriaimssconstruccionycursos.mx\/SIROC-IMSS-2023\/curso-fiscalizacion-del-imss-a-constructoras-2\/\" \/>\n<meta property=\"og:site_name\" content=\"Asesor\u00eda y Cursos SIROC IMSS\" \/>\n<meta property=\"article:publisher\" content=\"https:\/\/www.facebook.com\/CapacitacionFiscalyParaConstructoras\/\" \/>\n<meta property=\"article:modified_time\" content=\"2024-04-01T17:28:33+00:00\" \/>\n<meta property=\"og:image\" content=\"https:\/\/asesoriaimssconstruccionycursos.mx\/SIROC-IMSS-2023\/wp-content\/uploads\/2023\/05\/FISCALIZACION-IMSS.png\" \/>\n\t<meta property=\"og:image:width\" content=\"800\" \/>\n\t<meta property=\"og:image:height\" content=\"800\" \/>\n\t<meta property=\"og:image:type\" content=\"image\/png\" \/>\n<meta name=\"twitter:card\" content=\"summary_large_image\" \/>\n<meta name=\"twitter:title\" content=\"Curso Fiscalizaci\u00f3n del IMSS a Constructoras por el mal llenado de SIROC, SUA e ICSOE\" \/>\n<meta name=\"twitter:description\" content=\"Conocer las principales inconsistencias y errores que cometen los patrones de la construcci\u00f3n al momento de cumplir con sus obligaciones del SIROC, ICSOE, SUA y N\u00f3mina derivadas del REPSE y que originan una auditoria por parte del IMSS.\" \/>\n<meta name=\"twitter:image\" content=\"https:\/\/asesoriaimssconstruccionycursos.mx\/SIROC-IMSS-2023\/wp-content\/uploads\/2023\/05\/FISCALIZACION-IMSS.png\" \/>\n<meta name=\"twitter:site\" content=\"@GMcapacitacion1\" \/>\n<meta name=\"twitter:label1\" content=\"Tiempo de lectura\" \/>\n\t<meta name=\"twitter:data1\" content=\"2 minutos\" \/>\n<script type=\"application\/ld+json\" class=\"yoast-schema-graph\">{\"@context\":\"https:\/\/schema.org\",\"@graph\":[{\"@type\":\"WebPage\",\"@id\":\"https:\/\/asesoriaimssconstruccionycursos.mx\/SIROC-IMSS-2023\/curso-fiscalizacion-del-imss-a-constructoras-2\/\",\"url\":\"https:\/\/asesoriaimssconstruccionycursos.mx\/SIROC-IMSS-2023\/curso-fiscalizacion-del-imss-a-constructoras-2\/\",\"name\":\"Fiscalizaci\u00f3n del IMSS a Constructoras por el mal llenado de SIROC, SUA e ICSOE - Asesor\u00eda y Cursos SIROC IMSS\",\"isPartOf\":{\"@id\":\"https:\/\/asesoriaimssconstruccionycursos.mx\/SIROC-IMSS-2023\/#website\"},\"datePublished\":\"2023-05-25T15:00:12+00:00\",\"dateModified\":\"2024-04-01T17:28:33+00:00\",\"description\":\"Conocer las principales inconsistencias y errores que cometen los patrones de la construcci\u00f3n al momento de cumplir con sus obligaciones del SIROC, ICSOE, SUA y N\u00f3mina derivadas del REPSE y que originan una auditoria por parte del IMSS.\",\"breadcrumb\":{\"@id\":\"https:\/\/asesoriaimssconstruccionycursos.mx\/SIROC-IMSS-2023\/curso-fiscalizacion-del-imss-a-constructoras-2\/#breadcrumb\"},\"inLanguage\":\"es\",\"potentialAction\":[{\"@type\":\"ReadAction\",\"target\":[\"https:\/\/asesoriaimssconstruccionycursos.mx\/SIROC-IMSS-2023\/curso-fiscalizacion-del-imss-a-constructoras-2\/\"]}]},{\"@type\":\"BreadcrumbList\",\"@id\":\"https:\/\/asesoriaimssconstruccionycursos.mx\/SIROC-IMSS-2023\/curso-fiscalizacion-del-imss-a-constructoras-2\/#breadcrumb\",\"itemListElement\":[{\"@type\":\"ListItem\",\"position\":1,\"name\":\"Inicio\",\"item\":\"https:\/\/asesoriaimssconstruccionycursos.mx\/SIROC-IMSS-2023\/\"},{\"@type\":\"ListItem\",\"position\":2,\"name\":\"Fiscalizaci\u00f3n del IMSS a Constructoras por el mal llenado de SIROC, SUA e ICSOE\"}]},{\"@type\":\"WebSite\",\"@id\":\"https:\/\/asesoriaimssconstruccionycursos.mx\/SIROC-IMSS-2023\/#website\",\"url\":\"https:\/\/asesoriaimssconstruccionycursos.mx\/SIROC-IMSS-2023\/\",\"name\":\"Asesor\u00eda y Cursos SIROC IMSS\",\"description\":\"Brindamos Asesor\u00eda Fiscal y Contable\",\"publisher\":{\"@id\":\"https:\/\/asesoriaimssconstruccionycursos.mx\/SIROC-IMSS-2023\/#organization\"},\"potentialAction\":[{\"@type\":\"SearchAction\",\"target\":{\"@type\":\"EntryPoint\",\"urlTemplate\":\"https:\/\/asesoriaimssconstruccionycursos.mx\/SIROC-IMSS-2023\/?s={search_term_string}\"},\"query-input\":\"required name=search_term_string\"}],\"inLanguage\":\"es\"},{\"@type\":\"Organization\",\"@id\":\"https:\/\/asesoriaimssconstruccionycursos.mx\/SIROC-IMSS-2023\/#organization\",\"name\":\"Asesoria IMSS Construcci\u00f3n Cursos y Capacitaci\u00f3n\",\"alternateName\":\"Asesoria IMSS Construcci\u00f3n\",\"url\":\"https:\/\/asesoriaimssconstruccionycursos.mx\/SIROC-IMSS-2023\/\",\"logo\":{\"@type\":\"ImageObject\",\"inLanguage\":\"es\",\"@id\":\"https:\/\/asesoriaimssconstruccionycursos.mx\/SIROC-IMSS-2023\/#\/schema\/logo\/image\/\",\"url\":\"https:\/\/asesoriaimssconstruccionycursos.mx\/SIROC-IMSS-2023\/wp-content\/uploads\/2023\/08\/asesoria-imss-costruccion.jpg\",\"contentUrl\":\"https:\/\/asesoriaimssconstruccionycursos.mx\/SIROC-IMSS-2023\/wp-content\/uploads\/2023\/08\/asesoria-imss-costruccion.jpg\",\"width\":300,\"height\":300,\"caption\":\"Asesoria IMSS Construcci\u00f3n Cursos y Capacitaci\u00f3n\"},\"image\":{\"@id\":\"https:\/\/asesoriaimssconstruccionycursos.mx\/SIROC-IMSS-2023\/#\/schema\/logo\/image\/\"},\"sameAs\":[\"https:\/\/www.facebook.com\/CapacitacionFiscalyParaConstructoras\/\",\"https:\/\/twitter.com\/GMcapacitacion1\",\"https:\/\/www.linkedin.com\/in\/emmanuel-ramos-g-00b98846\",\"https:\/\/www.youtube.com\/@asesoriaycursosimssconssiroc\"]}]}<\/script>\n<!-- \/ Yoast SEO plugin. -->","yoast_head_json":{"title":"Fiscalizaci\u00f3n del IMSS a Constructoras por el mal llenado de SIROC, SUA e ICSOE - Asesor\u00eda y Cursos SIROC IMSS","description":"Conocer las principales inconsistencias y errores que cometen los patrones de la construcci\u00f3n al momento de cumplir con sus obligaciones del SIROC, ICSOE, SUA y N\u00f3mina derivadas del REPSE y que originan una auditoria por parte del IMSS.","robots":{"index":"index","follow":"follow","max-snippet":"max-snippet:-1","max-image-preview":"max-image-preview:large","max-video-preview":"max-video-preview:-1"},"canonical":"https:\/\/asesoriaimssconstruccionycursos.mx\/SIROC-IMSS-2023\/curso-fiscalizacion-del-imss-a-constructoras-2\/","og_locale":"es_MX","og_type":"article","og_title":"Curso Fiscalizaci\u00f3n del IMSS a Constructoras por el mal llenado de SIROC, SUA e ICSOE","og_description":"Conocer las principales inconsistencias y errores que cometen los patrones de la construcci\u00f3n al momento de cumplir con sus obligaciones del SIROC, ICSOE, SUA y N\u00f3mina derivadas del REPSE y que originan una auditoria por parte del IMSS.","og_url":"https:\/\/asesoriaimssconstruccionycursos.mx\/SIROC-IMSS-2023\/curso-fiscalizacion-del-imss-a-constructoras-2\/","og_site_name":"Asesor\u00eda y Cursos SIROC IMSS","article_publisher":"https:\/\/www.facebook.com\/CapacitacionFiscalyParaConstructoras\/","article_modified_time":"2024-04-01T17:28:33+00:00","og_image":[{"width":800,"height":800,"url":"https:\/\/asesoriaimssconstruccionycursos.mx\/SIROC-IMSS-2023\/wp-content\/uploads\/2023\/05\/FISCALIZACION-IMSS.png","type":"image\/png"}],"twitter_card":"summary_large_image","twitter_title":"Curso Fiscalizaci\u00f3n del IMSS a Constructoras por el mal llenado de SIROC, SUA e ICSOE","twitter_description":"Conocer las principales inconsistencias y errores que cometen los patrones de la construcci\u00f3n al momento de cumplir con sus obligaciones del SIROC, ICSOE, SUA y N\u00f3mina derivadas del REPSE y que originan una auditoria por parte del IMSS.","twitter_image":"https:\/\/asesoriaimssconstruccionycursos.mx\/SIROC-IMSS-2023\/wp-content\/uploads\/2023\/05\/FISCALIZACION-IMSS.png","twitter_site":"@GMcapacitacion1","twitter_misc":{"Tiempo de lectura":"2 minutos"},"schema":{"@context":"https:\/\/schema.org","@graph":[{"@type":"WebPage","@id":"https:\/\/asesoriaimssconstruccionycursos.mx\/SIROC-IMSS-2023\/curso-fiscalizacion-del-imss-a-constructoras-2\/","url":"https:\/\/asesoriaimssconstruccionycursos.mx\/SIROC-IMSS-2023\/curso-fiscalizacion-del-imss-a-constructoras-2\/","name":"Fiscalizaci\u00f3n del IMSS a Constructoras por el mal llenado de SIROC, SUA e ICSOE - Asesor\u00eda y Cursos SIROC IMSS","isPartOf":{"@id":"https:\/\/asesoriaimssconstruccionycursos.mx\/SIROC-IMSS-2023\/#website"},"datePublished":"2023-05-25T15:00:12+00:00","dateModified":"2024-04-01T17:28:33+00:00","description":"Conocer las principales inconsistencias y errores que cometen los patrones de la construcci\u00f3n al momento de cumplir con sus obligaciones del SIROC, ICSOE, SUA y N\u00f3mina derivadas del REPSE y que originan una auditoria por parte del IMSS.","breadcrumb":{"@id":"https:\/\/asesoriaimssconstruccionycursos.mx\/SIROC-IMSS-2023\/curso-fiscalizacion-del-imss-a-constructoras-2\/#breadcrumb"},"inLanguage":"es","potentialAction":[{"@type":"ReadAction","target":["https:\/\/asesoriaimssconstruccionycursos.mx\/SIROC-IMSS-2023\/curso-fiscalizacion-del-imss-a-constructoras-2\/"]}]},{"@type":"BreadcrumbList","@id":"https:\/\/asesoriaimssconstruccionycursos.mx\/SIROC-IMSS-2023\/curso-fiscalizacion-del-imss-a-constructoras-2\/#breadcrumb","itemListElement":[{"@type":"ListItem","position":1,"name":"Inicio","item":"https:\/\/asesoriaimssconstruccionycursos.mx\/SIROC-IMSS-2023\/"},{"@type":"ListItem","position":2,"name":"Fiscalizaci\u00f3n del IMSS a Constructoras por el mal llenado de SIROC, SUA e ICSOE"}]},{"@type":"WebSite","@id":"https:\/\/asesoriaimssconstruccionycursos.mx\/SIROC-IMSS-2023\/#website","url":"https:\/\/asesoriaimssconstruccionycursos.mx\/SIROC-IMSS-2023\/","name":"Asesor\u00eda y Cursos SIROC IMSS","description":"Brindamos Asesor\u00eda Fiscal y Contable","publisher":{"@id":"https:\/\/asesoriaimssconstruccionycursos.mx\/SIROC-IMSS-2023\/#organization"},"potentialAction":[{"@type":"SearchAction","target":{"@type":"EntryPoint","urlTemplate":"https:\/\/asesoriaimssconstruccionycursos.mx\/SIROC-IMSS-2023\/?s={search_term_string}"},"query-input":"required name=search_term_string"}],"inLanguage":"es"},{"@type":"Organization","@id":"https:\/\/asesoriaimssconstruccionycursos.mx\/SIROC-IMSS-2023\/#organization","name":"Asesoria IMSS Construcci\u00f3n Cursos y Capacitaci\u00f3n","alternateName":"Asesoria IMSS Construcci\u00f3n","url":"https:\/\/asesoriaimssconstruccionycursos.mx\/SIROC-IMSS-2023\/","logo":{"@type":"ImageObject","inLanguage":"es","@id":"https:\/\/asesoriaimssconstruccionycursos.mx\/SIROC-IMSS-2023\/#\/schema\/logo\/image\/","url":"https:\/\/asesoriaimssconstruccionycursos.mx\/SIROC-IMSS-2023\/wp-content\/uploads\/2023\/08\/asesoria-imss-costruccion.jpg","contentUrl":"https:\/\/asesoriaimssconstruccionycursos.mx\/SIROC-IMSS-2023\/wp-content\/uploads\/2023\/08\/asesoria-imss-costruccion.jpg","width":300,"height":300,"caption":"Asesoria IMSS Construcci\u00f3n Cursos y Capacitaci\u00f3n"},"image":{"@id":"https:\/\/asesoriaimssconstruccionycursos.mx\/SIROC-IMSS-2023\/#\/schema\/logo\/image\/"},"sameAs":["https:\/\/www.facebook.com\/CapacitacionFiscalyParaConstructoras\/","https:\/\/twitter.com\/GMcapacitacion1","https:\/\/www.linkedin.com\/in\/emmanuel-ramos-g-00b98846","https:\/\/www.youtube.com\/@asesoriaycursosimssconssiroc"]}]}},"_links":{"self":[{"href":"https:\/\/asesoriaimssconstruccionycursos.mx\/SIROC-IMSS-2023\/wp-json\/wp\/v2\/pages\/184","targetHints":{"allow":["GET"]}}],"collection":[{"href":"https:\/\/asesoriaimssconstruccionycursos.mx\/SIROC-IMSS-2023\/wp-json\/wp\/v2\/pages"}],"about":[{"href":"https:\/\/asesoriaimssconstruccionycursos.mx\/SIROC-IMSS-2023\/wp-json\/wp\/v2\/types\/page"}],"author":[{"embeddable":true,"href":"https:\/\/asesoriaimssconstruccionycursos.mx\/SIROC-IMSS-2023\/wp-json\/wp\/v2\/users\/1"}],"replies":[{"embeddable":true,"href":"https:\/\/asesoriaimssconstruccionycursos.mx\/SIROC-IMSS-2023\/wp-json\/wp\/v2\/comments?post=184"}],"version-history":[{"count":7,"href":"https:\/\/asesoriaimssconstruccionycursos.mx\/SIROC-IMSS-2023\/wp-json\/wp\/v2\/pages\/184\/revisions"}],"predecessor-version":[{"id":796,"href":"https:\/\/asesoriaimssconstruccionycursos.mx\/SIROC-IMSS-2023\/wp-json\/wp\/v2\/pages\/184\/revisions\/796"}],"wp:attachment":[{"href":"https:\/\/asesoriaimssconstruccionycursos.mx\/SIROC-IMSS-2023\/wp-json\/wp\/v2\/media?parent=184"}],"wp:term":[{"taxonomy":"category","embeddable":true,"href":"https:\/\/asesoriaimssconstruccionycursos.mx\/SIROC-IMSS-2023\/wp-json\/wp\/v2\/categories?post=184"},{"taxonomy":"post_tag","embeddable":true,"href":"https:\/\/asesoriaimssconstruccionycursos.mx\/SIROC-IMSS-2023\/wp-json\/wp\/v2\/tags?post=184"}],"curies":[{"name":"wp","href":"https:\/\/api.w.org\/{rel}","templated":true}]}}