{"id":188,"date":"2023-05-25T15:02:21","date_gmt":"2023-05-25T15:02:21","guid":{"rendered":"https:\/\/asesoriaimssconstruccionycursos.mx\/SIROC-IMSS-2023\/curso-siroc-imss-copy-2-copy-copy-copy-copy-copy-copy\/"},"modified":"2023-11-18T19:08:53","modified_gmt":"2023-11-18T19:08:53","slug":"siroc-y-controles-para-constructoras-con-repse","status":"publish","type":"page","link":"https:\/\/asesoriaimssconstruccionycursos.mx\/SIROC-IMSS-2023\/siroc-y-controles-para-constructoras-con-repse\/","title":{"rendered":"single page Reformas SIROC y Controles para Constructoras con REPSE"},"content":{"rendered":"\r\n<p><\/p>\r\n<p><\/p>\r\n<p><strong>FECHA<\/strong>: 1\u00ba de Agosto 2023<\/p>\r\n<p>\r\n\r\n<\/p>\r\n<p><strong>HORARIO<\/strong>: <strong>16:00 a 21:00 hrs<\/strong><\/p>\r\n<p>\r\n\r\n<\/p>\r\n<p><strong>DURACI\u00d3N<\/strong>: 5:00 Horas.<\/p>\r\n<p>\r\n\r\n<\/p>\r\n<p><strong>CIUDAD SEDE<\/strong>: CDMX<\/p>\r\n<p>\r\n\r\n<\/p>\r\n<p><strong>Pr\u00f3ximas Ciudades:\u00a0<\/strong>\u00a0Monterrey, Guadalajara, M\u00e9rida, Tijuana, Puebla, Le\u00f3n, Quer\u00e9taro, Veracruz, Tuxtla Guti\u00e9rrez.<\/p>\r\n<p>\r\n\r\n<\/p>\r\n<p><strong>Nivel de Complejidad<\/strong> : Intermedios y Avanzados<\/p>\r\n<p>\r\n\r\n<\/p>\r\n<hr class=\"wp-block-separator has-css-opacity\" \/>\r\n<p>\r\n\r\n<\/p>\r\n<p><strong>MODO DE CURSO:\u00a0<\/strong><\/p>\r\n<p>\r\n\r\n<\/p>\r\n<p>Presencial: \u00a0<strong>$ 1,850.00 MXN. Incluye IVA<\/strong><\/p>\r\n<p>\r\n\r\n<\/p>\r\n<p><strong>INCLUYE<\/strong>: Material Digital, Diploma Digital.<\/p>\r\n<p>\r\n\r\n<\/p>\r\n<p><strong>E-learning<\/strong> <strong>ZOOM<\/strong>: <strong>$ 1,450.00 MXN. Incluye IVA<\/strong><\/p>\r\n<p>\r\n\r\n<\/p>\r\n<p><a href=\"https:\/\/cursos.capacitacionfiscalyconstructoras.mx\/y-controles-constructoras-repse\" target=\"_blank\" rel=\"noreferrer noopener\"><strong>Video Curso<\/strong>:<\/a> <strong>$ 1,45.00 MXN. Incluye IVA<\/strong><\/p>\r\n<p>\r\n\r\n<\/p>\r\n<p><strong>Promoci\u00f3n: n\/a<\/strong><\/p>\r\n<p>\r\n\r\n<\/p>\r\n<p><strong>PR\u00d3XIMOS CURSOS, <a href=\"https:\/\/cursos.capacitacionfiscalyconstructoras.mx\/cursos-e-learning\">E-learning (Via Zoom)\u00a0<\/a><\/strong><\/p>\r\n<p><\/p>\r\n<p><\/p>\r\n<p><strong>MODO DE CURSO:\u00a0<\/strong>\u00a0E-Learning (En vivo desde tu PC).<\/p>\r\n<p>\r\n\r\n<\/p>\r\n<p><strong>DIRIGIDO:<\/strong>\u00a0Contadores, Auxiliares Contables, Auditores, Fiscalistas, Gerentes de Obra, Contratistas y Subcontratistas.<\/p>\r\n<p>\r\n\r\n<\/p>\r\n<p>\u00a0<strong>OBJETIVO:<\/strong>\u00a0El participante conocer\u00e1 el manejo de la plataforma SIROC, para presentar avisos de obra y sus incidencias, conocer\u00e1 el motor de consulta que tiene la plataforma para facilitar los controles, incluyendo los cambios al SIROC derivado de la reforma de subcontrataci\u00f3n para constructoras con REPSE.<\/p>\r\n<p>\r\n\r\n<\/p>\r\n<p><strong>Quiero asistir a este curso:\u00a0<\/strong><a href=\"https:\/\/asesoriaimssconstruccionycursos.mx\/nosotros\/curso-reformas-al-siroc-y-controles-para-constructoras-con-repse-2022\/\">Aqu\u00ed.<\/a><\/p>\r\n<p>\r\n\r\n<\/p>\r\n<p><strong>Quiero conocer m\u00e1s sobre el tema de SIROC y REPSE<\/strong>: \u00a0<a href=\"http:\/\/www.sideimss.mx\/\"><strong>Aqu\u00ed<\/strong><\/a><strong>.<\/strong><\/p>\r\n<p>\r\n\r\n<\/p>\r\n<p><strong>\u00bfQUIERES LLEVAR ESTE CURSO A TU EMPRESA?\u00a0<\/strong>M\u00e1ndanos tus datos\u00a0\u00a0y un ejecutivo se pondr\u00e1 en contacto a la brevedad\u00a0<strong>\u00a0<a href=\"https:\/\/asesoriaimssconstruccionycursos.mx\/nosotros\/curso-empresarial-reformas-al-siroc-y-controles-para-constructoras-con-repse-2022\/\">Aqu\u00ed<\/a>.<\/strong>\u00a0\u00a0(M\u00ednimo 5 Participantes en Zoom o Presencial)<\/p>\r\n<p>\r\n\r\n<\/p>\r\n<hr class=\"wp-block-separator has-css-opacity\" \/>\r\n<p>\r\n\r\n<\/p>\r\n<p>\u00a0<strong>TEMARIO:<\/strong>\u00a0<\/p>\r\n<p>\r\n\r\n<\/p>\r\n<p><strong>1) Aspectos a Considerar del REPSE para empresas de la Construcci\u00f3n<\/strong>.<\/p>\r\n<p>\r\n\r\n<\/p>\r\n<p><strong>2) Opiniones de Cumplimiento para autorizaci\u00f3n de REPSE<\/strong>.<\/p>\r\n<p>\r\n\r\n<\/p>\r\n<p><strong>3) Presentaci\u00f3n de Avisos de Obra por medio de SIROC IMSS<\/strong>.<\/p>\r\n<p>\r\n\r\n<\/p>\r\n<p><strong>3) Tipos de Incidencias de Obra y como presentarlas en SIROC<\/strong>.<\/p>\r\n<p>\r\n\r\n<\/p>\r\n<p><strong>\u00a0\u00a0\u00a0\u00a0\u00a0\u00a0\u00a0\u00a0 a) Suspensi\u00f3n<\/strong>.<\/p>\r\n<p>\r\n\r\n<\/p>\r\n<p><strong>\u00a0\u00a0\u00a0\u00a0\u00a0\u00a0\u00a0\u00a0 b) Reanudaci\u00f3n<\/strong>.<\/p>\r\n<p>\r\n\r\n<\/p>\r\n<p><strong>\u00a0\u00a0\u00a0\u00a0\u00a0\u00a0\u00a0\u00a0 c) Cancelaci\u00f3n<\/strong>.<\/p>\r\n<p>\r\n\r\n<\/p>\r\n<p><strong>\u00a0\u00a0\u00a0\u00a0\u00a0\u00a0\u00a0\u00a0 d) Actualizaci\u00f3n<\/strong>.<\/p>\r\n<p>\r\n\r\n<\/p>\r\n<p><strong>\u00a0\u00a0\u00a0\u00a0\u00a0\u00a0\u00a0\u00a0 e) Reporte Bimestral<\/strong>.<\/p>\r\n<p>\r\n\r\n<\/p>\r\n<p><strong>\u00a0\u00a0\u00a0\u00a0\u00a0\u00a0\u00a0\u00a0 f) Terminaci\u00f3n<\/strong>.<\/p>\r\n<p>\r\n\r\n<\/p>\r\n<p><strong>4) Documentaci\u00f3n Soporte para Avisos e Incidencias<\/strong>.<\/p>\r\n<p>\r\n\r\n<\/p>\r\n<p><strong>5) Motor de Consultas del SIROC<\/strong>.<\/p>\r\n<p>\r\n\r\n<\/p>\r\n<p><strong>6) Candados inform\u00e1ticos de la plataforma<\/strong>.<\/p>\r\n<p>\r\n\r\n<\/p>\r\n<p><strong>7) Cambios al SIROC publicados para Constructoras con REPSE<\/strong>.<\/p>\r\n<p>\r\n\r\n<\/p>\r\n<p><strong>8) Control y Cruce de informaci\u00f3n entre SIROC \u2013 ICSOE \u2013 SISUB &#8211; REPSE<\/strong>.<\/p>\r\n<p>\r\n\r\n<\/p>\r\n<p><strong>9) Control de Subcontratistas con REPSE<\/strong>.<\/p>\r\n<p>\r\n\r\n<\/p>\r\n<p><strong>10) Conclusiones y Recomendaciones<\/strong>.<\/p>\r\n<p><\/p>\r\n<div id=\"block-0694b1e4-b7a5-449b-a74c-c231cd0cc0ab\" class=\"wp-block block-editor-block-list__block has-selected-ui\" tabindex=\"0\" role=\"group\" data-block=\"0694b1e4-b7a5-449b-a74c-c231cd0cc0ab\" data-type=\"core\/paragraph\" aria-label=\"Bloque: P\u00e1rrafo\">\r\n<p class=\"rich-text block-editor-rich-text__editable wp-block-paragraph has-text-align-center\" style=\"text-align: center;\" role=\"textbox\" aria-multiline=\"true\" aria-label=\"Bloque de p\u00e1rrafo\"><img loading=\"lazy\" decoding=\"async\" class=\"aligncenter\" src=\"https:\/\/lh6.googleusercontent.com\/c3B4XEVwUKrPSrOcJC9Qy8rZGLOjwpImtaQmz1EfaD4MOBhr4iGaKoM2BO3zm8JiaB4aspIQSNMuDNcDQb4cx9Txrmhtt6b-ExuK6d5mLQrmSlMCpAeDmN6zKm40pMD452zLOpaauJ_8UGImc3t9dw\" width=\"29\" height=\"29\" \/>Reservar al\u00a055 <a href=\"tel:56091723\">56 09 17 23<\/a><\/p>\r\n<\/div>\r\n<div id=\"block-575212a5-19d1-4134-af54-622cc467cde8\" class=\"wp-block block-editor-block-list__block has-selected-ui\" style=\"text-align: center;\" tabindex=\"0\" role=\"group\" data-block=\"575212a5-19d1-4134-af54-622cc467cde8\" data-type=\"core\/paragraph\" aria-label=\"Bloque: P\u00e1rrafo\">\r\n<p class=\"rich-text block-editor-rich-text__editable wp-block-paragraph has-text-align-center\" role=\"textbox\" aria-multiline=\"true\" aria-label=\"Bloque de p\u00e1rrafo\">o M\u00e1ndanos un<\/p>\r\n<\/div>\r\n<div id=\"block-cfc13143-aa63-4644-a8bd-039e68e524ee\" class=\"wp-block block-editor-block-list__block has-selected-ui\" style=\"text-align: center;\" tabindex=\"0\" role=\"group\" data-block=\"cfc13143-aa63-4644-a8bd-039e68e524ee\" data-type=\"core\/paragraph\" aria-label=\"Bloque: P\u00e1rrafo\">\r\n<p class=\"rich-text block-editor-rich-text__editable wp-block-paragraph has-text-align-center\" role=\"textbox\" aria-multiline=\"true\" aria-label=\"Bloque de p\u00e1rrafo\"><img loading=\"lazy\" decoding=\"async\" src=\"https:\/\/lh4.googleusercontent.com\/N6ilznbQ69aR9A0jxzX29CKAliJu5Gwu3CGW6akpI9aTfk0r-TQN_howeawnf8G_yG1eIgFPS9Xs39PMch5a_HBg4pv1EiGCwP0Sr2O72WiZqZ-ErzA-z3lUBvmrlf_PUHVLcwchwmevYb2zQClGtA\" width=\"28\" height=\"28\" \/>\u00a0WhatsApp \u00a0<strong>5532510233<\/strong><\/p>\r\n<\/div>\r\n<div class=\"block-list-appender\" style=\"text-align: center;\" tabindex=\"-1\">\u00a0<\/div>\r\n<p><!-- \/wp:post-content -->\r\n\r\n<!-- wp:paragraph \/--><\/p>\r\n<!-- \/wp:paragraph -->\r\n\r\n<!-- wp:paragraph --><!-- \/wp:paragraph -->","protected":false},"excerpt":{"rendered":"<p>FECHA: 1\u00ba de Agosto 2023 HORARIO: 16:00 a 21:00 hrs DURACI\u00d3N: 5:00 Horas. CIUDAD SEDE: CDMX Pr\u00f3ximas Ciudades:\u00a0\u00a0Monterrey, Guadalajara, M\u00e9rida, Tijuana, Puebla, Le\u00f3n, Quer\u00e9taro, Veracruz, Tuxtla Guti\u00e9rrez. Nivel de Complejidad : Intermedios y Avanzados MODO DE CURSO:\u00a0 Presencial: \u00a0$ 1,850.00 MXN. Incluye IVA INCLUYE: Material Digital, Diploma Digital. E-learning ZOOM: $ 1,450.00 MXN. Incluye IVA [&hellip;]<\/p>\n","protected":false},"author":1,"featured_media":0,"parent":0,"menu_order":0,"comment_status":"closed","ping_status":"closed","template":"","meta":{"footnotes":""},"categories":[],"tags":[],"class_list":["post-188","page","type-page","status-publish","hentry"],"yoast_head":"<!-- This site is optimized with the Yoast SEO plugin v21.7 - https:\/\/yoast.com\/wordpress\/plugins\/seo\/ -->\n<title>single page Reformas SIROC y Controles para Constructoras con REPSE - Asesor\u00eda y Cursos SIROC IMSS<\/title>\n<meta name=\"description\" content=\"El participante conocer\u00e1 el manejo de la plataforma SIROC, para presentar avisos de obra y sus incidencias, conocer\u00e1 el motor de consulta que tiene la plataforma para facilitar los controles, incluyendo los cambios al SIROC derivado de la reforma de subcontrataci\u00f3n para constructoras con REPSE.\" \/>\n<meta name=\"robots\" content=\"index, follow, max-snippet:-1, max-image-preview:large, max-video-preview:-1\" \/>\n<link rel=\"canonical\" href=\"https:\/\/asesoriaimssconstruccionycursos.mx\/SIROC-IMSS-2023\/siroc-y-controles-para-constructoras-con-repse\/\" \/>\n<meta property=\"og:locale\" content=\"es_MX\" \/>\n<meta property=\"og:type\" content=\"article\" \/>\n<meta property=\"og:title\" content=\"SIROC y Controles para Constructoras con REPSE\" \/>\n<meta property=\"og:description\" content=\"El participante conocer\u00e1 el manejo de la plataforma SIROC, para presentar avisos de obra y sus incidencias, conocer\u00e1 el motor de consulta que tiene la plataforma para facilitar los controles, incluyendo los cambios al SIROC derivado de la reforma de subcontrataci\u00f3n para constructoras con REPSE.\" \/>\n<meta property=\"og:url\" content=\"https:\/\/asesoriaimssconstruccionycursos.mx\/SIROC-IMSS-2023\/siroc-y-controles-para-constructoras-con-repse\/\" \/>\n<meta property=\"og:site_name\" content=\"Asesor\u00eda y Cursos SIROC IMSS\" \/>\n<meta property=\"article:publisher\" content=\"https:\/\/www.facebook.com\/CapacitacionFiscalyParaConstructoras\/\" \/>\n<meta property=\"article:modified_time\" content=\"2023-11-18T19:08:53+00:00\" \/>\n<meta property=\"og:image\" content=\"https:\/\/asesoriaimssconstruccionycursos.mx\/SIROC-IMSS-2023\/wp-content\/uploads\/2023\/05\/REFORMAS-AL-SIROC.png\" \/>\n\t<meta property=\"og:image:width\" content=\"800\" \/>\n\t<meta property=\"og:image:height\" content=\"800\" \/>\n\t<meta property=\"og:image:type\" content=\"image\/png\" \/>\n<meta name=\"twitter:card\" content=\"summary_large_image\" \/>\n<meta name=\"twitter:title\" content=\"SIROC y Controles para Constructoras con REPSE\" \/>\n<meta name=\"twitter:description\" content=\"El participante conocer\u00e1 el manejo de la plataforma SIROC, para presentar avisos de obra y sus incidencias, conocer\u00e1 el motor de consulta que tiene la plataforma para facilitar los controles, incluyendo los cambios al SIROC derivado de la reforma de subcontrataci\u00f3n para constructoras con REPSE.\" \/>\n<meta name=\"twitter:image\" content=\"https:\/\/asesoriaimssconstruccionycursos.mx\/SIROC-IMSS-2023\/wp-content\/uploads\/2023\/05\/REFORMAS-AL-SIROC.png\" \/>\n<meta name=\"twitter:site\" content=\"@GMcapacitacion1\" \/>\n<meta name=\"twitter:label1\" content=\"Tiempo de lectura\" \/>\n\t<meta name=\"twitter:data1\" content=\"2 minutos\" \/>\n<script type=\"application\/ld+json\" class=\"yoast-schema-graph\">{\"@context\":\"https:\/\/schema.org\",\"@graph\":[{\"@type\":\"WebPage\",\"@id\":\"https:\/\/asesoriaimssconstruccionycursos.mx\/SIROC-IMSS-2023\/siroc-y-controles-para-constructoras-con-repse\/\",\"url\":\"https:\/\/asesoriaimssconstruccionycursos.mx\/SIROC-IMSS-2023\/siroc-y-controles-para-constructoras-con-repse\/\",\"name\":\"single page Reformas SIROC y Controles para Constructoras con REPSE - Asesor\u00eda y Cursos SIROC IMSS\",\"isPartOf\":{\"@id\":\"https:\/\/asesoriaimssconstruccionycursos.mx\/SIROC-IMSS-2023\/#website\"},\"datePublished\":\"2023-05-25T15:02:21+00:00\",\"dateModified\":\"2023-11-18T19:08:53+00:00\",\"description\":\"El participante conocer\u00e1 el manejo de la plataforma SIROC, para presentar avisos de obra y sus incidencias, conocer\u00e1 el motor de consulta que tiene la plataforma para facilitar los controles, incluyendo los cambios al SIROC derivado de la reforma de subcontrataci\u00f3n para constructoras con REPSE.\",\"breadcrumb\":{\"@id\":\"https:\/\/asesoriaimssconstruccionycursos.mx\/SIROC-IMSS-2023\/siroc-y-controles-para-constructoras-con-repse\/#breadcrumb\"},\"inLanguage\":\"es\",\"potentialAction\":[{\"@type\":\"ReadAction\",\"target\":[\"https:\/\/asesoriaimssconstruccionycursos.mx\/SIROC-IMSS-2023\/siroc-y-controles-para-constructoras-con-repse\/\"]}]},{\"@type\":\"BreadcrumbList\",\"@id\":\"https:\/\/asesoriaimssconstruccionycursos.mx\/SIROC-IMSS-2023\/siroc-y-controles-para-constructoras-con-repse\/#breadcrumb\",\"itemListElement\":[{\"@type\":\"ListItem\",\"position\":1,\"name\":\"Inicio\",\"item\":\"https:\/\/asesoriaimssconstruccionycursos.mx\/SIROC-IMSS-2023\/\"},{\"@type\":\"ListItem\",\"position\":2,\"name\":\"single page Reformas SIROC y Controles para Constructoras con REPSE\"}]},{\"@type\":\"WebSite\",\"@id\":\"https:\/\/asesoriaimssconstruccionycursos.mx\/SIROC-IMSS-2023\/#website\",\"url\":\"https:\/\/asesoriaimssconstruccionycursos.mx\/SIROC-IMSS-2023\/\",\"name\":\"Asesor\u00eda y Cursos SIROC IMSS\",\"description\":\"Brindamos Asesor\u00eda Fiscal y Contable\",\"publisher\":{\"@id\":\"https:\/\/asesoriaimssconstruccionycursos.mx\/SIROC-IMSS-2023\/#organization\"},\"potentialAction\":[{\"@type\":\"SearchAction\",\"target\":{\"@type\":\"EntryPoint\",\"urlTemplate\":\"https:\/\/asesoriaimssconstruccionycursos.mx\/SIROC-IMSS-2023\/?s={search_term_string}\"},\"query-input\":\"required name=search_term_string\"}],\"inLanguage\":\"es\"},{\"@type\":\"Organization\",\"@id\":\"https:\/\/asesoriaimssconstruccionycursos.mx\/SIROC-IMSS-2023\/#organization\",\"name\":\"Asesoria IMSS Construcci\u00f3n Cursos y Capacitaci\u00f3n\",\"alternateName\":\"Asesoria IMSS Construcci\u00f3n\",\"url\":\"https:\/\/asesoriaimssconstruccionycursos.mx\/SIROC-IMSS-2023\/\",\"logo\":{\"@type\":\"ImageObject\",\"inLanguage\":\"es\",\"@id\":\"https:\/\/asesoriaimssconstruccionycursos.mx\/SIROC-IMSS-2023\/#\/schema\/logo\/image\/\",\"url\":\"https:\/\/asesoriaimssconstruccionycursos.mx\/SIROC-IMSS-2023\/wp-content\/uploads\/2023\/08\/asesoria-imss-costruccion.jpg\",\"contentUrl\":\"https:\/\/asesoriaimssconstruccionycursos.mx\/SIROC-IMSS-2023\/wp-content\/uploads\/2023\/08\/asesoria-imss-costruccion.jpg\",\"width\":300,\"height\":300,\"caption\":\"Asesoria IMSS Construcci\u00f3n Cursos y Capacitaci\u00f3n\"},\"image\":{\"@id\":\"https:\/\/asesoriaimssconstruccionycursos.mx\/SIROC-IMSS-2023\/#\/schema\/logo\/image\/\"},\"sameAs\":[\"https:\/\/www.facebook.com\/CapacitacionFiscalyParaConstructoras\/\",\"https:\/\/twitter.com\/GMcapacitacion1\",\"https:\/\/www.linkedin.com\/in\/emmanuel-ramos-g-00b98846\",\"https:\/\/www.youtube.com\/@asesoriaycursosimssconssiroc\"]}]}<\/script>\n<!-- \/ Yoast SEO plugin. -->","yoast_head_json":{"title":"single page Reformas SIROC y Controles para Constructoras con REPSE - Asesor\u00eda y Cursos SIROC IMSS","description":"El participante conocer\u00e1 el manejo de la plataforma SIROC, para presentar avisos de obra y sus incidencias, conocer\u00e1 el motor de consulta que tiene la plataforma para facilitar los controles, incluyendo los cambios al SIROC derivado de la reforma de subcontrataci\u00f3n para constructoras con REPSE.","robots":{"index":"index","follow":"follow","max-snippet":"max-snippet:-1","max-image-preview":"max-image-preview:large","max-video-preview":"max-video-preview:-1"},"canonical":"https:\/\/asesoriaimssconstruccionycursos.mx\/SIROC-IMSS-2023\/siroc-y-controles-para-constructoras-con-repse\/","og_locale":"es_MX","og_type":"article","og_title":"SIROC y Controles para Constructoras con REPSE","og_description":"El participante conocer\u00e1 el manejo de la plataforma SIROC, para presentar avisos de obra y sus incidencias, conocer\u00e1 el motor de consulta que tiene la plataforma para facilitar los controles, incluyendo los cambios al SIROC derivado de la reforma de subcontrataci\u00f3n para constructoras con REPSE.","og_url":"https:\/\/asesoriaimssconstruccionycursos.mx\/SIROC-IMSS-2023\/siroc-y-controles-para-constructoras-con-repse\/","og_site_name":"Asesor\u00eda y Cursos SIROC IMSS","article_publisher":"https:\/\/www.facebook.com\/CapacitacionFiscalyParaConstructoras\/","article_modified_time":"2023-11-18T19:08:53+00:00","og_image":[{"width":800,"height":800,"url":"https:\/\/asesoriaimssconstruccionycursos.mx\/SIROC-IMSS-2023\/wp-content\/uploads\/2023\/05\/REFORMAS-AL-SIROC.png","type":"image\/png"}],"twitter_card":"summary_large_image","twitter_title":"SIROC y Controles para Constructoras con REPSE","twitter_description":"El participante conocer\u00e1 el manejo de la plataforma SIROC, para presentar avisos de obra y sus incidencias, conocer\u00e1 el motor de consulta que tiene la plataforma para facilitar los controles, incluyendo los cambios al SIROC derivado de la reforma de subcontrataci\u00f3n para constructoras con REPSE.","twitter_image":"https:\/\/asesoriaimssconstruccionycursos.mx\/SIROC-IMSS-2023\/wp-content\/uploads\/2023\/05\/REFORMAS-AL-SIROC.png","twitter_site":"@GMcapacitacion1","twitter_misc":{"Tiempo de lectura":"2 minutos"},"schema":{"@context":"https:\/\/schema.org","@graph":[{"@type":"WebPage","@id":"https:\/\/asesoriaimssconstruccionycursos.mx\/SIROC-IMSS-2023\/siroc-y-controles-para-constructoras-con-repse\/","url":"https:\/\/asesoriaimssconstruccionycursos.mx\/SIROC-IMSS-2023\/siroc-y-controles-para-constructoras-con-repse\/","name":"single page Reformas SIROC y Controles para Constructoras con REPSE - Asesor\u00eda y Cursos SIROC IMSS","isPartOf":{"@id":"https:\/\/asesoriaimssconstruccionycursos.mx\/SIROC-IMSS-2023\/#website"},"datePublished":"2023-05-25T15:02:21+00:00","dateModified":"2023-11-18T19:08:53+00:00","description":"El participante conocer\u00e1 el manejo de la plataforma SIROC, para presentar avisos de obra y sus incidencias, conocer\u00e1 el motor de consulta que tiene la plataforma para facilitar los controles, incluyendo los cambios al SIROC derivado de la reforma de subcontrataci\u00f3n para constructoras con REPSE.","breadcrumb":{"@id":"https:\/\/asesoriaimssconstruccionycursos.mx\/SIROC-IMSS-2023\/siroc-y-controles-para-constructoras-con-repse\/#breadcrumb"},"inLanguage":"es","potentialAction":[{"@type":"ReadAction","target":["https:\/\/asesoriaimssconstruccionycursos.mx\/SIROC-IMSS-2023\/siroc-y-controles-para-constructoras-con-repse\/"]}]},{"@type":"BreadcrumbList","@id":"https:\/\/asesoriaimssconstruccionycursos.mx\/SIROC-IMSS-2023\/siroc-y-controles-para-constructoras-con-repse\/#breadcrumb","itemListElement":[{"@type":"ListItem","position":1,"name":"Inicio","item":"https:\/\/asesoriaimssconstruccionycursos.mx\/SIROC-IMSS-2023\/"},{"@type":"ListItem","position":2,"name":"single page Reformas SIROC y Controles para Constructoras con REPSE"}]},{"@type":"WebSite","@id":"https:\/\/asesoriaimssconstruccionycursos.mx\/SIROC-IMSS-2023\/#website","url":"https:\/\/asesoriaimssconstruccionycursos.mx\/SIROC-IMSS-2023\/","name":"Asesor\u00eda y Cursos SIROC IMSS","description":"Brindamos Asesor\u00eda Fiscal y Contable","publisher":{"@id":"https:\/\/asesoriaimssconstruccionycursos.mx\/SIROC-IMSS-2023\/#organization"},"potentialAction":[{"@type":"SearchAction","target":{"@type":"EntryPoint","urlTemplate":"https:\/\/asesoriaimssconstruccionycursos.mx\/SIROC-IMSS-2023\/?s={search_term_string}"},"query-input":"required name=search_term_string"}],"inLanguage":"es"},{"@type":"Organization","@id":"https:\/\/asesoriaimssconstruccionycursos.mx\/SIROC-IMSS-2023\/#organization","name":"Asesoria IMSS Construcci\u00f3n Cursos y Capacitaci\u00f3n","alternateName":"Asesoria IMSS Construcci\u00f3n","url":"https:\/\/asesoriaimssconstruccionycursos.mx\/SIROC-IMSS-2023\/","logo":{"@type":"ImageObject","inLanguage":"es","@id":"https:\/\/asesoriaimssconstruccionycursos.mx\/SIROC-IMSS-2023\/#\/schema\/logo\/image\/","url":"https:\/\/asesoriaimssconstruccionycursos.mx\/SIROC-IMSS-2023\/wp-content\/uploads\/2023\/08\/asesoria-imss-costruccion.jpg","contentUrl":"https:\/\/asesoriaimssconstruccionycursos.mx\/SIROC-IMSS-2023\/wp-content\/uploads\/2023\/08\/asesoria-imss-costruccion.jpg","width":300,"height":300,"caption":"Asesoria IMSS Construcci\u00f3n Cursos y Capacitaci\u00f3n"},"image":{"@id":"https:\/\/asesoriaimssconstruccionycursos.mx\/SIROC-IMSS-2023\/#\/schema\/logo\/image\/"},"sameAs":["https:\/\/www.facebook.com\/CapacitacionFiscalyParaConstructoras\/","https:\/\/twitter.com\/GMcapacitacion1","https:\/\/www.linkedin.com\/in\/emmanuel-ramos-g-00b98846","https:\/\/www.youtube.com\/@asesoriaycursosimssconssiroc"]}]}},"_links":{"self":[{"href":"https:\/\/asesoriaimssconstruccionycursos.mx\/SIROC-IMSS-2023\/wp-json\/wp\/v2\/pages\/188","targetHints":{"allow":["GET"]}}],"collection":[{"href":"https:\/\/asesoriaimssconstruccionycursos.mx\/SIROC-IMSS-2023\/wp-json\/wp\/v2\/pages"}],"about":[{"href":"https:\/\/asesoriaimssconstruccionycursos.mx\/SIROC-IMSS-2023\/wp-json\/wp\/v2\/types\/page"}],"author":[{"embeddable":true,"href":"https:\/\/asesoriaimssconstruccionycursos.mx\/SIROC-IMSS-2023\/wp-json\/wp\/v2\/users\/1"}],"replies":[{"embeddable":true,"href":"https:\/\/asesoriaimssconstruccionycursos.mx\/SIROC-IMSS-2023\/wp-json\/wp\/v2\/comments?post=188"}],"version-history":[{"count":6,"href":"https:\/\/asesoriaimssconstruccionycursos.mx\/SIROC-IMSS-2023\/wp-json\/wp\/v2\/pages\/188\/revisions"}],"predecessor-version":[{"id":629,"href":"https:\/\/asesoriaimssconstruccionycursos.mx\/SIROC-IMSS-2023\/wp-json\/wp\/v2\/pages\/188\/revisions\/629"}],"wp:attachment":[{"href":"https:\/\/asesoriaimssconstruccionycursos.mx\/SIROC-IMSS-2023\/wp-json\/wp\/v2\/media?parent=188"}],"wp:term":[{"taxonomy":"category","embeddable":true,"href":"https:\/\/asesoriaimssconstruccionycursos.mx\/SIROC-IMSS-2023\/wp-json\/wp\/v2\/categories?post=188"},{"taxonomy":"post_tag","embeddable":true,"href":"https:\/\/asesoriaimssconstruccionycursos.mx\/SIROC-IMSS-2023\/wp-json\/wp\/v2\/tags?post=188"}],"curies":[{"name":"wp","href":"https:\/\/api.w.org\/{rel}","templated":true}]}}