{"id":189,"date":"2023-05-25T15:02:32","date_gmt":"2023-05-25T15:02:32","guid":{"rendered":"https:\/\/asesoriaimssconstruccionycursos.mx\/SIROC-IMSS-2023\/curso-siroc-imss-copy-2-copy-copy-copy-copy-copy-copy-copy\/"},"modified":"2024-03-28T19:40:56","modified_gmt":"2024-03-28T19:40:56","slug":"curso-invitaciones-a-correccion-patronal-2","status":"publish","type":"page","link":"https:\/\/asesoriaimssconstruccionycursos.mx\/SIROC-IMSS-2023\/curso-invitaciones-a-correccion-patronal-2\/","title":{"rendered":"INVITACIONES A CORRECCION PATRONAL"},"content":{"rendered":"\r\n<p><strong>FECHA:<\/strong>\u00a0<\/p>\r\n<p><!-- \/wp:post-content -->\r\n\r\n<!-- wp:paragraph --><\/p>\r\n<p><strong>HORARIO:\u00a0<\/strong><\/p>\r\n<p><!-- \/wp:paragraph -->\r\n\r\n<!-- wp:paragraph --><\/p>\r\n<p><strong>DURACI\u00d3N:<\/strong> 5 Horas.<\/p>\r\n<p><!-- \/wp:paragraph -->\r\n\r\n<!-- wp:paragraph --><\/p>\r\n<p><strong>CIUDAD SEDE:<\/strong> CDMX. (COL.DEL VALLE)<\/p>\r\n<p><!-- \/wp:paragraph -->\r\n\r\n<!-- wp:paragraph --><\/p>\r\n<p><strong>Nivel de Complejidad:<\/strong> Intermedio<\/p>\r\n<p><!-- \/wp:paragraph -->\r\n\r\n<!-- wp:paragraph --><\/p>\r\n<p style=\"font-weight: 400;\"><strong>Costo Presencial:<\/strong> $1,650<\/p>\r\n<p style=\"font-weight: 400;\"><strong>Costo E-learning:<\/strong> $1,450<\/p>\r\n<p style=\"font-weight: 400;\"><strong>Costo Video Curso:<\/strong> $1,160<\/p>\r\n<p><!-- \/wp:paragraph -->\r\n\r\n<!-- wp:paragraph --><\/p>\r\n<p><strong>\u00a0INCLUYE<\/strong>: Material Digital y Diploma Digital<\/p>\r\n<p><!-- \/wp:paragraph -->\r\n\r\n<!-- wp:paragraph --><\/p>\r\n<p>\u00a0<strong>Promoci\u00f3n:<\/strong> Exparticipantes Y Clientes<\/p>\r\n<p><!-- \/wp:paragraph -->\r\n\r\n<!-- wp:paragraph --><\/p>\r\n<p><strong>Pr\u00f3ximas Ciudades<\/strong>: Monterrey, Guadalajara, M\u00e9rida, Tijuana, Puebla,<br \/>Le\u00f3n, Quer\u00e9taro, Veracruz, Tuxtla Guti\u00e9rrez, Pachuca, CDMX.<\/p>\r\n<p><!-- \/wp:paragraph -->\r\n\r\n<!-- wp:separator {\"className\":\"has-css-opacity\"} --><\/p>\r\n<hr class=\"wp-block-separator has-css-opacity\" \/>\r\n<p><!-- \/wp:separator -->\r\n\r\n<!-- wp:paragraph --><\/p>\r\n<p><strong>ESPECIALISTA EN EL TEMA:<\/strong>\u00a0L.C. Emmanuel Ramos G. (<a href=\"https:\/\/asesoriaimssconstruccionycursos.mx\/SIROC-IMSS-2023\/experto-asesor-en-imss-siroc-emmanuel-ramos\/\">VER EXPERIENCIA<\/a>)<\/p>\r\n<p><!-- \/wp:paragraph -->\r\n\r\n<!-- wp:separator {\"className\":\"has-css-opacity\"} --><\/p>\r\n<hr class=\"wp-block-separator has-css-opacity\" \/>\r\n<p><!-- \/wp:separator -->\r\n\r\n<!-- wp:paragraph --><\/p>\r\n<p><strong>\u00a0DIRIGIDO<\/strong>: Contadores, Auxiliares Contables, Auditores, Fiscalistas,<br \/>Gerentes de Obra, Contratistas y Subcontratistas.<\/p>\r\n<p><!-- \/wp:paragraph -->\r\n\r\n<!-- wp:paragraph --><\/p>\r\n<p>\u00a0<strong>OBJETIVO<\/strong>:<\/p>\r\n<p><!-- \/wp:paragraph -->\r\n\r\n<!-- wp:paragraph --><\/p>\r\n<p>\u00a0En este curso el participante conocer\u00e1 como atender las invitaciones<br \/>que emite el IMSS para corregir la clasificaci\u00f3n en el seguro de<br \/>riesgos de trabajo a trav\u00e9s del procedimiento de Correcci\u00f3n Patronal.<br \/>Asimismo, se abordar\u00e1n las principales causas por las que el IMSS<br \/>rectifica la prima de Riesgo y como pueden defenderse lo patrones.<\/p>\r\n<p><!-- \/wp:paragraph -->\r\n\r\n<!-- wp:separator {\"className\":\"has-css-opacity\"} --><\/p>\r\n<hr class=\"wp-block-separator has-css-opacity\" \/>\r\n<p><!-- \/wp:separator -->\r\n\r\n<!-- wp:paragraph --><\/p>\r\n<p><strong>Quiero asistir a este curso:\u00a0<a href=\"https:\/\/cursos.capacitacionfiscalyconstructoras.mx\/correccion-patronal-prima-riesgos-trabajo-imss-2022\" target=\"_blank\" rel=\"noreferrer noopener\">Aqu\u00ed<\/a><\/strong><\/p>\r\n<p><!-- \/wp:paragraph -->\r\n\r\n<!-- wp:paragraph --><\/p>\r\n<p><strong>Quiero conocer m\u00e1s sobre el tema IMSS <\/strong>\u00a0<strong><a href=\"http:\/\/www.sideimss.mx\/\" target=\"_blank\" rel=\"noreferrer noopener\">Aqu\u00ed.<\/a><\/strong><\/p>\r\n<p><!-- \/wp:paragraph -->\r\n\r\n<!-- wp:paragraph --><\/p>\r\n<p><strong>\u00bfQUIERES LLEVAR ESTE CURSO A TU EMPRESA?\u00a0<\/strong>M\u00e1ndanos tus datos\u00a0\u00a0y un ejecutivo se pondr\u00e1 en contacto a la brevedad\u00a0<strong><a href=\"https:\/\/asesoriaimssconstruccionycursos.mx\/SIROC-IMSS-2023\/curso-para-empresa-fiscalizacion-imss-invitaciones-a-correccion-patronal\/\" target=\"_blank\" rel=\"noreferrer noopener\">Aqu\u00ed.<\/a><\/strong> \u00a0(M\u00ednimo 5 Participantes en Zoom o Presencial).<\/p>\r\n<p><!-- \/wp:paragraph -->\r\n\r\n<!-- wp:separator {\"className\":\"has-css-opacity\"} --><\/p>\r\n<hr class=\"wp-block-separator has-css-opacity\" \/>\r\n<p><!-- \/wp:separator -->\r\n\r\n<!-- wp:paragraph --><\/p>\r\n<p><strong>TEMARIO:<\/strong>\u00a0<\/p>\r\n<p><!-- \/wp:paragraph -->\r\n\r\n<!-- wp:paragraph --><\/p>\r\n<p>1) Clasificaci\u00f3n en el Seguro de Riesgos de Trabajo.<\/p>\r\n<p><!-- \/wp:paragraph -->\r\n\r\n<!-- wp:paragraph --><\/p>\r\n<p>2) Estructura del Cat\u00e1logo de Actividades seg\u00fan el IMSS.<\/p>\r\n<p><!-- \/wp:paragraph -->\r\n\r\n<!-- wp:paragraph --><\/p>\r\n<p>3) Causas por las que los patrones deben modificar su prima de RT.<\/p>\r\n<p><!-- \/wp:paragraph -->\r\n\r\n<!-- wp:paragraph --><\/p>\r\n<p>4) Causas por las que el IMSS Rectifica a los patrones su Prima de RT.<\/p>\r\n<p><!-- \/wp:paragraph -->\r\n\r\n<!-- wp:paragraph --><\/p>\r\n<p>5) Importancia de los datos contables y administrativos para clasificaci\u00f3n de RT.<\/p>\r\n<p><!-- \/wp:paragraph -->\r\n\r\n<!-- wp:paragraph --><\/p>\r\n<p>6) Consideraciones de los Formatos ST para una Rectificaci\u00f3n.<\/p>\r\n<p><!-- \/wp:paragraph -->\r\n\r\n<!-- wp:paragraph --><\/p>\r\n<p>7) Consideraciones de una invitaci\u00f3n IMSS para Corregir la Clasificaci\u00f3n de RT.<\/p>\r\n<p><!-- \/wp:paragraph -->\r\n\r\n<!-- wp:paragraph --><\/p>\r\n<p>8) Pros y Contras legales de aceptar o negar una Correcci\u00f3n Patronal por Prima.<\/p>\r\n<p><!-- \/wp:paragraph -->\r\n\r\n<!-- wp:paragraph --><\/p>\r\n<p>9) Aclaraciones administrativas y Medios de Defensa Vs Prima de RT.<\/p>\r\n<p><!-- \/wp:paragraph -->\r\n\r\n<!-- wp:paragraph --><\/p>\r\n<p>10) Conclusiones y Recomendaciones.<\/p>\r\n<div>\r\n<div class=\"block-editor-block-list__layout\">\r\n<div id=\"block-b2b3d072-2a3f-499b-9fea-8e8af185f899\" class=\"wp-block block-editor-block-list__block has-selected-ui\" tabindex=\"0\" role=\"group\" data-block=\"b2b3d072-2a3f-499b-9fea-8e8af185f899\" data-type=\"core\/paragraph\" aria-label=\"Bloque: P\u00e1rrafo\">\r\n<p class=\"rich-text block-editor-rich-text__editable wp-block-paragraph has-text-align-center\" role=\"textbox\" aria-multiline=\"true\" aria-label=\"Bloque de p\u00e1rrafo\"><img loading=\"lazy\" decoding=\"async\" class=\"aligncenter\" src=\"https:\/\/lh6.googleusercontent.com\/c3B4XEVwUKrPSrOcJC9Qy8rZGLOjwpImtaQmz1EfaD4MOBhr4iGaKoM2BO3zm8JiaB4aspIQSNMuDNcDQb4cx9Txrmhtt6b-ExuK6d5mLQrmSlMCpAeDmN6zKm40pMD452zLOpaauJ_8UGImc3t9dw\" width=\"29\" height=\"29\" \/><\/p>\r\n<\/div>\r\n<div id=\"block-58a16960-1e87-40f4-a1e7-c6c03f8791da\" class=\"wp-block block-editor-block-list__block has-selected-ui\" style=\"text-align: center;\" tabindex=\"0\" role=\"group\" data-block=\"58a16960-1e87-40f4-a1e7-c6c03f8791da\" data-type=\"core\/paragraph\" aria-label=\"Bloque: P\u00e1rrafo\">\r\n<p class=\"rich-text block-editor-rich-text__editable wp-block-paragraph has-text-align-center\" role=\"textbox\" aria-multiline=\"true\" aria-label=\"Bloque de p\u00e1rrafo\">Reservar al 55 <a href=\"tel:56091723\">56 09 17 23<\/a><\/p>\r\n<p class=\"rich-text block-editor-rich-text__editable wp-block-paragraph has-text-align-center\" role=\"textbox\" aria-multiline=\"true\" aria-label=\"Bloque de p\u00e1rrafo\">o M\u00e1ndanos un\u00a0<\/p>\r\n<\/div>\r\n<div id=\"block-31f2ae97-c3ca-41b1-b63f-99bfa1ac2aa7\" class=\"wp-block block-editor-block-list__block has-selected-ui\" tabindex=\"0\" role=\"group\" data-block=\"31f2ae97-c3ca-41b1-b63f-99bfa1ac2aa7\" data-type=\"core\/paragraph\" aria-label=\"Bloque: P\u00e1rrafo\">\r\n<p class=\"rich-text block-editor-rich-text__editable wp-block-paragraph has-text-align-center\" style=\"text-align: center;\" role=\"textbox\" aria-multiline=\"true\" aria-label=\"Bloque de p\u00e1rrafo\"><img loading=\"lazy\" decoding=\"async\" src=\"https:\/\/lh4.googleusercontent.com\/N6ilznbQ69aR9A0jxzX29CKAliJu5Gwu3CGW6akpI9aTfk0r-TQN_howeawnf8G_yG1eIgFPS9Xs39PMch5a_HBg4pv1EiGCwP0Sr2O72WiZqZ-ErzA-z3lUBvmrlf_PUHVLcwchwmevYb2zQClGtA\" width=\"28\" height=\"28\" \/>\u00a0WhatsApp \u00a0<strong>5532510233<\/strong>\u00a0<\/p>\r\n<\/div>\r\n<\/div>\r\n<\/div>\r\n<p><!-- \/wp:paragraph --><\/p>\r\n<!-- \/wp:paragraph -->\r\n\r\n<!-- wp:paragraph --><!-- \/wp:paragraph -->","protected":false},"excerpt":{"rendered":"<p>FECHA:\u00a0 HORARIO:\u00a0 DURACI\u00d3N: 5 Horas. CIUDAD SEDE: CDMX. (COL.DEL VALLE) Nivel de Complejidad: Intermedio Costo Presencial: $1,650 Costo E-learning: $1,450 Costo Video Curso: $1,160 \u00a0INCLUYE: Material Digital y Diploma Digital \u00a0Promoci\u00f3n: Exparticipantes Y Clientes Pr\u00f3ximas Ciudades: Monterrey, Guadalajara, M\u00e9rida, Tijuana, Puebla,Le\u00f3n, Quer\u00e9taro, Veracruz, Tuxtla Guti\u00e9rrez, Pachuca, CDMX. ESPECIALISTA EN EL TEMA:\u00a0L.C. Emmanuel Ramos G. (VER [&hellip;]<\/p>\n","protected":false},"author":1,"featured_media":0,"parent":0,"menu_order":0,"comment_status":"closed","ping_status":"closed","template":"","meta":{"footnotes":""},"categories":[],"tags":[],"class_list":["post-189","page","type-page","status-publish","hentry"],"yoast_head":"<!-- This site is optimized with the Yoast SEO plugin v21.7 - https:\/\/yoast.com\/wordpress\/plugins\/seo\/ -->\n<title>INVITACIONES A CORRECCION PATRONAL - Asesor\u00eda y Cursos SIROC IMSS<\/title>\n<meta name=\"description\" content=\"Conozca como atender las invitaciones que emite el IMSS para corregir la clasificaci\u00f3n en el seguro deriesgos de trabajo a trav\u00e9s del procedimiento de Correcci\u00f3n Patronal.\" \/>\n<meta name=\"robots\" content=\"index, follow, max-snippet:-1, max-image-preview:large, max-video-preview:-1\" \/>\n<link rel=\"canonical\" href=\"https:\/\/asesoriaimssconstruccionycursos.mx\/SIROC-IMSS-2023\/curso-invitaciones-a-correccion-patronal-2\/\" \/>\n<meta property=\"og:locale\" content=\"es_MX\" \/>\n<meta property=\"og:type\" content=\"article\" \/>\n<meta property=\"og:title\" content=\"Curso Invitaciones a Correcci\u00f3n Patronal por Prima y Rectificaciones de Riesgo de Trabajo RT del IMSS\" \/>\n<meta property=\"og:description\" content=\"como atender las invitacionesque emite el IMSS para corregir la clasificaci\u00f3n en el seguro deriesgos de trabajo a trav\u00e9s del procedimiento de Correcci\u00f3n Patronal.Asimismo, se abordar\u00e1n las principales causas por las que el IMSSrectifica la prima de Riesgo y como pueden defenderse lo patrones.\" \/>\n<meta property=\"og:url\" content=\"https:\/\/asesoriaimssconstruccionycursos.mx\/SIROC-IMSS-2023\/curso-invitaciones-a-correccion-patronal-2\/\" \/>\n<meta property=\"og:site_name\" content=\"Asesor\u00eda y Cursos SIROC IMSS\" \/>\n<meta property=\"article:publisher\" content=\"https:\/\/www.facebook.com\/CapacitacionFiscalyParaConstructoras\/\" \/>\n<meta property=\"article:modified_time\" content=\"2024-03-28T19:40:56+00:00\" \/>\n<meta property=\"og:image\" content=\"https:\/\/asesoriaimssconstruccionycursos.mx\/SIROC-IMSS-2023\/wp-content\/uploads\/2023\/06\/INVITACIONES-A-CORRECCION-PATRONAL.png\" \/>\n\t<meta property=\"og:image:width\" content=\"800\" \/>\n\t<meta property=\"og:image:height\" content=\"800\" \/>\n\t<meta property=\"og:image:type\" content=\"image\/png\" \/>\n<meta name=\"twitter:card\" content=\"summary_large_image\" \/>\n<meta name=\"twitter:title\" content=\"Curso Invitaciones a Correcci\u00f3n Patronal por Prima y Rectificaciones de Riesgo de Trabajo RT del IMSS\" \/>\n<meta name=\"twitter:description\" content=\"como atender las invitacionesque emite el IMSS para corregir la clasificaci\u00f3n en el seguro deriesgos de trabajo a trav\u00e9s del procedimiento de Correcci\u00f3n Patronal.Asimismo, se abordar\u00e1n las principales causas por las que el IMSSrectifica la prima de Riesgo y como pueden defenderse lo patrones.\" \/>\n<meta name=\"twitter:image\" content=\"https:\/\/asesoriaimssconstruccionycursos.mx\/SIROC-IMSS-2023\/wp-content\/uploads\/2023\/05\/INVITACIONES-A-CORRECCION-PATRONAL.png\" \/>\n<meta name=\"twitter:site\" content=\"@GMcapacitacion1\" \/>\n<meta name=\"twitter:label1\" content=\"Tiempo de lectura\" \/>\n\t<meta name=\"twitter:data1\" content=\"2 minutos\" \/>\n<script type=\"application\/ld+json\" class=\"yoast-schema-graph\">{\"@context\":\"https:\/\/schema.org\",\"@graph\":[{\"@type\":\"WebPage\",\"@id\":\"https:\/\/asesoriaimssconstruccionycursos.mx\/SIROC-IMSS-2023\/curso-invitaciones-a-correccion-patronal-2\/\",\"url\":\"https:\/\/asesoriaimssconstruccionycursos.mx\/SIROC-IMSS-2023\/curso-invitaciones-a-correccion-patronal-2\/\",\"name\":\"INVITACIONES A CORRECCION PATRONAL - Asesor\u00eda y Cursos SIROC IMSS\",\"isPartOf\":{\"@id\":\"https:\/\/asesoriaimssconstruccionycursos.mx\/SIROC-IMSS-2023\/#website\"},\"datePublished\":\"2023-05-25T15:02:32+00:00\",\"dateModified\":\"2024-03-28T19:40:56+00:00\",\"description\":\"Conozca como atender las invitaciones que emite el IMSS para corregir la clasificaci\u00f3n en el seguro deriesgos de trabajo a trav\u00e9s del procedimiento de Correcci\u00f3n Patronal.\",\"breadcrumb\":{\"@id\":\"https:\/\/asesoriaimssconstruccionycursos.mx\/SIROC-IMSS-2023\/curso-invitaciones-a-correccion-patronal-2\/#breadcrumb\"},\"inLanguage\":\"es\",\"potentialAction\":[{\"@type\":\"ReadAction\",\"target\":[\"https:\/\/asesoriaimssconstruccionycursos.mx\/SIROC-IMSS-2023\/curso-invitaciones-a-correccion-patronal-2\/\"]}]},{\"@type\":\"BreadcrumbList\",\"@id\":\"https:\/\/asesoriaimssconstruccionycursos.mx\/SIROC-IMSS-2023\/curso-invitaciones-a-correccion-patronal-2\/#breadcrumb\",\"itemListElement\":[{\"@type\":\"ListItem\",\"position\":1,\"name\":\"Inicio\",\"item\":\"https:\/\/asesoriaimssconstruccionycursos.mx\/SIROC-IMSS-2023\/\"},{\"@type\":\"ListItem\",\"position\":2,\"name\":\"INVITACIONES A CORRECCION PATRONAL\"}]},{\"@type\":\"WebSite\",\"@id\":\"https:\/\/asesoriaimssconstruccionycursos.mx\/SIROC-IMSS-2023\/#website\",\"url\":\"https:\/\/asesoriaimssconstruccionycursos.mx\/SIROC-IMSS-2023\/\",\"name\":\"Asesor\u00eda y Cursos SIROC IMSS\",\"description\":\"Brindamos Asesor\u00eda Fiscal y Contable\",\"publisher\":{\"@id\":\"https:\/\/asesoriaimssconstruccionycursos.mx\/SIROC-IMSS-2023\/#organization\"},\"potentialAction\":[{\"@type\":\"SearchAction\",\"target\":{\"@type\":\"EntryPoint\",\"urlTemplate\":\"https:\/\/asesoriaimssconstruccionycursos.mx\/SIROC-IMSS-2023\/?s={search_term_string}\"},\"query-input\":\"required name=search_term_string\"}],\"inLanguage\":\"es\"},{\"@type\":\"Organization\",\"@id\":\"https:\/\/asesoriaimssconstruccionycursos.mx\/SIROC-IMSS-2023\/#organization\",\"name\":\"Asesoria IMSS Construcci\u00f3n Cursos y Capacitaci\u00f3n\",\"alternateName\":\"Asesoria IMSS Construcci\u00f3n\",\"url\":\"https:\/\/asesoriaimssconstruccionycursos.mx\/SIROC-IMSS-2023\/\",\"logo\":{\"@type\":\"ImageObject\",\"inLanguage\":\"es\",\"@id\":\"https:\/\/asesoriaimssconstruccionycursos.mx\/SIROC-IMSS-2023\/#\/schema\/logo\/image\/\",\"url\":\"https:\/\/asesoriaimssconstruccionycursos.mx\/SIROC-IMSS-2023\/wp-content\/uploads\/2023\/08\/asesoria-imss-costruccion.jpg\",\"contentUrl\":\"https:\/\/asesoriaimssconstruccionycursos.mx\/SIROC-IMSS-2023\/wp-content\/uploads\/2023\/08\/asesoria-imss-costruccion.jpg\",\"width\":300,\"height\":300,\"caption\":\"Asesoria IMSS Construcci\u00f3n Cursos y Capacitaci\u00f3n\"},\"image\":{\"@id\":\"https:\/\/asesoriaimssconstruccionycursos.mx\/SIROC-IMSS-2023\/#\/schema\/logo\/image\/\"},\"sameAs\":[\"https:\/\/www.facebook.com\/CapacitacionFiscalyParaConstructoras\/\",\"https:\/\/twitter.com\/GMcapacitacion1\",\"https:\/\/www.linkedin.com\/in\/emmanuel-ramos-g-00b98846\",\"https:\/\/www.youtube.com\/@asesoriaycursosimssconssiroc\"]}]}<\/script>\n<!-- \/ Yoast SEO plugin. -->","yoast_head_json":{"title":"INVITACIONES A CORRECCION PATRONAL - Asesor\u00eda y Cursos SIROC IMSS","description":"Conozca como atender las invitaciones que emite el IMSS para corregir la clasificaci\u00f3n en el seguro deriesgos de trabajo a trav\u00e9s del procedimiento de Correcci\u00f3n Patronal.","robots":{"index":"index","follow":"follow","max-snippet":"max-snippet:-1","max-image-preview":"max-image-preview:large","max-video-preview":"max-video-preview:-1"},"canonical":"https:\/\/asesoriaimssconstruccionycursos.mx\/SIROC-IMSS-2023\/curso-invitaciones-a-correccion-patronal-2\/","og_locale":"es_MX","og_type":"article","og_title":"Curso Invitaciones a Correcci\u00f3n Patronal por Prima y Rectificaciones de Riesgo de Trabajo RT del IMSS","og_description":"como atender las invitacionesque emite el IMSS para corregir la clasificaci\u00f3n en el seguro deriesgos de trabajo a trav\u00e9s del procedimiento de Correcci\u00f3n Patronal.Asimismo, se abordar\u00e1n las principales causas por las que el IMSSrectifica la prima de Riesgo y como pueden defenderse lo patrones.","og_url":"https:\/\/asesoriaimssconstruccionycursos.mx\/SIROC-IMSS-2023\/curso-invitaciones-a-correccion-patronal-2\/","og_site_name":"Asesor\u00eda y Cursos SIROC IMSS","article_publisher":"https:\/\/www.facebook.com\/CapacitacionFiscalyParaConstructoras\/","article_modified_time":"2024-03-28T19:40:56+00:00","og_image":[{"width":800,"height":800,"url":"https:\/\/asesoriaimssconstruccionycursos.mx\/SIROC-IMSS-2023\/wp-content\/uploads\/2023\/06\/INVITACIONES-A-CORRECCION-PATRONAL.png","type":"image\/png"}],"twitter_card":"summary_large_image","twitter_title":"Curso Invitaciones a Correcci\u00f3n Patronal por Prima y Rectificaciones de Riesgo de Trabajo RT del IMSS","twitter_description":"como atender las invitacionesque emite el IMSS para corregir la clasificaci\u00f3n en el seguro deriesgos de trabajo a trav\u00e9s del procedimiento de Correcci\u00f3n Patronal.Asimismo, se abordar\u00e1n las principales causas por las que el IMSSrectifica la prima de Riesgo y como pueden defenderse lo patrones.","twitter_image":"https:\/\/asesoriaimssconstruccionycursos.mx\/SIROC-IMSS-2023\/wp-content\/uploads\/2023\/05\/INVITACIONES-A-CORRECCION-PATRONAL.png","twitter_site":"@GMcapacitacion1","twitter_misc":{"Tiempo de lectura":"2 minutos"},"schema":{"@context":"https:\/\/schema.org","@graph":[{"@type":"WebPage","@id":"https:\/\/asesoriaimssconstruccionycursos.mx\/SIROC-IMSS-2023\/curso-invitaciones-a-correccion-patronal-2\/","url":"https:\/\/asesoriaimssconstruccionycursos.mx\/SIROC-IMSS-2023\/curso-invitaciones-a-correccion-patronal-2\/","name":"INVITACIONES A CORRECCION PATRONAL - Asesor\u00eda y Cursos SIROC IMSS","isPartOf":{"@id":"https:\/\/asesoriaimssconstruccionycursos.mx\/SIROC-IMSS-2023\/#website"},"datePublished":"2023-05-25T15:02:32+00:00","dateModified":"2024-03-28T19:40:56+00:00","description":"Conozca como atender las invitaciones que emite el IMSS para corregir la clasificaci\u00f3n en el seguro deriesgos de trabajo a trav\u00e9s del procedimiento de Correcci\u00f3n Patronal.","breadcrumb":{"@id":"https:\/\/asesoriaimssconstruccionycursos.mx\/SIROC-IMSS-2023\/curso-invitaciones-a-correccion-patronal-2\/#breadcrumb"},"inLanguage":"es","potentialAction":[{"@type":"ReadAction","target":["https:\/\/asesoriaimssconstruccionycursos.mx\/SIROC-IMSS-2023\/curso-invitaciones-a-correccion-patronal-2\/"]}]},{"@type":"BreadcrumbList","@id":"https:\/\/asesoriaimssconstruccionycursos.mx\/SIROC-IMSS-2023\/curso-invitaciones-a-correccion-patronal-2\/#breadcrumb","itemListElement":[{"@type":"ListItem","position":1,"name":"Inicio","item":"https:\/\/asesoriaimssconstruccionycursos.mx\/SIROC-IMSS-2023\/"},{"@type":"ListItem","position":2,"name":"INVITACIONES A CORRECCION PATRONAL"}]},{"@type":"WebSite","@id":"https:\/\/asesoriaimssconstruccionycursos.mx\/SIROC-IMSS-2023\/#website","url":"https:\/\/asesoriaimssconstruccionycursos.mx\/SIROC-IMSS-2023\/","name":"Asesor\u00eda y Cursos SIROC IMSS","description":"Brindamos Asesor\u00eda Fiscal y Contable","publisher":{"@id":"https:\/\/asesoriaimssconstruccionycursos.mx\/SIROC-IMSS-2023\/#organization"},"potentialAction":[{"@type":"SearchAction","target":{"@type":"EntryPoint","urlTemplate":"https:\/\/asesoriaimssconstruccionycursos.mx\/SIROC-IMSS-2023\/?s={search_term_string}"},"query-input":"required name=search_term_string"}],"inLanguage":"es"},{"@type":"Organization","@id":"https:\/\/asesoriaimssconstruccionycursos.mx\/SIROC-IMSS-2023\/#organization","name":"Asesoria IMSS Construcci\u00f3n Cursos y Capacitaci\u00f3n","alternateName":"Asesoria IMSS Construcci\u00f3n","url":"https:\/\/asesoriaimssconstruccionycursos.mx\/SIROC-IMSS-2023\/","logo":{"@type":"ImageObject","inLanguage":"es","@id":"https:\/\/asesoriaimssconstruccionycursos.mx\/SIROC-IMSS-2023\/#\/schema\/logo\/image\/","url":"https:\/\/asesoriaimssconstruccionycursos.mx\/SIROC-IMSS-2023\/wp-content\/uploads\/2023\/08\/asesoria-imss-costruccion.jpg","contentUrl":"https:\/\/asesoriaimssconstruccionycursos.mx\/SIROC-IMSS-2023\/wp-content\/uploads\/2023\/08\/asesoria-imss-costruccion.jpg","width":300,"height":300,"caption":"Asesoria IMSS Construcci\u00f3n Cursos y Capacitaci\u00f3n"},"image":{"@id":"https:\/\/asesoriaimssconstruccionycursos.mx\/SIROC-IMSS-2023\/#\/schema\/logo\/image\/"},"sameAs":["https:\/\/www.facebook.com\/CapacitacionFiscalyParaConstructoras\/","https:\/\/twitter.com\/GMcapacitacion1","https:\/\/www.linkedin.com\/in\/emmanuel-ramos-g-00b98846","https:\/\/www.youtube.com\/@asesoriaycursosimssconssiroc"]}]}},"_links":{"self":[{"href":"https:\/\/asesoriaimssconstruccionycursos.mx\/SIROC-IMSS-2023\/wp-json\/wp\/v2\/pages\/189","targetHints":{"allow":["GET"]}}],"collection":[{"href":"https:\/\/asesoriaimssconstruccionycursos.mx\/SIROC-IMSS-2023\/wp-json\/wp\/v2\/pages"}],"about":[{"href":"https:\/\/asesoriaimssconstruccionycursos.mx\/SIROC-IMSS-2023\/wp-json\/wp\/v2\/types\/page"}],"author":[{"embeddable":true,"href":"https:\/\/asesoriaimssconstruccionycursos.mx\/SIROC-IMSS-2023\/wp-json\/wp\/v2\/users\/1"}],"replies":[{"embeddable":true,"href":"https:\/\/asesoriaimssconstruccionycursos.mx\/SIROC-IMSS-2023\/wp-json\/wp\/v2\/comments?post=189"}],"version-history":[{"count":6,"href":"https:\/\/asesoriaimssconstruccionycursos.mx\/SIROC-IMSS-2023\/wp-json\/wp\/v2\/pages\/189\/revisions"}],"predecessor-version":[{"id":793,"href":"https:\/\/asesoriaimssconstruccionycursos.mx\/SIROC-IMSS-2023\/wp-json\/wp\/v2\/pages\/189\/revisions\/793"}],"wp:attachment":[{"href":"https:\/\/asesoriaimssconstruccionycursos.mx\/SIROC-IMSS-2023\/wp-json\/wp\/v2\/media?parent=189"}],"wp:term":[{"taxonomy":"category","embeddable":true,"href":"https:\/\/asesoriaimssconstruccionycursos.mx\/SIROC-IMSS-2023\/wp-json\/wp\/v2\/categories?post=189"},{"taxonomy":"post_tag","embeddable":true,"href":"https:\/\/asesoriaimssconstruccionycursos.mx\/SIROC-IMSS-2023\/wp-json\/wp\/v2\/tags?post=189"}],"curies":[{"name":"wp","href":"https:\/\/api.w.org\/{rel}","templated":true}]}}