{"id":227,"date":"2023-05-30T15:21:16","date_gmt":"2023-05-30T15:21:16","guid":{"rendered":"https:\/\/asesoriaimssconstruccionycursos.mx\/SIROC-IMSS-2023\/curso-tips-y-criterios-para-el-llenado-de-sideimss-2-copy\/"},"modified":"2024-05-24T20:35:48","modified_gmt":"2024-05-24T20:35:48","slug":"asesoria-en-el-llenado-planeacion-y-presentacion-correcta-del-siroc-o-aviso-de-alta-de-obra-ante-el-imss","status":"publish","type":"page","link":"https:\/\/asesoriaimssconstruccionycursos.mx\/SIROC-IMSS-2023\/asesoria-en-el-llenado-planeacion-y-presentacion-correcta-del-siroc-o-aviso-de-alta-de-obra-ante-el-imss\/","title":{"rendered":"Asesor\u00eda en el Llenado, Planeaci\u00f3n y Presentaci\u00f3n correcta del SIROC o Aviso de Alta de Obra ante el IMSS.\u00a0"},"content":{"rendered":"<h2>Asesor\u00eda Express para el llenado y presentaci\u00f3n de SIROC.<\/h2>\n<h3 class=\"gmail-g-contentlist-headline\">Nosotros te podemos ayudar en la\u00a0<strong>detecci\u00f3n<\/strong>\u00a0y motivos concretos para que puedan\u00a0<strong>Concluir<\/strong>\u00a0su tr\u00e1mite.<\/h3>\n<h3 class=\"g-contentlist-headline\">Llenado y Presentaci\u00f3n de Avisos de Obra ante el IMSS, SIROC Y SATIC.<\/h3>\n<blockquote>\n<div class=\"g-contentlist-desc\">Tenemos la experiencia para apoyarte con la obligaci\u00f3n de presentar los avisos de obra ante el IMSS, analizando los contratos y documentos para el correcto llenado del SIROC.<\/div>\n<div><\/div>\n<div class=\"g-contentlist-desc\">Asesoramos a Responsables de las \u00c1reas T\u00e9cnicas y Administrativas del Sector de la Construcci\u00f3n, tales como Ingenieros, Arquitectos, Analistas de Precios Unitarios, Contadores o Administradores de Constructoras, contratistas y Subcontratistas.<\/div>\n<\/blockquote>\n<div><\/div>\n<div class=\"gmail-g-contentlist-desc\">Nuestra firma cuenta con m\u00e1s de 15 a\u00f1os de experiencia dictaminando patrones de todo el pa\u00eds, de cualquier giro y sin importar el n\u00famero de trabajadores.<\/div>\n<div><\/div>\n<div>\n<hr \/>\n<\/div>\n<div>.<iframe loading=\"lazy\" title=\"YouTube video player\" src=\"https:\/\/www.youtube.com\/embed\/ejBgLGt_cJg?si=19hdSvlrKQI28oTP\" width=\"560\" height=\"315\" frameborder=\"0\" allowfullscreen=\"allowfullscreen\"><\/iframe><\/div>\n<div><\/div>\n<div><\/div>\n<div>\n<hr \/>\n<p class=\"gmail-g-layercontent-title\">Ahorra Tiempo y esfuerzo<\/p>\n<p><strong>\u00bfDeseas mas informaci\u00f3n? <\/strong>Llama\u00a0<img loading=\"lazy\" decoding=\"async\" src=\"https:\/\/asesoriaimssconstruccionycursos.mx\/SIROC-IMSS-2023\/wp-content\/uploads\/2023\/05\/phone-button-blue.png\" alt=\"\" width=\"21\" height=\"21\" \/>\u00a0al\u00a0<strong><a href=\"tel:5556091723\">55\u00a05609 1723<\/a>,\u00a0<\/strong>\u00f3 envia un mensaje\u00a0<img loading=\"lazy\" decoding=\"async\" src=\"https:\/\/asesoriaimssconstruccionycursos.mx\/SIROC-IMSS-2023\/wp-content\/uploads\/2023\/05\/whatsapp-official-logo-png-download.png\" alt=\"\" width=\"19\" height=\"19\" \/>\u00a0al\u00a0<strong><a href=\"tel:5532510233\">55 3251 0233<\/a><\/strong><\/p>\n<\/div>\n","protected":false},"excerpt":{"rendered":"<p>Asesor\u00eda Express para el llenado y presentaci\u00f3n de SIROC. Nosotros te podemos ayudar en la\u00a0detecci\u00f3n\u00a0y motivos concretos para que puedan\u00a0Concluir\u00a0su tr\u00e1mite. Llenado y Presentaci\u00f3n de Avisos de Obra ante el IMSS, SIROC Y SATIC. Tenemos la experiencia para apoyarte con la obligaci\u00f3n de presentar los avisos de obra ante el IMSS, analizando los contratos y [&hellip;]<\/p>\n","protected":false},"author":1,"featured_media":0,"parent":0,"menu_order":0,"comment_status":"closed","ping_status":"closed","template":"","meta":{"footnotes":""},"categories":[],"tags":[],"class_list":["post-227","page","type-page","status-publish","hentry"],"yoast_head":"<!-- This site is optimized with the Yoast SEO plugin v21.7 - https:\/\/yoast.com\/wordpress\/plugins\/seo\/ -->\n<title>Asesor\u00eda en el Llenado, Planeaci\u00f3n y Presentaci\u00f3n correcta del SIROC o Aviso de Alta de Obra ante el IMSS.\u00a0 - Asesor\u00eda y Cursos SIROC IMSS<\/title>\n<meta name=\"description\" content=\"Asesor\u00eda Express para el llenado y presentaci\u00f3n de SIROC.Nosotros te podemos ayudar en la detecci\u00f3n y motivos concretos para que puedan concluir su tr\u00e1mite.Llenado y Presentaci\u00f3n de Avisos de Obra ante el IMSS, SIROC Y SATIC.\" \/>\n<meta name=\"robots\" content=\"index, follow, max-snippet:-1, max-image-preview:large, max-video-preview:-1\" \/>\n<link rel=\"canonical\" href=\"https:\/\/asesoriaimssconstruccionycursos.mx\/SIROC-IMSS-2023\/asesoria-en-el-llenado-planeacion-y-presentacion-correcta-del-siroc-o-aviso-de-alta-de-obra-ante-el-imss\/\" \/>\n<meta property=\"og:locale\" content=\"es_MX\" \/>\n<meta property=\"og:type\" content=\"article\" \/>\n<meta property=\"og:title\" content=\"Asesor\u00eda Express para el llenado y presentaci\u00f3n de SIROC.Nosotros te podemos ayudar en la detecci\u00f3n y motivos concretos para que puedan concluir su tr\u00e1mite.Llenado y Presentaci\u00f3n de Avisos de Obra ante el IMSS, SIROC Y SATIC.\" \/>\n<meta property=\"og:description\" content=\"Cont\u00e1ctanos WhatsApp 55 32 51 02 33 Tel. Oficina 55 56 09 17 23\" \/>\n<meta property=\"og:url\" content=\"https:\/\/asesoriaimssconstruccionycursos.mx\/SIROC-IMSS-2023\/asesoria-en-el-llenado-planeacion-y-presentacion-correcta-del-siroc-o-aviso-de-alta-de-obra-ante-el-imss\/\" \/>\n<meta property=\"og:site_name\" content=\"Asesor\u00eda y Cursos SIROC IMSS\" \/>\n<meta property=\"article:publisher\" content=\"https:\/\/www.facebook.com\/CapacitacionFiscalyParaConstructoras\/\" \/>\n<meta property=\"article:modified_time\" content=\"2024-05-24T20:35:48+00:00\" \/>\n<meta property=\"og:image\" content=\"https:\/\/asesoriaimssconstruccionycursos.mx\/SIROC-IMSS-2023\/wp-content\/uploads\/2024\/03\/0Asesoria-en-el-Llenado-Planeacion-y-Presentacion-correcta-del-SIROC.jpg\" \/>\n\t<meta property=\"og:image:width\" content=\"500\" \/>\n\t<meta property=\"og:image:height\" content=\"500\" \/>\n\t<meta property=\"og:image:type\" content=\"image\/jpeg\" \/>\n<meta name=\"twitter:card\" content=\"summary_large_image\" \/>\n<meta name=\"twitter:title\" content=\"Asesor\u00eda Express para el llenado y presentaci\u00f3n de SIROC.Nosotros te podemos ayudar en la detecci\u00f3n y motivos concretos para que puedan concluir su tr\u00e1mite.Llenado y Presentaci\u00f3n de Avisos de Obra ante el IMSS, SIROC Y SATIC.\" \/>\n<meta name=\"twitter:description\" content=\"Cont\u00e1ctanos WhatsApp 55 32 51 02 33 Tel. Oficina 55 56 09 17 23\" \/>\n<meta name=\"twitter:image\" content=\"https:\/\/asesoriaimssconstruccionycursos.mx\/SIROC-IMSS-2023\/wp-content\/uploads\/2024\/03\/0Asesoria-en-el-Llenado-Planeacion-y-Presentacion-correcta-del-SIROC.jpg\" \/>\n<meta name=\"twitter:site\" content=\"@GMcapacitacion1\" \/>\n<meta name=\"twitter:label1\" content=\"Tiempo de lectura\" \/>\n\t<meta name=\"twitter:data1\" content=\"1 minuto\" \/>\n<script type=\"application\/ld+json\" class=\"yoast-schema-graph\">{\"@context\":\"https:\/\/schema.org\",\"@graph\":[{\"@type\":\"WebPage\",\"@id\":\"https:\/\/asesoriaimssconstruccionycursos.mx\/SIROC-IMSS-2023\/asesoria-en-el-llenado-planeacion-y-presentacion-correcta-del-siroc-o-aviso-de-alta-de-obra-ante-el-imss\/\",\"url\":\"https:\/\/asesoriaimssconstruccionycursos.mx\/SIROC-IMSS-2023\/asesoria-en-el-llenado-planeacion-y-presentacion-correcta-del-siroc-o-aviso-de-alta-de-obra-ante-el-imss\/\",\"name\":\"Asesor\u00eda en el Llenado, Planeaci\u00f3n y Presentaci\u00f3n correcta del SIROC o Aviso de Alta de Obra ante el IMSS.\u00a0 - Asesor\u00eda y Cursos SIROC IMSS\",\"isPartOf\":{\"@id\":\"https:\/\/asesoriaimssconstruccionycursos.mx\/SIROC-IMSS-2023\/#website\"},\"datePublished\":\"2023-05-30T15:21:16+00:00\",\"dateModified\":\"2024-05-24T20:35:48+00:00\",\"description\":\"Asesor\u00eda Express para el llenado y presentaci\u00f3n de SIROC.Nosotros te podemos ayudar en la detecci\u00f3n y motivos concretos para que puedan concluir su tr\u00e1mite.Llenado y Presentaci\u00f3n de Avisos de Obra ante el IMSS, SIROC Y SATIC.\",\"breadcrumb\":{\"@id\":\"https:\/\/asesoriaimssconstruccionycursos.mx\/SIROC-IMSS-2023\/asesoria-en-el-llenado-planeacion-y-presentacion-correcta-del-siroc-o-aviso-de-alta-de-obra-ante-el-imss\/#breadcrumb\"},\"inLanguage\":\"es\",\"potentialAction\":[{\"@type\":\"ReadAction\",\"target\":[\"https:\/\/asesoriaimssconstruccionycursos.mx\/SIROC-IMSS-2023\/asesoria-en-el-llenado-planeacion-y-presentacion-correcta-del-siroc-o-aviso-de-alta-de-obra-ante-el-imss\/\"]}]},{\"@type\":\"BreadcrumbList\",\"@id\":\"https:\/\/asesoriaimssconstruccionycursos.mx\/SIROC-IMSS-2023\/asesoria-en-el-llenado-planeacion-y-presentacion-correcta-del-siroc-o-aviso-de-alta-de-obra-ante-el-imss\/#breadcrumb\",\"itemListElement\":[{\"@type\":\"ListItem\",\"position\":1,\"name\":\"Inicio\",\"item\":\"https:\/\/asesoriaimssconstruccionycursos.mx\/SIROC-IMSS-2023\/\"},{\"@type\":\"ListItem\",\"position\":2,\"name\":\"Asesor\u00eda en el Llenado, Planeaci\u00f3n y Presentaci\u00f3n correcta del SIROC o Aviso de Alta de Obra ante el IMSS.\u00a0\"}]},{\"@type\":\"WebSite\",\"@id\":\"https:\/\/asesoriaimssconstruccionycursos.mx\/SIROC-IMSS-2023\/#website\",\"url\":\"https:\/\/asesoriaimssconstruccionycursos.mx\/SIROC-IMSS-2023\/\",\"name\":\"Asesor\u00eda y Cursos SIROC IMSS\",\"description\":\"Brindamos Asesor\u00eda Fiscal y Contable\",\"publisher\":{\"@id\":\"https:\/\/asesoriaimssconstruccionycursos.mx\/SIROC-IMSS-2023\/#organization\"},\"potentialAction\":[{\"@type\":\"SearchAction\",\"target\":{\"@type\":\"EntryPoint\",\"urlTemplate\":\"https:\/\/asesoriaimssconstruccionycursos.mx\/SIROC-IMSS-2023\/?s={search_term_string}\"},\"query-input\":\"required name=search_term_string\"}],\"inLanguage\":\"es\"},{\"@type\":\"Organization\",\"@id\":\"https:\/\/asesoriaimssconstruccionycursos.mx\/SIROC-IMSS-2023\/#organization\",\"name\":\"Asesoria IMSS Construcci\u00f3n Cursos y Capacitaci\u00f3n\",\"alternateName\":\"Asesoria IMSS Construcci\u00f3n\",\"url\":\"https:\/\/asesoriaimssconstruccionycursos.mx\/SIROC-IMSS-2023\/\",\"logo\":{\"@type\":\"ImageObject\",\"inLanguage\":\"es\",\"@id\":\"https:\/\/asesoriaimssconstruccionycursos.mx\/SIROC-IMSS-2023\/#\/schema\/logo\/image\/\",\"url\":\"https:\/\/asesoriaimssconstruccionycursos.mx\/SIROC-IMSS-2023\/wp-content\/uploads\/2023\/08\/asesoria-imss-costruccion.jpg\",\"contentUrl\":\"https:\/\/asesoriaimssconstruccionycursos.mx\/SIROC-IMSS-2023\/wp-content\/uploads\/2023\/08\/asesoria-imss-costruccion.jpg\",\"width\":300,\"height\":300,\"caption\":\"Asesoria IMSS Construcci\u00f3n Cursos y Capacitaci\u00f3n\"},\"image\":{\"@id\":\"https:\/\/asesoriaimssconstruccionycursos.mx\/SIROC-IMSS-2023\/#\/schema\/logo\/image\/\"},\"sameAs\":[\"https:\/\/www.facebook.com\/CapacitacionFiscalyParaConstructoras\/\",\"https:\/\/twitter.com\/GMcapacitacion1\",\"https:\/\/www.linkedin.com\/in\/emmanuel-ramos-g-00b98846\",\"https:\/\/www.youtube.com\/@asesoriaycursosimssconssiroc\"]}]}<\/script>\n<!-- \/ Yoast SEO plugin. -->","yoast_head_json":{"title":"Asesor\u00eda en el Llenado, Planeaci\u00f3n y Presentaci\u00f3n correcta del SIROC o Aviso de Alta de Obra ante el IMSS.\u00a0 - Asesor\u00eda y Cursos SIROC IMSS","description":"Asesor\u00eda Express para el llenado y presentaci\u00f3n de SIROC.Nosotros te podemos ayudar en la detecci\u00f3n y motivos concretos para que puedan concluir su tr\u00e1mite.Llenado y Presentaci\u00f3n de Avisos de Obra ante el IMSS, SIROC Y SATIC.","robots":{"index":"index","follow":"follow","max-snippet":"max-snippet:-1","max-image-preview":"max-image-preview:large","max-video-preview":"max-video-preview:-1"},"canonical":"https:\/\/asesoriaimssconstruccionycursos.mx\/SIROC-IMSS-2023\/asesoria-en-el-llenado-planeacion-y-presentacion-correcta-del-siroc-o-aviso-de-alta-de-obra-ante-el-imss\/","og_locale":"es_MX","og_type":"article","og_title":"Asesor\u00eda Express para el llenado y presentaci\u00f3n de SIROC.Nosotros te podemos ayudar en la detecci\u00f3n y motivos concretos para que puedan concluir su tr\u00e1mite.Llenado y Presentaci\u00f3n de Avisos de Obra ante el IMSS, SIROC Y SATIC.","og_description":"Cont\u00e1ctanos WhatsApp 55 32 51 02 33 Tel. Oficina 55 56 09 17 23","og_url":"https:\/\/asesoriaimssconstruccionycursos.mx\/SIROC-IMSS-2023\/asesoria-en-el-llenado-planeacion-y-presentacion-correcta-del-siroc-o-aviso-de-alta-de-obra-ante-el-imss\/","og_site_name":"Asesor\u00eda y Cursos SIROC IMSS","article_publisher":"https:\/\/www.facebook.com\/CapacitacionFiscalyParaConstructoras\/","article_modified_time":"2024-05-24T20:35:48+00:00","og_image":[{"width":500,"height":500,"url":"https:\/\/asesoriaimssconstruccionycursos.mx\/SIROC-IMSS-2023\/wp-content\/uploads\/2024\/03\/0Asesoria-en-el-Llenado-Planeacion-y-Presentacion-correcta-del-SIROC.jpg","type":"image\/jpeg"}],"twitter_card":"summary_large_image","twitter_title":"Asesor\u00eda Express para el llenado y presentaci\u00f3n de SIROC.Nosotros te podemos ayudar en la detecci\u00f3n y motivos concretos para que puedan concluir su tr\u00e1mite.Llenado y Presentaci\u00f3n de Avisos de Obra ante el IMSS, SIROC Y SATIC.","twitter_description":"Cont\u00e1ctanos WhatsApp 55 32 51 02 33 Tel. Oficina 55 56 09 17 23","twitter_image":"https:\/\/asesoriaimssconstruccionycursos.mx\/SIROC-IMSS-2023\/wp-content\/uploads\/2024\/03\/0Asesoria-en-el-Llenado-Planeacion-y-Presentacion-correcta-del-SIROC.jpg","twitter_site":"@GMcapacitacion1","twitter_misc":{"Tiempo de lectura":"1 minuto"},"schema":{"@context":"https:\/\/schema.org","@graph":[{"@type":"WebPage","@id":"https:\/\/asesoriaimssconstruccionycursos.mx\/SIROC-IMSS-2023\/asesoria-en-el-llenado-planeacion-y-presentacion-correcta-del-siroc-o-aviso-de-alta-de-obra-ante-el-imss\/","url":"https:\/\/asesoriaimssconstruccionycursos.mx\/SIROC-IMSS-2023\/asesoria-en-el-llenado-planeacion-y-presentacion-correcta-del-siroc-o-aviso-de-alta-de-obra-ante-el-imss\/","name":"Asesor\u00eda en el Llenado, Planeaci\u00f3n y Presentaci\u00f3n correcta del SIROC o Aviso de Alta de Obra ante el IMSS.\u00a0 - Asesor\u00eda y Cursos SIROC IMSS","isPartOf":{"@id":"https:\/\/asesoriaimssconstruccionycursos.mx\/SIROC-IMSS-2023\/#website"},"datePublished":"2023-05-30T15:21:16+00:00","dateModified":"2024-05-24T20:35:48+00:00","description":"Asesor\u00eda Express para el llenado y presentaci\u00f3n de SIROC.Nosotros te podemos ayudar en la detecci\u00f3n y motivos concretos para que puedan concluir su tr\u00e1mite.Llenado y Presentaci\u00f3n de Avisos de Obra ante el IMSS, SIROC Y SATIC.","breadcrumb":{"@id":"https:\/\/asesoriaimssconstruccionycursos.mx\/SIROC-IMSS-2023\/asesoria-en-el-llenado-planeacion-y-presentacion-correcta-del-siroc-o-aviso-de-alta-de-obra-ante-el-imss\/#breadcrumb"},"inLanguage":"es","potentialAction":[{"@type":"ReadAction","target":["https:\/\/asesoriaimssconstruccionycursos.mx\/SIROC-IMSS-2023\/asesoria-en-el-llenado-planeacion-y-presentacion-correcta-del-siroc-o-aviso-de-alta-de-obra-ante-el-imss\/"]}]},{"@type":"BreadcrumbList","@id":"https:\/\/asesoriaimssconstruccionycursos.mx\/SIROC-IMSS-2023\/asesoria-en-el-llenado-planeacion-y-presentacion-correcta-del-siroc-o-aviso-de-alta-de-obra-ante-el-imss\/#breadcrumb","itemListElement":[{"@type":"ListItem","position":1,"name":"Inicio","item":"https:\/\/asesoriaimssconstruccionycursos.mx\/SIROC-IMSS-2023\/"},{"@type":"ListItem","position":2,"name":"Asesor\u00eda en el Llenado, Planeaci\u00f3n y Presentaci\u00f3n correcta del SIROC o Aviso de Alta de Obra ante el IMSS.\u00a0"}]},{"@type":"WebSite","@id":"https:\/\/asesoriaimssconstruccionycursos.mx\/SIROC-IMSS-2023\/#website","url":"https:\/\/asesoriaimssconstruccionycursos.mx\/SIROC-IMSS-2023\/","name":"Asesor\u00eda y Cursos SIROC IMSS","description":"Brindamos Asesor\u00eda Fiscal y Contable","publisher":{"@id":"https:\/\/asesoriaimssconstruccionycursos.mx\/SIROC-IMSS-2023\/#organization"},"potentialAction":[{"@type":"SearchAction","target":{"@type":"EntryPoint","urlTemplate":"https:\/\/asesoriaimssconstruccionycursos.mx\/SIROC-IMSS-2023\/?s={search_term_string}"},"query-input":"required name=search_term_string"}],"inLanguage":"es"},{"@type":"Organization","@id":"https:\/\/asesoriaimssconstruccionycursos.mx\/SIROC-IMSS-2023\/#organization","name":"Asesoria IMSS Construcci\u00f3n Cursos y Capacitaci\u00f3n","alternateName":"Asesoria IMSS Construcci\u00f3n","url":"https:\/\/asesoriaimssconstruccionycursos.mx\/SIROC-IMSS-2023\/","logo":{"@type":"ImageObject","inLanguage":"es","@id":"https:\/\/asesoriaimssconstruccionycursos.mx\/SIROC-IMSS-2023\/#\/schema\/logo\/image\/","url":"https:\/\/asesoriaimssconstruccionycursos.mx\/SIROC-IMSS-2023\/wp-content\/uploads\/2023\/08\/asesoria-imss-costruccion.jpg","contentUrl":"https:\/\/asesoriaimssconstruccionycursos.mx\/SIROC-IMSS-2023\/wp-content\/uploads\/2023\/08\/asesoria-imss-costruccion.jpg","width":300,"height":300,"caption":"Asesoria IMSS Construcci\u00f3n Cursos y Capacitaci\u00f3n"},"image":{"@id":"https:\/\/asesoriaimssconstruccionycursos.mx\/SIROC-IMSS-2023\/#\/schema\/logo\/image\/"},"sameAs":["https:\/\/www.facebook.com\/CapacitacionFiscalyParaConstructoras\/","https:\/\/twitter.com\/GMcapacitacion1","https:\/\/www.linkedin.com\/in\/emmanuel-ramos-g-00b98846","https:\/\/www.youtube.com\/@asesoriaycursosimssconssiroc"]}]}},"_links":{"self":[{"href":"https:\/\/asesoriaimssconstruccionycursos.mx\/SIROC-IMSS-2023\/wp-json\/wp\/v2\/pages\/227","targetHints":{"allow":["GET"]}}],"collection":[{"href":"https:\/\/asesoriaimssconstruccionycursos.mx\/SIROC-IMSS-2023\/wp-json\/wp\/v2\/pages"}],"about":[{"href":"https:\/\/asesoriaimssconstruccionycursos.mx\/SIROC-IMSS-2023\/wp-json\/wp\/v2\/types\/page"}],"author":[{"embeddable":true,"href":"https:\/\/asesoriaimssconstruccionycursos.mx\/SIROC-IMSS-2023\/wp-json\/wp\/v2\/users\/1"}],"replies":[{"embeddable":true,"href":"https:\/\/asesoriaimssconstruccionycursos.mx\/SIROC-IMSS-2023\/wp-json\/wp\/v2\/comments?post=227"}],"version-history":[{"count":9,"href":"https:\/\/asesoriaimssconstruccionycursos.mx\/SIROC-IMSS-2023\/wp-json\/wp\/v2\/pages\/227\/revisions"}],"predecessor-version":[{"id":804,"href":"https:\/\/asesoriaimssconstruccionycursos.mx\/SIROC-IMSS-2023\/wp-json\/wp\/v2\/pages\/227\/revisions\/804"}],"wp:attachment":[{"href":"https:\/\/asesoriaimssconstruccionycursos.mx\/SIROC-IMSS-2023\/wp-json\/wp\/v2\/media?parent=227"}],"wp:term":[{"taxonomy":"category","embeddable":true,"href":"https:\/\/asesoriaimssconstruccionycursos.mx\/SIROC-IMSS-2023\/wp-json\/wp\/v2\/categories?post=227"},{"taxonomy":"post_tag","embeddable":true,"href":"https:\/\/asesoriaimssconstruccionycursos.mx\/SIROC-IMSS-2023\/wp-json\/wp\/v2\/tags?post=227"}],"curies":[{"name":"wp","href":"https:\/\/api.w.org\/{rel}","templated":true}]}}