{"id":234,"date":"2023-05-30T15:27:44","date_gmt":"2023-05-30T15:27:44","guid":{"rendered":"https:\/\/asesoriaimssconstruccionycursos.mx\/SIROC-IMSS-2023\/curso-tips-y-criterios-para-el-llenado-de-sideimss-2-copy-copy-copy-copy-copy-copy-copy\/"},"modified":"2023-09-26T19:34:58","modified_gmt":"2023-09-26T19:34:58","slug":"servicio-expres-atencion-de-visitas-domiciliarias-revisiones-de-gabinete-y-visitas-especificas-del-imss","status":"publish","type":"page","link":"https:\/\/asesoriaimssconstruccionycursos.mx\/SIROC-IMSS-2023\/servicio-expres-atencion-de-visitas-domiciliarias-revisiones-de-gabinete-y-visitas-especificas-del-imss\/","title":{"rendered":"Servicio Expres Atenci\u00f3n de Visitas Domiciliarias, Revisiones de Gabinete y Visitas Espec\u00edficas del IMSS."},"content":{"rendered":"<p>Servicio Expres Atenci\u00f3n de Visitas Domiciliarias, Revisiones de Gabinete y Visitas Espec\u00edficas del IMSS.<\/p>\n<h3 class=\"g-contentlist-headline\">\u00bfSab\u00edas que El IMSS ejerce sus facultades de fiscalizaci\u00f3n mediante?<\/h3>\n<div class=\"g-contentlist-desc\">\u2022 Visitas Domiciliarias,<\/div>\n<div class=\"g-contentlist-desc\">\u2022 Revisiones de Gabinete<\/div>\n<div class=\"g-contentlist-desc\">\u2022 Visitas Espec\u00edficas Con el fin de verificar que los patrones realicen el cumplimiento de sus obligaciones y pago de cuotas al IMSS. En muchos casos estas revisiones generan grandes cantidades a pagar a las constructoras y en general a los patrones.<\/div>\n<div><\/div>\n<div class=\"g-contentlist-desc\">En caso de que el IMSS haya iniciado en tu empresa alguna de estas revisiones, te ofrecemos las mejores alternativas de defensa para evitar el pago de las cuantiosas diferencias que te determine el Seguro Social.<\/div>\n<div>\n<h2 class=\"gmail-g-layercontent-title\">Ahorra Tiempo y esfuerzo<\/h2>\n<h3 class=\"gmail-g-contentlist-headline\">Nosotros te podemos ayudar en la\u00a0<strong>detecci\u00f3n<\/strong>\u00a0y motivos concretos para que puedan\u00a0<strong>concluir<\/strong>\u00a0su tr\u00e1mite.<\/h3>\n<div><\/div>\n<div class=\"gmail-g-contentlist-desc\">Nuestra firma cuenta con m\u00e1s de 15 a\u00f1os de experiencia dictaminando patrones de todo el pa\u00eds, de cualquier giro y sin importar el n\u00famero de trabajadores.<\/div>\n<div><\/div>\n<div>\n<p><strong>\u00bfDeseas mas informaci\u00f3n?<\/strong><\/p>\n<p>Llama\u00a0<img loading=\"lazy\" decoding=\"async\" src=\"https:\/\/asesoriaimssconstruccionycursos.mx\/SIROC-IMSS-2023\/wp-content\/uploads\/2023\/05\/phone-button-blue.png\" alt=\"\" width=\"21\" height=\"21\" \/>\u00a0al\u00a0<strong><a href=\"tel:5556091723\">55\u00a05609 1723<\/a>,\u00a0<\/strong>\u00f3 envia un mensaje\u00a0<img loading=\"lazy\" decoding=\"async\" src=\"https:\/\/asesoriaimssconstruccionycursos.mx\/SIROC-IMSS-2023\/wp-content\/uploads\/2023\/05\/whatsapp-official-logo-png-download.png\" alt=\"\" width=\"19\" height=\"19\" \/>\u00a0al\u00a0<strong><a href=\"tel:5532510233\">55 3251 0233<\/a><\/strong><\/p>\n<\/div>\n<\/div>\n","protected":false},"excerpt":{"rendered":"<p>Servicio Expres Atenci\u00f3n de Visitas Domiciliarias, Revisiones de Gabinete y Visitas Espec\u00edficas del IMSS. \u00bfSab\u00edas que El IMSS ejerce sus facultades de fiscalizaci\u00f3n mediante? \u2022 Visitas Domiciliarias, \u2022 Revisiones de Gabinete \u2022 Visitas Espec\u00edficas Con el fin de verificar que los patrones realicen el cumplimiento de sus obligaciones y pago de cuotas al IMSS. En [&hellip;]<\/p>\n","protected":false},"author":1,"featured_media":0,"parent":0,"menu_order":0,"comment_status":"closed","ping_status":"closed","template":"","meta":{"footnotes":""},"categories":[],"tags":[],"class_list":["post-234","page","type-page","status-publish","hentry"],"yoast_head":"<!-- This site is optimized with the Yoast SEO plugin v21.7 - https:\/\/yoast.com\/wordpress\/plugins\/seo\/ -->\n<title>Servicio Expres Atenci\u00f3n de Visitas Domiciliarias, Revisiones de Gabinete y Visitas Espec\u00edficas del IMSS. - Asesor\u00eda y Cursos SIROC IMSS<\/title>\n<meta name=\"description\" content=\"Curso - Curso SIROC IMSS Vista previa de la meta descripci\u00f3nOBJETIVO:\u00a0Conocer desde cero, el manejo del SIROC para cumplir con los avisos de obra e Incidencias de Obra. Asimismo, conocer la mec\u00e1nica de consulta de informaci\u00f3n previamente ingresada con que cuenta esta plataforma\" \/>\n<meta name=\"robots\" content=\"index, follow, max-snippet:-1, max-image-preview:large, max-video-preview:-1\" \/>\n<link rel=\"canonical\" href=\"https:\/\/asesoriaimssconstruccionycursos.mx\/SIROC-IMSS-2023\/servicio-expres-atencion-de-visitas-domiciliarias-revisiones-de-gabinete-y-visitas-especificas-del-imss\/\" \/>\n<meta property=\"og:locale\" content=\"es_MX\" \/>\n<meta property=\"og:type\" content=\"article\" \/>\n<meta property=\"og:title\" content=\"Servicio Expres Atenci\u00f3n de Visitas Domiciliarias, Revisiones de Gabinete y Visitas Espec\u00edficas del IMSS. - Asesor\u00eda y Cursos SIROC IMSS\" \/>\n<meta property=\"og:description\" content=\"Curso - Curso SIROC IMSS Vista previa de la meta descripci\u00f3nOBJETIVO:\u00a0Conocer desde cero, el manejo del SIROC para cumplir con los avisos de obra e Incidencias de Obra. Asimismo, conocer la mec\u00e1nica de consulta de informaci\u00f3n previamente ingresada con que cuenta esta plataforma\" \/>\n<meta property=\"og:url\" content=\"https:\/\/asesoriaimssconstruccionycursos.mx\/SIROC-IMSS-2023\/servicio-expres-atencion-de-visitas-domiciliarias-revisiones-de-gabinete-y-visitas-especificas-del-imss\/\" \/>\n<meta property=\"og:site_name\" content=\"Asesor\u00eda y Cursos SIROC IMSS\" \/>\n<meta property=\"article:publisher\" content=\"https:\/\/www.facebook.com\/CapacitacionFiscalyParaConstructoras\/\" \/>\n<meta property=\"article:modified_time\" content=\"2023-09-26T19:34:58+00:00\" \/>\n<meta property=\"og:image\" content=\"https:\/\/asesoriaimssconstruccionycursos.mx\/SIROC-IMSS-2023\/wp-content\/uploads\/2023\/05\/phone-button-blue.png\" \/>\n<meta name=\"twitter:card\" content=\"summary_large_image\" \/>\n<meta name=\"twitter:site\" content=\"@GMcapacitacion1\" \/>\n<meta name=\"twitter:label1\" content=\"Tiempo de lectura\" \/>\n\t<meta name=\"twitter:data1\" content=\"2 minutos\" \/>\n<script type=\"application\/ld+json\" class=\"yoast-schema-graph\">{\"@context\":\"https:\/\/schema.org\",\"@graph\":[{\"@type\":\"WebPage\",\"@id\":\"https:\/\/asesoriaimssconstruccionycursos.mx\/SIROC-IMSS-2023\/servicio-expres-atencion-de-visitas-domiciliarias-revisiones-de-gabinete-y-visitas-especificas-del-imss\/\",\"url\":\"https:\/\/asesoriaimssconstruccionycursos.mx\/SIROC-IMSS-2023\/servicio-expres-atencion-de-visitas-domiciliarias-revisiones-de-gabinete-y-visitas-especificas-del-imss\/\",\"name\":\"Servicio Expres Atenci\u00f3n de Visitas Domiciliarias, Revisiones de Gabinete y Visitas Espec\u00edficas del IMSS. - Asesor\u00eda y Cursos SIROC IMSS\",\"isPartOf\":{\"@id\":\"https:\/\/asesoriaimssconstruccionycursos.mx\/SIROC-IMSS-2023\/#website\"},\"datePublished\":\"2023-05-30T15:27:44+00:00\",\"dateModified\":\"2023-09-26T19:34:58+00:00\",\"description\":\"Curso - Curso SIROC IMSS Vista previa de la meta descripci\u00f3nOBJETIVO:\u00a0Conocer desde cero, el manejo del SIROC para cumplir con los avisos de obra e Incidencias de Obra. Asimismo, conocer la mec\u00e1nica de consulta de informaci\u00f3n previamente ingresada con que cuenta esta plataforma\",\"breadcrumb\":{\"@id\":\"https:\/\/asesoriaimssconstruccionycursos.mx\/SIROC-IMSS-2023\/servicio-expres-atencion-de-visitas-domiciliarias-revisiones-de-gabinete-y-visitas-especificas-del-imss\/#breadcrumb\"},\"inLanguage\":\"es\",\"potentialAction\":[{\"@type\":\"ReadAction\",\"target\":[\"https:\/\/asesoriaimssconstruccionycursos.mx\/SIROC-IMSS-2023\/servicio-expres-atencion-de-visitas-domiciliarias-revisiones-de-gabinete-y-visitas-especificas-del-imss\/\"]}]},{\"@type\":\"BreadcrumbList\",\"@id\":\"https:\/\/asesoriaimssconstruccionycursos.mx\/SIROC-IMSS-2023\/servicio-expres-atencion-de-visitas-domiciliarias-revisiones-de-gabinete-y-visitas-especificas-del-imss\/#breadcrumb\",\"itemListElement\":[{\"@type\":\"ListItem\",\"position\":1,\"name\":\"Inicio\",\"item\":\"https:\/\/asesoriaimssconstruccionycursos.mx\/SIROC-IMSS-2023\/\"},{\"@type\":\"ListItem\",\"position\":2,\"name\":\"Servicio Expres Atenci\u00f3n de Visitas Domiciliarias, Revisiones de Gabinete y Visitas Espec\u00edficas del IMSS.\"}]},{\"@type\":\"WebSite\",\"@id\":\"https:\/\/asesoriaimssconstruccionycursos.mx\/SIROC-IMSS-2023\/#website\",\"url\":\"https:\/\/asesoriaimssconstruccionycursos.mx\/SIROC-IMSS-2023\/\",\"name\":\"Asesor\u00eda y Cursos SIROC IMSS\",\"description\":\"Brindamos Asesor\u00eda Fiscal y Contable\",\"publisher\":{\"@id\":\"https:\/\/asesoriaimssconstruccionycursos.mx\/SIROC-IMSS-2023\/#organization\"},\"potentialAction\":[{\"@type\":\"SearchAction\",\"target\":{\"@type\":\"EntryPoint\",\"urlTemplate\":\"https:\/\/asesoriaimssconstruccionycursos.mx\/SIROC-IMSS-2023\/?s={search_term_string}\"},\"query-input\":\"required name=search_term_string\"}],\"inLanguage\":\"es\"},{\"@type\":\"Organization\",\"@id\":\"https:\/\/asesoriaimssconstruccionycursos.mx\/SIROC-IMSS-2023\/#organization\",\"name\":\"Asesoria IMSS Construcci\u00f3n Cursos y Capacitaci\u00f3n\",\"alternateName\":\"Asesoria IMSS Construcci\u00f3n\",\"url\":\"https:\/\/asesoriaimssconstruccionycursos.mx\/SIROC-IMSS-2023\/\",\"logo\":{\"@type\":\"ImageObject\",\"inLanguage\":\"es\",\"@id\":\"https:\/\/asesoriaimssconstruccionycursos.mx\/SIROC-IMSS-2023\/#\/schema\/logo\/image\/\",\"url\":\"https:\/\/asesoriaimssconstruccionycursos.mx\/SIROC-IMSS-2023\/wp-content\/uploads\/2023\/08\/asesoria-imss-costruccion.jpg\",\"contentUrl\":\"https:\/\/asesoriaimssconstruccionycursos.mx\/SIROC-IMSS-2023\/wp-content\/uploads\/2023\/08\/asesoria-imss-costruccion.jpg\",\"width\":300,\"height\":300,\"caption\":\"Asesoria IMSS Construcci\u00f3n Cursos y Capacitaci\u00f3n\"},\"image\":{\"@id\":\"https:\/\/asesoriaimssconstruccionycursos.mx\/SIROC-IMSS-2023\/#\/schema\/logo\/image\/\"},\"sameAs\":[\"https:\/\/www.facebook.com\/CapacitacionFiscalyParaConstructoras\/\",\"https:\/\/twitter.com\/GMcapacitacion1\",\"https:\/\/www.linkedin.com\/in\/emmanuel-ramos-g-00b98846\",\"https:\/\/www.youtube.com\/@asesoriaycursosimssconssiroc\"]}]}<\/script>\n<!-- \/ Yoast SEO plugin. -->","yoast_head_json":{"title":"Servicio Expres Atenci\u00f3n de Visitas Domiciliarias, Revisiones de Gabinete y Visitas Espec\u00edficas del IMSS. - Asesor\u00eda y Cursos SIROC IMSS","description":"Curso - Curso SIROC IMSS Vista previa de la meta descripci\u00f3nOBJETIVO:\u00a0Conocer desde cero, el manejo del SIROC para cumplir con los avisos de obra e Incidencias de Obra. Asimismo, conocer la mec\u00e1nica de consulta de informaci\u00f3n previamente ingresada con que cuenta esta plataforma","robots":{"index":"index","follow":"follow","max-snippet":"max-snippet:-1","max-image-preview":"max-image-preview:large","max-video-preview":"max-video-preview:-1"},"canonical":"https:\/\/asesoriaimssconstruccionycursos.mx\/SIROC-IMSS-2023\/servicio-expres-atencion-de-visitas-domiciliarias-revisiones-de-gabinete-y-visitas-especificas-del-imss\/","og_locale":"es_MX","og_type":"article","og_title":"Servicio Expres Atenci\u00f3n de Visitas Domiciliarias, Revisiones de Gabinete y Visitas Espec\u00edficas del IMSS. - Asesor\u00eda y Cursos SIROC IMSS","og_description":"Curso - Curso SIROC IMSS Vista previa de la meta descripci\u00f3nOBJETIVO:\u00a0Conocer desde cero, el manejo del SIROC para cumplir con los avisos de obra e Incidencias de Obra. Asimismo, conocer la mec\u00e1nica de consulta de informaci\u00f3n previamente ingresada con que cuenta esta plataforma","og_url":"https:\/\/asesoriaimssconstruccionycursos.mx\/SIROC-IMSS-2023\/servicio-expres-atencion-de-visitas-domiciliarias-revisiones-de-gabinete-y-visitas-especificas-del-imss\/","og_site_name":"Asesor\u00eda y Cursos SIROC IMSS","article_publisher":"https:\/\/www.facebook.com\/CapacitacionFiscalyParaConstructoras\/","article_modified_time":"2023-09-26T19:34:58+00:00","og_image":[{"url":"https:\/\/asesoriaimssconstruccionycursos.mx\/SIROC-IMSS-2023\/wp-content\/uploads\/2023\/05\/phone-button-blue.png"}],"twitter_card":"summary_large_image","twitter_site":"@GMcapacitacion1","twitter_misc":{"Tiempo de lectura":"2 minutos"},"schema":{"@context":"https:\/\/schema.org","@graph":[{"@type":"WebPage","@id":"https:\/\/asesoriaimssconstruccionycursos.mx\/SIROC-IMSS-2023\/servicio-expres-atencion-de-visitas-domiciliarias-revisiones-de-gabinete-y-visitas-especificas-del-imss\/","url":"https:\/\/asesoriaimssconstruccionycursos.mx\/SIROC-IMSS-2023\/servicio-expres-atencion-de-visitas-domiciliarias-revisiones-de-gabinete-y-visitas-especificas-del-imss\/","name":"Servicio Expres Atenci\u00f3n de Visitas Domiciliarias, Revisiones de Gabinete y Visitas Espec\u00edficas del IMSS. - Asesor\u00eda y Cursos SIROC IMSS","isPartOf":{"@id":"https:\/\/asesoriaimssconstruccionycursos.mx\/SIROC-IMSS-2023\/#website"},"datePublished":"2023-05-30T15:27:44+00:00","dateModified":"2023-09-26T19:34:58+00:00","description":"Curso - Curso SIROC IMSS Vista previa de la meta descripci\u00f3nOBJETIVO:\u00a0Conocer desde cero, el manejo del SIROC para cumplir con los avisos de obra e Incidencias de Obra. Asimismo, conocer la mec\u00e1nica de consulta de informaci\u00f3n previamente ingresada con que cuenta esta plataforma","breadcrumb":{"@id":"https:\/\/asesoriaimssconstruccionycursos.mx\/SIROC-IMSS-2023\/servicio-expres-atencion-de-visitas-domiciliarias-revisiones-de-gabinete-y-visitas-especificas-del-imss\/#breadcrumb"},"inLanguage":"es","potentialAction":[{"@type":"ReadAction","target":["https:\/\/asesoriaimssconstruccionycursos.mx\/SIROC-IMSS-2023\/servicio-expres-atencion-de-visitas-domiciliarias-revisiones-de-gabinete-y-visitas-especificas-del-imss\/"]}]},{"@type":"BreadcrumbList","@id":"https:\/\/asesoriaimssconstruccionycursos.mx\/SIROC-IMSS-2023\/servicio-expres-atencion-de-visitas-domiciliarias-revisiones-de-gabinete-y-visitas-especificas-del-imss\/#breadcrumb","itemListElement":[{"@type":"ListItem","position":1,"name":"Inicio","item":"https:\/\/asesoriaimssconstruccionycursos.mx\/SIROC-IMSS-2023\/"},{"@type":"ListItem","position":2,"name":"Servicio Expres Atenci\u00f3n de Visitas Domiciliarias, Revisiones de Gabinete y Visitas Espec\u00edficas del IMSS."}]},{"@type":"WebSite","@id":"https:\/\/asesoriaimssconstruccionycursos.mx\/SIROC-IMSS-2023\/#website","url":"https:\/\/asesoriaimssconstruccionycursos.mx\/SIROC-IMSS-2023\/","name":"Asesor\u00eda y Cursos SIROC IMSS","description":"Brindamos Asesor\u00eda Fiscal y Contable","publisher":{"@id":"https:\/\/asesoriaimssconstruccionycursos.mx\/SIROC-IMSS-2023\/#organization"},"potentialAction":[{"@type":"SearchAction","target":{"@type":"EntryPoint","urlTemplate":"https:\/\/asesoriaimssconstruccionycursos.mx\/SIROC-IMSS-2023\/?s={search_term_string}"},"query-input":"required name=search_term_string"}],"inLanguage":"es"},{"@type":"Organization","@id":"https:\/\/asesoriaimssconstruccionycursos.mx\/SIROC-IMSS-2023\/#organization","name":"Asesoria IMSS Construcci\u00f3n Cursos y Capacitaci\u00f3n","alternateName":"Asesoria IMSS Construcci\u00f3n","url":"https:\/\/asesoriaimssconstruccionycursos.mx\/SIROC-IMSS-2023\/","logo":{"@type":"ImageObject","inLanguage":"es","@id":"https:\/\/asesoriaimssconstruccionycursos.mx\/SIROC-IMSS-2023\/#\/schema\/logo\/image\/","url":"https:\/\/asesoriaimssconstruccionycursos.mx\/SIROC-IMSS-2023\/wp-content\/uploads\/2023\/08\/asesoria-imss-costruccion.jpg","contentUrl":"https:\/\/asesoriaimssconstruccionycursos.mx\/SIROC-IMSS-2023\/wp-content\/uploads\/2023\/08\/asesoria-imss-costruccion.jpg","width":300,"height":300,"caption":"Asesoria IMSS Construcci\u00f3n Cursos y Capacitaci\u00f3n"},"image":{"@id":"https:\/\/asesoriaimssconstruccionycursos.mx\/SIROC-IMSS-2023\/#\/schema\/logo\/image\/"},"sameAs":["https:\/\/www.facebook.com\/CapacitacionFiscalyParaConstructoras\/","https:\/\/twitter.com\/GMcapacitacion1","https:\/\/www.linkedin.com\/in\/emmanuel-ramos-g-00b98846","https:\/\/www.youtube.com\/@asesoriaycursosimssconssiroc"]}]}},"_links":{"self":[{"href":"https:\/\/asesoriaimssconstruccionycursos.mx\/SIROC-IMSS-2023\/wp-json\/wp\/v2\/pages\/234","targetHints":{"allow":["GET"]}}],"collection":[{"href":"https:\/\/asesoriaimssconstruccionycursos.mx\/SIROC-IMSS-2023\/wp-json\/wp\/v2\/pages"}],"about":[{"href":"https:\/\/asesoriaimssconstruccionycursos.mx\/SIROC-IMSS-2023\/wp-json\/wp\/v2\/types\/page"}],"author":[{"embeddable":true,"href":"https:\/\/asesoriaimssconstruccionycursos.mx\/SIROC-IMSS-2023\/wp-json\/wp\/v2\/users\/1"}],"replies":[{"embeddable":true,"href":"https:\/\/asesoriaimssconstruccionycursos.mx\/SIROC-IMSS-2023\/wp-json\/wp\/v2\/comments?post=234"}],"version-history":[{"count":4,"href":"https:\/\/asesoriaimssconstruccionycursos.mx\/SIROC-IMSS-2023\/wp-json\/wp\/v2\/pages\/234\/revisions"}],"predecessor-version":[{"id":524,"href":"https:\/\/asesoriaimssconstruccionycursos.mx\/SIROC-IMSS-2023\/wp-json\/wp\/v2\/pages\/234\/revisions\/524"}],"wp:attachment":[{"href":"https:\/\/asesoriaimssconstruccionycursos.mx\/SIROC-IMSS-2023\/wp-json\/wp\/v2\/media?parent=234"}],"wp:term":[{"taxonomy":"category","embeddable":true,"href":"https:\/\/asesoriaimssconstruccionycursos.mx\/SIROC-IMSS-2023\/wp-json\/wp\/v2\/categories?post=234"},{"taxonomy":"post_tag","embeddable":true,"href":"https:\/\/asesoriaimssconstruccionycursos.mx\/SIROC-IMSS-2023\/wp-json\/wp\/v2\/tags?post=234"}],"curies":[{"name":"wp","href":"https:\/\/api.w.org\/{rel}","templated":true}]}}