{"id":235,"date":"2023-05-30T15:27:58","date_gmt":"2023-05-30T15:27:58","guid":{"rendered":"https:\/\/asesoriaimssconstruccionycursos.mx\/SIROC-IMSS-2023\/curso-tips-y-criterios-para-el-llenado-de-sideimss-2-copy-copy-copy-copy-copy-copy-copy-copy\/"},"modified":"2024-03-21T16:14:30","modified_gmt":"2024-03-21T16:14:30","slug":"servicios-expres-para-tramite-y-actualizacion-de-repse-ante-la-stps","status":"publish","type":"page","link":"https:\/\/asesoriaimssconstruccionycursos.mx\/SIROC-IMSS-2023\/servicios-expres-para-tramite-y-actualizacion-de-repse-ante-la-stps\/","title":{"rendered":"Servicios expres para Tr\u00e1mite y Actualizaci\u00f3n de REPSE. ante la STPS"},"content":{"rendered":"<h2 class=\"gmail-g-layercontent-title\">Ahorra Tiempo y esfuerzo<\/h2>\n<h3 class=\"gmail-g-contentlist-headline\">Nosotros te podemos ayudar en la\u00a0<strong>detecci\u00f3n<\/strong>\u00a0y motivos concretos para que puedan\u00a0<strong>concluir<\/strong>\u00a0su tr\u00e1mite.<\/h3>\n<p>Servicios Tr\u00e1mite y Actualizaci\u00f3n de REPSE. Ante la STPS<\/p>\n<p>Una de las nuevas obligaciones que establece la Ley Federal del Trabajo, es el Registro de Prestadoras de Servicios Especializados y Obras Especializadas tambi\u00e9n llamado REPSE. Cont\u00e1mos con la experiencia en el an\u00e1lisis de informaci\u00f3n necesaria para que el tr\u00e1mite sea autorizado. Asimismo, en aquellos casos de REPSE\u00b4s autorizados en los que se tenga la necesidad de incorporar nuevas actividades especializadas. Nuestra firma realiza las gestiones necesarias para que estas sean incluidas y autorizadas por la STPS.<\/p>\n<div><\/div>\n<div class=\"gmail-g-contentlist-desc\">Nuestra firma cuenta con m\u00e1s de 15 a\u00f1os de experiencia dictaminando patrones de todo el pa\u00eds, de cualquier giro y sin importar el n\u00famero de trabajadores.<\/div>\n<div><\/div>\n<div>\n<p><strong>\u00bfDeseas mas informaci\u00f3n?<\/strong><\/p>\n<p>Llama\u00a0<img loading=\"lazy\" decoding=\"async\" src=\"https:\/\/asesoriaimssconstruccionycursos.mx\/SIROC-IMSS-2023\/wp-content\/uploads\/2023\/05\/phone-button-blue.png\" alt=\"\" width=\"21\" height=\"21\" \/>\u00a0al\u00a0<strong><a href=\"tel:5556091723\">55\u00a05609 1723<\/a>,\u00a0<\/strong>\u00f3 envia un mensaje\u00a0<img loading=\"lazy\" decoding=\"async\" src=\"https:\/\/asesoriaimssconstruccionycursos.mx\/SIROC-IMSS-2023\/wp-content\/uploads\/2023\/05\/whatsapp-official-logo-png-download.png\" alt=\"\" width=\"19\" height=\"19\" \/>\u00a0al\u00a0<strong><a href=\"tel:5532510233\">55 3251 0233<\/a><\/strong><\/p>\n<\/div>\n","protected":false},"excerpt":{"rendered":"<p>Ahorra Tiempo y esfuerzo Nosotros te podemos ayudar en la\u00a0detecci\u00f3n\u00a0y motivos concretos para que puedan\u00a0concluir\u00a0su tr\u00e1mite. Servicios Tr\u00e1mite y Actualizaci\u00f3n de REPSE. Ante la STPS Una de las nuevas obligaciones que establece la Ley Federal del Trabajo, es el Registro de Prestadoras de Servicios Especializados y Obras Especializadas tambi\u00e9n llamado REPSE. Cont\u00e1mos con la experiencia [&hellip;]<\/p>\n","protected":false},"author":1,"featured_media":0,"parent":0,"menu_order":0,"comment_status":"closed","ping_status":"closed","template":"","meta":{"footnotes":""},"categories":[],"tags":[],"class_list":["post-235","page","type-page","status-publish","hentry"],"yoast_head":"<!-- This site is optimized with the Yoast SEO plugin v21.7 - https:\/\/yoast.com\/wordpress\/plugins\/seo\/ -->\n<title>Servicios expres para Tr\u00e1mite y Actualizaci\u00f3n de REPSE. ante la STPS - Asesor\u00eda y Cursos SIROC IMSS<\/title>\n<meta name=\"description\" content=\"Curso - Curso SIROC IMSS Vista previa de la meta descripci\u00f3nOBJETIVO:\u00a0Conocer desde cero, el manejo del SIROC para cumplir con los avisos de obra e Incidencias de Obra. Asimismo, conocer la mec\u00e1nica de consulta de informaci\u00f3n previamente ingresada con que cuenta esta plataforma\" \/>\n<meta name=\"robots\" content=\"index, follow, max-snippet:-1, max-image-preview:large, max-video-preview:-1\" \/>\n<link rel=\"canonical\" href=\"https:\/\/asesoriaimssconstruccionycursos.mx\/SIROC-IMSS-2023\/servicios-expres-para-tramite-y-actualizacion-de-repse-ante-la-stps\/\" \/>\n<meta property=\"og:locale\" content=\"es_MX\" \/>\n<meta property=\"og:type\" content=\"article\" \/>\n<meta property=\"og:title\" content=\"Llenado y Presentaci\u00f3n de REPSE para Obras y Servicios Especializados Nosotros te podemos ayudar en la\u00a0detecci\u00f3n\u00a0y motivos concretos para que puedan\u00a0concluir su tr\u00e1mite.\" \/>\n<meta property=\"og:description\" content=\"Cont\u00e1ctanos WhatsApp 55 32 51 02 33 Tel. Oficina 55 56 09 17 23\" \/>\n<meta property=\"og:url\" content=\"https:\/\/asesoriaimssconstruccionycursos.mx\/SIROC-IMSS-2023\/servicios-expres-para-tramite-y-actualizacion-de-repse-ante-la-stps\/\" \/>\n<meta property=\"og:site_name\" content=\"Asesor\u00eda y Cursos SIROC IMSS\" \/>\n<meta property=\"article:publisher\" content=\"https:\/\/www.facebook.com\/CapacitacionFiscalyParaConstructoras\/\" \/>\n<meta property=\"article:modified_time\" content=\"2024-03-21T16:14:30+00:00\" \/>\n<meta property=\"og:image\" content=\"https:\/\/asesoriaimssconstruccionycursos.mx\/SIROC-IMSS-2023\/wp-content\/uploads\/2024\/03\/0Asesoria-en-Tramite-Actualizacion-Renovacion-y-Fiscalizacion-del-REPSE.jpg\" \/>\n\t<meta property=\"og:image:width\" content=\"500\" \/>\n\t<meta property=\"og:image:height\" content=\"500\" \/>\n\t<meta property=\"og:image:type\" content=\"image\/jpeg\" \/>\n<meta name=\"twitter:card\" content=\"summary_large_image\" \/>\n<meta name=\"twitter:title\" content=\"Llenado y Presentaci\u00f3n de REPSE para Obras y Servicios Especializados Nosotros te podemos ayudar en la\u00a0detecci\u00f3n\u00a0y motivos concretos para que puedan\u00a0concluir su tr\u00e1mite.\" \/>\n<meta name=\"twitter:description\" content=\"Cont\u00e1ctanos WhatsApp 55 32 51 02 33 Tel. Oficina 55 56 09 17 23\" \/>\n<meta name=\"twitter:image\" content=\"https:\/\/asesoriaimssconstruccionycursos.mx\/SIROC-IMSS-2023\/wp-content\/uploads\/2024\/03\/0Asesoria-en-Tramite-Actualizacion-Renovacion-y-Fiscalizacion-del-REPSE.jpg\" \/>\n<meta name=\"twitter:site\" content=\"@GMcapacitacion1\" \/>\n<meta name=\"twitter:label1\" content=\"Tiempo de lectura\" \/>\n\t<meta name=\"twitter:data1\" content=\"2 minutos\" \/>\n<script type=\"application\/ld+json\" class=\"yoast-schema-graph\">{\"@context\":\"https:\/\/schema.org\",\"@graph\":[{\"@type\":\"WebPage\",\"@id\":\"https:\/\/asesoriaimssconstruccionycursos.mx\/SIROC-IMSS-2023\/servicios-expres-para-tramite-y-actualizacion-de-repse-ante-la-stps\/\",\"url\":\"https:\/\/asesoriaimssconstruccionycursos.mx\/SIROC-IMSS-2023\/servicios-expres-para-tramite-y-actualizacion-de-repse-ante-la-stps\/\",\"name\":\"Servicios expres para Tr\u00e1mite y Actualizaci\u00f3n de REPSE. ante la STPS - Asesor\u00eda y Cursos SIROC IMSS\",\"isPartOf\":{\"@id\":\"https:\/\/asesoriaimssconstruccionycursos.mx\/SIROC-IMSS-2023\/#website\"},\"datePublished\":\"2023-05-30T15:27:58+00:00\",\"dateModified\":\"2024-03-21T16:14:30+00:00\",\"description\":\"Curso - Curso SIROC IMSS Vista previa de la meta descripci\u00f3nOBJETIVO:\u00a0Conocer desde cero, el manejo del SIROC para cumplir con los avisos de obra e Incidencias de Obra. Asimismo, conocer la mec\u00e1nica de consulta de informaci\u00f3n previamente ingresada con que cuenta esta plataforma\",\"breadcrumb\":{\"@id\":\"https:\/\/asesoriaimssconstruccionycursos.mx\/SIROC-IMSS-2023\/servicios-expres-para-tramite-y-actualizacion-de-repse-ante-la-stps\/#breadcrumb\"},\"inLanguage\":\"es\",\"potentialAction\":[{\"@type\":\"ReadAction\",\"target\":[\"https:\/\/asesoriaimssconstruccionycursos.mx\/SIROC-IMSS-2023\/servicios-expres-para-tramite-y-actualizacion-de-repse-ante-la-stps\/\"]}]},{\"@type\":\"BreadcrumbList\",\"@id\":\"https:\/\/asesoriaimssconstruccionycursos.mx\/SIROC-IMSS-2023\/servicios-expres-para-tramite-y-actualizacion-de-repse-ante-la-stps\/#breadcrumb\",\"itemListElement\":[{\"@type\":\"ListItem\",\"position\":1,\"name\":\"Inicio\",\"item\":\"https:\/\/asesoriaimssconstruccionycursos.mx\/SIROC-IMSS-2023\/\"},{\"@type\":\"ListItem\",\"position\":2,\"name\":\"Servicios expres para Tr\u00e1mite y Actualizaci\u00f3n de REPSE. ante la STPS\"}]},{\"@type\":\"WebSite\",\"@id\":\"https:\/\/asesoriaimssconstruccionycursos.mx\/SIROC-IMSS-2023\/#website\",\"url\":\"https:\/\/asesoriaimssconstruccionycursos.mx\/SIROC-IMSS-2023\/\",\"name\":\"Asesor\u00eda y Cursos SIROC IMSS\",\"description\":\"Brindamos Asesor\u00eda Fiscal y Contable\",\"publisher\":{\"@id\":\"https:\/\/asesoriaimssconstruccionycursos.mx\/SIROC-IMSS-2023\/#organization\"},\"potentialAction\":[{\"@type\":\"SearchAction\",\"target\":{\"@type\":\"EntryPoint\",\"urlTemplate\":\"https:\/\/asesoriaimssconstruccionycursos.mx\/SIROC-IMSS-2023\/?s={search_term_string}\"},\"query-input\":\"required name=search_term_string\"}],\"inLanguage\":\"es\"},{\"@type\":\"Organization\",\"@id\":\"https:\/\/asesoriaimssconstruccionycursos.mx\/SIROC-IMSS-2023\/#organization\",\"name\":\"Asesoria IMSS Construcci\u00f3n Cursos y Capacitaci\u00f3n\",\"alternateName\":\"Asesoria IMSS Construcci\u00f3n\",\"url\":\"https:\/\/asesoriaimssconstruccionycursos.mx\/SIROC-IMSS-2023\/\",\"logo\":{\"@type\":\"ImageObject\",\"inLanguage\":\"es\",\"@id\":\"https:\/\/asesoriaimssconstruccionycursos.mx\/SIROC-IMSS-2023\/#\/schema\/logo\/image\/\",\"url\":\"https:\/\/asesoriaimssconstruccionycursos.mx\/SIROC-IMSS-2023\/wp-content\/uploads\/2023\/08\/asesoria-imss-costruccion.jpg\",\"contentUrl\":\"https:\/\/asesoriaimssconstruccionycursos.mx\/SIROC-IMSS-2023\/wp-content\/uploads\/2023\/08\/asesoria-imss-costruccion.jpg\",\"width\":300,\"height\":300,\"caption\":\"Asesoria IMSS Construcci\u00f3n Cursos y Capacitaci\u00f3n\"},\"image\":{\"@id\":\"https:\/\/asesoriaimssconstruccionycursos.mx\/SIROC-IMSS-2023\/#\/schema\/logo\/image\/\"},\"sameAs\":[\"https:\/\/www.facebook.com\/CapacitacionFiscalyParaConstructoras\/\",\"https:\/\/twitter.com\/GMcapacitacion1\",\"https:\/\/www.linkedin.com\/in\/emmanuel-ramos-g-00b98846\",\"https:\/\/www.youtube.com\/@asesoriaycursosimssconssiroc\"]}]}<\/script>\n<!-- \/ Yoast SEO plugin. -->","yoast_head_json":{"title":"Servicios expres para Tr\u00e1mite y Actualizaci\u00f3n de REPSE. ante la STPS - Asesor\u00eda y Cursos SIROC IMSS","description":"Curso - Curso SIROC IMSS Vista previa de la meta descripci\u00f3nOBJETIVO:\u00a0Conocer desde cero, el manejo del SIROC para cumplir con los avisos de obra e Incidencias de Obra. Asimismo, conocer la mec\u00e1nica de consulta de informaci\u00f3n previamente ingresada con que cuenta esta plataforma","robots":{"index":"index","follow":"follow","max-snippet":"max-snippet:-1","max-image-preview":"max-image-preview:large","max-video-preview":"max-video-preview:-1"},"canonical":"https:\/\/asesoriaimssconstruccionycursos.mx\/SIROC-IMSS-2023\/servicios-expres-para-tramite-y-actualizacion-de-repse-ante-la-stps\/","og_locale":"es_MX","og_type":"article","og_title":"Llenado y Presentaci\u00f3n de REPSE para Obras y Servicios Especializados Nosotros te podemos ayudar en la\u00a0detecci\u00f3n\u00a0y motivos concretos para que puedan\u00a0concluir su tr\u00e1mite.","og_description":"Cont\u00e1ctanos WhatsApp 55 32 51 02 33 Tel. Oficina 55 56 09 17 23","og_url":"https:\/\/asesoriaimssconstruccionycursos.mx\/SIROC-IMSS-2023\/servicios-expres-para-tramite-y-actualizacion-de-repse-ante-la-stps\/","og_site_name":"Asesor\u00eda y Cursos SIROC IMSS","article_publisher":"https:\/\/www.facebook.com\/CapacitacionFiscalyParaConstructoras\/","article_modified_time":"2024-03-21T16:14:30+00:00","og_image":[{"width":500,"height":500,"url":"https:\/\/asesoriaimssconstruccionycursos.mx\/SIROC-IMSS-2023\/wp-content\/uploads\/2024\/03\/0Asesoria-en-Tramite-Actualizacion-Renovacion-y-Fiscalizacion-del-REPSE.jpg","type":"image\/jpeg"}],"twitter_card":"summary_large_image","twitter_title":"Llenado y Presentaci\u00f3n de REPSE para Obras y Servicios Especializados Nosotros te podemos ayudar en la\u00a0detecci\u00f3n\u00a0y motivos concretos para que puedan\u00a0concluir su tr\u00e1mite.","twitter_description":"Cont\u00e1ctanos WhatsApp 55 32 51 02 33 Tel. Oficina 55 56 09 17 23","twitter_image":"https:\/\/asesoriaimssconstruccionycursos.mx\/SIROC-IMSS-2023\/wp-content\/uploads\/2024\/03\/0Asesoria-en-Tramite-Actualizacion-Renovacion-y-Fiscalizacion-del-REPSE.jpg","twitter_site":"@GMcapacitacion1","twitter_misc":{"Tiempo de lectura":"2 minutos"},"schema":{"@context":"https:\/\/schema.org","@graph":[{"@type":"WebPage","@id":"https:\/\/asesoriaimssconstruccionycursos.mx\/SIROC-IMSS-2023\/servicios-expres-para-tramite-y-actualizacion-de-repse-ante-la-stps\/","url":"https:\/\/asesoriaimssconstruccionycursos.mx\/SIROC-IMSS-2023\/servicios-expres-para-tramite-y-actualizacion-de-repse-ante-la-stps\/","name":"Servicios expres para Tr\u00e1mite y Actualizaci\u00f3n de REPSE. ante la STPS - Asesor\u00eda y Cursos SIROC IMSS","isPartOf":{"@id":"https:\/\/asesoriaimssconstruccionycursos.mx\/SIROC-IMSS-2023\/#website"},"datePublished":"2023-05-30T15:27:58+00:00","dateModified":"2024-03-21T16:14:30+00:00","description":"Curso - Curso SIROC IMSS Vista previa de la meta descripci\u00f3nOBJETIVO:\u00a0Conocer desde cero, el manejo del SIROC para cumplir con los avisos de obra e Incidencias de Obra. Asimismo, conocer la mec\u00e1nica de consulta de informaci\u00f3n previamente ingresada con que cuenta esta plataforma","breadcrumb":{"@id":"https:\/\/asesoriaimssconstruccionycursos.mx\/SIROC-IMSS-2023\/servicios-expres-para-tramite-y-actualizacion-de-repse-ante-la-stps\/#breadcrumb"},"inLanguage":"es","potentialAction":[{"@type":"ReadAction","target":["https:\/\/asesoriaimssconstruccionycursos.mx\/SIROC-IMSS-2023\/servicios-expres-para-tramite-y-actualizacion-de-repse-ante-la-stps\/"]}]},{"@type":"BreadcrumbList","@id":"https:\/\/asesoriaimssconstruccionycursos.mx\/SIROC-IMSS-2023\/servicios-expres-para-tramite-y-actualizacion-de-repse-ante-la-stps\/#breadcrumb","itemListElement":[{"@type":"ListItem","position":1,"name":"Inicio","item":"https:\/\/asesoriaimssconstruccionycursos.mx\/SIROC-IMSS-2023\/"},{"@type":"ListItem","position":2,"name":"Servicios expres para Tr\u00e1mite y Actualizaci\u00f3n de REPSE. ante la STPS"}]},{"@type":"WebSite","@id":"https:\/\/asesoriaimssconstruccionycursos.mx\/SIROC-IMSS-2023\/#website","url":"https:\/\/asesoriaimssconstruccionycursos.mx\/SIROC-IMSS-2023\/","name":"Asesor\u00eda y Cursos SIROC IMSS","description":"Brindamos Asesor\u00eda Fiscal y Contable","publisher":{"@id":"https:\/\/asesoriaimssconstruccionycursos.mx\/SIROC-IMSS-2023\/#organization"},"potentialAction":[{"@type":"SearchAction","target":{"@type":"EntryPoint","urlTemplate":"https:\/\/asesoriaimssconstruccionycursos.mx\/SIROC-IMSS-2023\/?s={search_term_string}"},"query-input":"required name=search_term_string"}],"inLanguage":"es"},{"@type":"Organization","@id":"https:\/\/asesoriaimssconstruccionycursos.mx\/SIROC-IMSS-2023\/#organization","name":"Asesoria IMSS Construcci\u00f3n Cursos y Capacitaci\u00f3n","alternateName":"Asesoria IMSS Construcci\u00f3n","url":"https:\/\/asesoriaimssconstruccionycursos.mx\/SIROC-IMSS-2023\/","logo":{"@type":"ImageObject","inLanguage":"es","@id":"https:\/\/asesoriaimssconstruccionycursos.mx\/SIROC-IMSS-2023\/#\/schema\/logo\/image\/","url":"https:\/\/asesoriaimssconstruccionycursos.mx\/SIROC-IMSS-2023\/wp-content\/uploads\/2023\/08\/asesoria-imss-costruccion.jpg","contentUrl":"https:\/\/asesoriaimssconstruccionycursos.mx\/SIROC-IMSS-2023\/wp-content\/uploads\/2023\/08\/asesoria-imss-costruccion.jpg","width":300,"height":300,"caption":"Asesoria IMSS Construcci\u00f3n Cursos y Capacitaci\u00f3n"},"image":{"@id":"https:\/\/asesoriaimssconstruccionycursos.mx\/SIROC-IMSS-2023\/#\/schema\/logo\/image\/"},"sameAs":["https:\/\/www.facebook.com\/CapacitacionFiscalyParaConstructoras\/","https:\/\/twitter.com\/GMcapacitacion1","https:\/\/www.linkedin.com\/in\/emmanuel-ramos-g-00b98846","https:\/\/www.youtube.com\/@asesoriaycursosimssconssiroc"]}]}},"_links":{"self":[{"href":"https:\/\/asesoriaimssconstruccionycursos.mx\/SIROC-IMSS-2023\/wp-json\/wp\/v2\/pages\/235","targetHints":{"allow":["GET"]}}],"collection":[{"href":"https:\/\/asesoriaimssconstruccionycursos.mx\/SIROC-IMSS-2023\/wp-json\/wp\/v2\/pages"}],"about":[{"href":"https:\/\/asesoriaimssconstruccionycursos.mx\/SIROC-IMSS-2023\/wp-json\/wp\/v2\/types\/page"}],"author":[{"embeddable":true,"href":"https:\/\/asesoriaimssconstruccionycursos.mx\/SIROC-IMSS-2023\/wp-json\/wp\/v2\/users\/1"}],"replies":[{"embeddable":true,"href":"https:\/\/asesoriaimssconstruccionycursos.mx\/SIROC-IMSS-2023\/wp-json\/wp\/v2\/comments?post=235"}],"version-history":[{"count":6,"href":"https:\/\/asesoriaimssconstruccionycursos.mx\/SIROC-IMSS-2023\/wp-json\/wp\/v2\/pages\/235\/revisions"}],"predecessor-version":[{"id":520,"href":"https:\/\/asesoriaimssconstruccionycursos.mx\/SIROC-IMSS-2023\/wp-json\/wp\/v2\/pages\/235\/revisions\/520"}],"wp:attachment":[{"href":"https:\/\/asesoriaimssconstruccionycursos.mx\/SIROC-IMSS-2023\/wp-json\/wp\/v2\/media?parent=235"}],"wp:term":[{"taxonomy":"category","embeddable":true,"href":"https:\/\/asesoriaimssconstruccionycursos.mx\/SIROC-IMSS-2023\/wp-json\/wp\/v2\/categories?post=235"},{"taxonomy":"post_tag","embeddable":true,"href":"https:\/\/asesoriaimssconstruccionycursos.mx\/SIROC-IMSS-2023\/wp-json\/wp\/v2\/tags?post=235"}],"curies":[{"name":"wp","href":"https:\/\/api.w.org\/{rel}","templated":true}]}}