{"id":236,"date":"2023-05-30T15:28:25","date_gmt":"2023-05-30T15:28:25","guid":{"rendered":"https:\/\/asesoriaimssconstruccionycursos.mx\/SIROC-IMSS-2023\/curso-tips-y-criterios-para-el-llenado-de-sideimss-2-copy-copy-copy-copy-copy-copy-copy-copy-copy\/"},"modified":"2024-03-15T18:37:51","modified_gmt":"2024-03-15T18:37:51","slug":"aclaracion-de-opinion-de-cumplimiento-para-poder-tramitar-repse","status":"publish","type":"page","link":"https:\/\/asesoriaimssconstruccionycursos.mx\/SIROC-IMSS-2023\/aclaracion-de-opinion-de-cumplimiento-para-poder-tramitar-repse\/","title":{"rendered":"Asesor\u00eda para obtener una Opini\u00f3n de Cumplimiento positiva para REPSE \u00a0"},"content":{"rendered":"<blockquote>\n<h2>Actualmente las empresas que estan tramitando su REPSE han tenido dificultades y rechazo en la presentaci\u00f3n de este tr\u00e1mite.<\/h2>\n<\/blockquote>\n<h3 class=\"g-contentlist-headline\">Nosotros te podemos ayudar en la\u00a0<strong>detecci\u00f3n<\/strong>\u00a0y motivos concretos para que puedan\u00a0<strong>concluir<\/strong>\u00a0su tr\u00e1mite.<\/h3>\n<div class=\"g-contentlist-desc\">Nuestra firma cuenta con m\u00e1s de 15 a\u00f1os de experiencia dictaminando patrones de todo el pa\u00eds, de cualquier giro y sin importar el n\u00famero de trabajadores.<\/div>\n<div><\/div>\n<div>\n<p class=\"g-layercontent-title\">Ahorra Tiempo y esfuerzo <strong>\u00bfDeseas mas informaci\u00f3n?<\/strong><\/p>\n<p>Llama\u00a0<img loading=\"lazy\" decoding=\"async\" src=\"https:\/\/asesoriaimssconstruccionycursos.mx\/SIROC-IMSS-2023\/wp-content\/uploads\/2023\/05\/phone-button-blue.png\" alt=\"\" width=\"21\" height=\"21\" \/>\u00a0al\u00a0<strong><a href=\"tel:5556091723\">55\u00a05609 1723<\/a>,\u00a0<\/strong>\u00f3 envia un mensaje\u00a0<img loading=\"lazy\" decoding=\"async\" src=\"https:\/\/asesoriaimssconstruccionycursos.mx\/SIROC-IMSS-2023\/wp-content\/uploads\/2023\/05\/whatsapp-official-logo-png-download.png\" alt=\"\" width=\"19\" height=\"19\" \/>\u00a0al\u00a0<strong><a href=\"tel:5532510233\">55 3251 0233<\/a><\/strong><\/p>\n<\/div>\n","protected":false},"excerpt":{"rendered":"<p>Actualmente las empresas que estan tramitando su REPSE han tenido dificultades y rechazo en la presentaci\u00f3n de este tr\u00e1mite. Nosotros te podemos ayudar en la\u00a0detecci\u00f3n\u00a0y motivos concretos para que puedan\u00a0concluir\u00a0su tr\u00e1mite. Nuestra firma cuenta con m\u00e1s de 15 a\u00f1os de experiencia dictaminando patrones de todo el pa\u00eds, de cualquier giro y sin importar el n\u00famero [&hellip;]<\/p>\n","protected":false},"author":1,"featured_media":0,"parent":0,"menu_order":0,"comment_status":"closed","ping_status":"closed","template":"","meta":{"footnotes":""},"categories":[],"tags":[],"class_list":["post-236","page","type-page","status-publish","hentry"],"yoast_head":"<!-- This site is optimized with the Yoast SEO plugin v21.7 - https:\/\/yoast.com\/wordpress\/plugins\/seo\/ -->\n<title>Asesor\u00eda para obtener una Opini\u00f3n de Cumplimiento positiva para REPSE \u00a0 - Asesor\u00eda y Cursos SIROC IMSS<\/title>\n<meta name=\"description\" content=\"Actualmente las empresas que estan tramitando su REPSE han tenido dificultades y rechazo en la presentaci\u00f3n de este tr\u00e1mite. Cont\u00e1ctanos WhatsApp 55 32 51 02 33 Tel. Oficina 55 56 09 17 23\" \/>\n<meta name=\"robots\" content=\"index, follow, max-snippet:-1, max-image-preview:large, max-video-preview:-1\" \/>\n<link rel=\"canonical\" href=\"https:\/\/asesoriaimssconstruccionycursos.mx\/SIROC-IMSS-2023\/aclaracion-de-opinion-de-cumplimiento-para-poder-tramitar-repse\/\" \/>\n<meta property=\"og:locale\" content=\"es_MX\" \/>\n<meta property=\"og:type\" content=\"article\" \/>\n<meta property=\"og:title\" content=\"Actualmente las empresas que estan tramitando su REPSE han tenido dificultades y rechazo en la presentaci\u00f3n de este tr\u00e1mite.\" \/>\n<meta property=\"og:description\" content=\"Cont\u00e1ctanos WhatsApp 55 32 51 02 33 Tel. Oficina 55 56 09 17 23\" \/>\n<meta property=\"og:url\" content=\"https:\/\/asesoriaimssconstruccionycursos.mx\/SIROC-IMSS-2023\/aclaracion-de-opinion-de-cumplimiento-para-poder-tramitar-repse\/\" \/>\n<meta property=\"og:site_name\" content=\"Asesor\u00eda y Cursos SIROC IMSS\" \/>\n<meta property=\"article:publisher\" content=\"https:\/\/www.facebook.com\/CapacitacionFiscalyParaConstructoras\/\" \/>\n<meta property=\"article:modified_time\" content=\"2024-03-15T18:37:51+00:00\" \/>\n<meta property=\"og:image\" content=\"https:\/\/asesoriaimssconstruccionycursos.mx\/SIROC-IMSS-2023\/wp-content\/uploads\/2023\/09\/cropped-cropped-3logo-gm-final-copy.png\" \/>\n\t<meta property=\"og:image:width\" content=\"512\" \/>\n\t<meta property=\"og:image:height\" content=\"512\" \/>\n\t<meta property=\"og:image:type\" content=\"image\/png\" \/>\n<meta name=\"twitter:card\" content=\"summary_large_image\" \/>\n<meta name=\"twitter:site\" content=\"@GMcapacitacion1\" \/>\n<meta name=\"twitter:label1\" content=\"Tiempo de lectura\" \/>\n\t<meta name=\"twitter:data1\" content=\"1 minuto\" \/>\n<script type=\"application\/ld+json\" class=\"yoast-schema-graph\">{\"@context\":\"https:\/\/schema.org\",\"@graph\":[{\"@type\":\"WebPage\",\"@id\":\"https:\/\/asesoriaimssconstruccionycursos.mx\/SIROC-IMSS-2023\/aclaracion-de-opinion-de-cumplimiento-para-poder-tramitar-repse\/\",\"url\":\"https:\/\/asesoriaimssconstruccionycursos.mx\/SIROC-IMSS-2023\/aclaracion-de-opinion-de-cumplimiento-para-poder-tramitar-repse\/\",\"name\":\"Asesor\u00eda para obtener una Opini\u00f3n de Cumplimiento positiva para REPSE \u00a0 - Asesor\u00eda y Cursos SIROC IMSS\",\"isPartOf\":{\"@id\":\"https:\/\/asesoriaimssconstruccionycursos.mx\/SIROC-IMSS-2023\/#website\"},\"datePublished\":\"2023-05-30T15:28:25+00:00\",\"dateModified\":\"2024-03-15T18:37:51+00:00\",\"description\":\"Actualmente las empresas que estan tramitando su REPSE han tenido dificultades y rechazo en la presentaci\u00f3n de este tr\u00e1mite. Cont\u00e1ctanos WhatsApp 55 32 51 02 33 Tel. Oficina 55 56 09 17 23\",\"breadcrumb\":{\"@id\":\"https:\/\/asesoriaimssconstruccionycursos.mx\/SIROC-IMSS-2023\/aclaracion-de-opinion-de-cumplimiento-para-poder-tramitar-repse\/#breadcrumb\"},\"inLanguage\":\"es\",\"potentialAction\":[{\"@type\":\"ReadAction\",\"target\":[\"https:\/\/asesoriaimssconstruccionycursos.mx\/SIROC-IMSS-2023\/aclaracion-de-opinion-de-cumplimiento-para-poder-tramitar-repse\/\"]}]},{\"@type\":\"BreadcrumbList\",\"@id\":\"https:\/\/asesoriaimssconstruccionycursos.mx\/SIROC-IMSS-2023\/aclaracion-de-opinion-de-cumplimiento-para-poder-tramitar-repse\/#breadcrumb\",\"itemListElement\":[{\"@type\":\"ListItem\",\"position\":1,\"name\":\"Inicio\",\"item\":\"https:\/\/asesoriaimssconstruccionycursos.mx\/SIROC-IMSS-2023\/\"},{\"@type\":\"ListItem\",\"position\":2,\"name\":\"Asesor\u00eda para obtener una Opini\u00f3n de Cumplimiento positiva para REPSE \u00a0\"}]},{\"@type\":\"WebSite\",\"@id\":\"https:\/\/asesoriaimssconstruccionycursos.mx\/SIROC-IMSS-2023\/#website\",\"url\":\"https:\/\/asesoriaimssconstruccionycursos.mx\/SIROC-IMSS-2023\/\",\"name\":\"Asesor\u00eda y Cursos SIROC IMSS\",\"description\":\"Brindamos Asesor\u00eda Fiscal y Contable\",\"publisher\":{\"@id\":\"https:\/\/asesoriaimssconstruccionycursos.mx\/SIROC-IMSS-2023\/#organization\"},\"potentialAction\":[{\"@type\":\"SearchAction\",\"target\":{\"@type\":\"EntryPoint\",\"urlTemplate\":\"https:\/\/asesoriaimssconstruccionycursos.mx\/SIROC-IMSS-2023\/?s={search_term_string}\"},\"query-input\":\"required name=search_term_string\"}],\"inLanguage\":\"es\"},{\"@type\":\"Organization\",\"@id\":\"https:\/\/asesoriaimssconstruccionycursos.mx\/SIROC-IMSS-2023\/#organization\",\"name\":\"Asesoria IMSS Construcci\u00f3n Cursos y Capacitaci\u00f3n\",\"alternateName\":\"Asesoria IMSS Construcci\u00f3n\",\"url\":\"https:\/\/asesoriaimssconstruccionycursos.mx\/SIROC-IMSS-2023\/\",\"logo\":{\"@type\":\"ImageObject\",\"inLanguage\":\"es\",\"@id\":\"https:\/\/asesoriaimssconstruccionycursos.mx\/SIROC-IMSS-2023\/#\/schema\/logo\/image\/\",\"url\":\"https:\/\/asesoriaimssconstruccionycursos.mx\/SIROC-IMSS-2023\/wp-content\/uploads\/2023\/08\/asesoria-imss-costruccion.jpg\",\"contentUrl\":\"https:\/\/asesoriaimssconstruccionycursos.mx\/SIROC-IMSS-2023\/wp-content\/uploads\/2023\/08\/asesoria-imss-costruccion.jpg\",\"width\":300,\"height\":300,\"caption\":\"Asesoria IMSS Construcci\u00f3n Cursos y Capacitaci\u00f3n\"},\"image\":{\"@id\":\"https:\/\/asesoriaimssconstruccionycursos.mx\/SIROC-IMSS-2023\/#\/schema\/logo\/image\/\"},\"sameAs\":[\"https:\/\/www.facebook.com\/CapacitacionFiscalyParaConstructoras\/\",\"https:\/\/twitter.com\/GMcapacitacion1\",\"https:\/\/www.linkedin.com\/in\/emmanuel-ramos-g-00b98846\",\"https:\/\/www.youtube.com\/@asesoriaycursosimssconssiroc\"]}]}<\/script>\n<!-- \/ Yoast SEO plugin. -->","yoast_head_json":{"title":"Asesor\u00eda para obtener una Opini\u00f3n de Cumplimiento positiva para REPSE \u00a0 - Asesor\u00eda y Cursos SIROC IMSS","description":"Actualmente las empresas que estan tramitando su REPSE han tenido dificultades y rechazo en la presentaci\u00f3n de este tr\u00e1mite. Cont\u00e1ctanos WhatsApp 55 32 51 02 33 Tel. Oficina 55 56 09 17 23","robots":{"index":"index","follow":"follow","max-snippet":"max-snippet:-1","max-image-preview":"max-image-preview:large","max-video-preview":"max-video-preview:-1"},"canonical":"https:\/\/asesoriaimssconstruccionycursos.mx\/SIROC-IMSS-2023\/aclaracion-de-opinion-de-cumplimiento-para-poder-tramitar-repse\/","og_locale":"es_MX","og_type":"article","og_title":"Actualmente las empresas que estan tramitando su REPSE han tenido dificultades y rechazo en la presentaci\u00f3n de este tr\u00e1mite.","og_description":"Cont\u00e1ctanos WhatsApp 55 32 51 02 33 Tel. Oficina 55 56 09 17 23","og_url":"https:\/\/asesoriaimssconstruccionycursos.mx\/SIROC-IMSS-2023\/aclaracion-de-opinion-de-cumplimiento-para-poder-tramitar-repse\/","og_site_name":"Asesor\u00eda y Cursos SIROC IMSS","article_publisher":"https:\/\/www.facebook.com\/CapacitacionFiscalyParaConstructoras\/","article_modified_time":"2024-03-15T18:37:51+00:00","og_image":[{"width":512,"height":512,"url":"https:\/\/asesoriaimssconstruccionycursos.mx\/SIROC-IMSS-2023\/wp-content\/uploads\/2023\/09\/cropped-cropped-3logo-gm-final-copy.png","type":"image\/png"}],"twitter_card":"summary_large_image","twitter_site":"@GMcapacitacion1","twitter_misc":{"Tiempo de lectura":"1 minuto"},"schema":{"@context":"https:\/\/schema.org","@graph":[{"@type":"WebPage","@id":"https:\/\/asesoriaimssconstruccionycursos.mx\/SIROC-IMSS-2023\/aclaracion-de-opinion-de-cumplimiento-para-poder-tramitar-repse\/","url":"https:\/\/asesoriaimssconstruccionycursos.mx\/SIROC-IMSS-2023\/aclaracion-de-opinion-de-cumplimiento-para-poder-tramitar-repse\/","name":"Asesor\u00eda para obtener una Opini\u00f3n de Cumplimiento positiva para REPSE \u00a0 - Asesor\u00eda y Cursos SIROC IMSS","isPartOf":{"@id":"https:\/\/asesoriaimssconstruccionycursos.mx\/SIROC-IMSS-2023\/#website"},"datePublished":"2023-05-30T15:28:25+00:00","dateModified":"2024-03-15T18:37:51+00:00","description":"Actualmente las empresas que estan tramitando su REPSE han tenido dificultades y rechazo en la presentaci\u00f3n de este tr\u00e1mite. Cont\u00e1ctanos WhatsApp 55 32 51 02 33 Tel. Oficina 55 56 09 17 23","breadcrumb":{"@id":"https:\/\/asesoriaimssconstruccionycursos.mx\/SIROC-IMSS-2023\/aclaracion-de-opinion-de-cumplimiento-para-poder-tramitar-repse\/#breadcrumb"},"inLanguage":"es","potentialAction":[{"@type":"ReadAction","target":["https:\/\/asesoriaimssconstruccionycursos.mx\/SIROC-IMSS-2023\/aclaracion-de-opinion-de-cumplimiento-para-poder-tramitar-repse\/"]}]},{"@type":"BreadcrumbList","@id":"https:\/\/asesoriaimssconstruccionycursos.mx\/SIROC-IMSS-2023\/aclaracion-de-opinion-de-cumplimiento-para-poder-tramitar-repse\/#breadcrumb","itemListElement":[{"@type":"ListItem","position":1,"name":"Inicio","item":"https:\/\/asesoriaimssconstruccionycursos.mx\/SIROC-IMSS-2023\/"},{"@type":"ListItem","position":2,"name":"Asesor\u00eda para obtener una Opini\u00f3n de Cumplimiento positiva para REPSE \u00a0"}]},{"@type":"WebSite","@id":"https:\/\/asesoriaimssconstruccionycursos.mx\/SIROC-IMSS-2023\/#website","url":"https:\/\/asesoriaimssconstruccionycursos.mx\/SIROC-IMSS-2023\/","name":"Asesor\u00eda y Cursos SIROC IMSS","description":"Brindamos Asesor\u00eda Fiscal y Contable","publisher":{"@id":"https:\/\/asesoriaimssconstruccionycursos.mx\/SIROC-IMSS-2023\/#organization"},"potentialAction":[{"@type":"SearchAction","target":{"@type":"EntryPoint","urlTemplate":"https:\/\/asesoriaimssconstruccionycursos.mx\/SIROC-IMSS-2023\/?s={search_term_string}"},"query-input":"required name=search_term_string"}],"inLanguage":"es"},{"@type":"Organization","@id":"https:\/\/asesoriaimssconstruccionycursos.mx\/SIROC-IMSS-2023\/#organization","name":"Asesoria IMSS Construcci\u00f3n Cursos y Capacitaci\u00f3n","alternateName":"Asesoria IMSS Construcci\u00f3n","url":"https:\/\/asesoriaimssconstruccionycursos.mx\/SIROC-IMSS-2023\/","logo":{"@type":"ImageObject","inLanguage":"es","@id":"https:\/\/asesoriaimssconstruccionycursos.mx\/SIROC-IMSS-2023\/#\/schema\/logo\/image\/","url":"https:\/\/asesoriaimssconstruccionycursos.mx\/SIROC-IMSS-2023\/wp-content\/uploads\/2023\/08\/asesoria-imss-costruccion.jpg","contentUrl":"https:\/\/asesoriaimssconstruccionycursos.mx\/SIROC-IMSS-2023\/wp-content\/uploads\/2023\/08\/asesoria-imss-costruccion.jpg","width":300,"height":300,"caption":"Asesoria IMSS Construcci\u00f3n Cursos y Capacitaci\u00f3n"},"image":{"@id":"https:\/\/asesoriaimssconstruccionycursos.mx\/SIROC-IMSS-2023\/#\/schema\/logo\/image\/"},"sameAs":["https:\/\/www.facebook.com\/CapacitacionFiscalyParaConstructoras\/","https:\/\/twitter.com\/GMcapacitacion1","https:\/\/www.linkedin.com\/in\/emmanuel-ramos-g-00b98846","https:\/\/www.youtube.com\/@asesoriaycursosimssconssiroc"]}]}},"_links":{"self":[{"href":"https:\/\/asesoriaimssconstruccionycursos.mx\/SIROC-IMSS-2023\/wp-json\/wp\/v2\/pages\/236","targetHints":{"allow":["GET"]}}],"collection":[{"href":"https:\/\/asesoriaimssconstruccionycursos.mx\/SIROC-IMSS-2023\/wp-json\/wp\/v2\/pages"}],"about":[{"href":"https:\/\/asesoriaimssconstruccionycursos.mx\/SIROC-IMSS-2023\/wp-json\/wp\/v2\/types\/page"}],"author":[{"embeddable":true,"href":"https:\/\/asesoriaimssconstruccionycursos.mx\/SIROC-IMSS-2023\/wp-json\/wp\/v2\/users\/1"}],"replies":[{"embeddable":true,"href":"https:\/\/asesoriaimssconstruccionycursos.mx\/SIROC-IMSS-2023\/wp-json\/wp\/v2\/comments?post=236"}],"version-history":[{"count":4,"href":"https:\/\/asesoriaimssconstruccionycursos.mx\/SIROC-IMSS-2023\/wp-json\/wp\/v2\/pages\/236\/revisions"}],"predecessor-version":[{"id":732,"href":"https:\/\/asesoriaimssconstruccionycursos.mx\/SIROC-IMSS-2023\/wp-json\/wp\/v2\/pages\/236\/revisions\/732"}],"wp:attachment":[{"href":"https:\/\/asesoriaimssconstruccionycursos.mx\/SIROC-IMSS-2023\/wp-json\/wp\/v2\/media?parent=236"}],"wp:term":[{"taxonomy":"category","embeddable":true,"href":"https:\/\/asesoriaimssconstruccionycursos.mx\/SIROC-IMSS-2023\/wp-json\/wp\/v2\/categories?post=236"},{"taxonomy":"post_tag","embeddable":true,"href":"https:\/\/asesoriaimssconstruccionycursos.mx\/SIROC-IMSS-2023\/wp-json\/wp\/v2\/tags?post=236"}],"curies":[{"name":"wp","href":"https:\/\/api.w.org\/{rel}","templated":true}]}}