{"id":478,"date":"2023-08-03T01:38:22","date_gmt":"2023-08-03T01:38:22","guid":{"rendered":"https:\/\/asesoriaimssconstruccionycursos.mx\/SIROC-IMSS-2023\/curso-tips-y-criterios-para-el-llenado-de-sideimss-2-copy\/"},"modified":"2024-04-01T17:40:42","modified_gmt":"2024-04-01T17:40:42","slug":"curso-elaboracion-y-presentacion-del-sideimss","status":"publish","type":"page","link":"https:\/\/asesoriaimssconstruccionycursos.mx\/SIROC-IMSS-2023\/curso-elaboracion-y-presentacion-del-sideimss\/","title":{"rendered":"ELABORACI\u00d3N Y PRESENTACI\u00d3N DEL SIDEIMSS"},"content":{"rendered":"\r\n<p style=\"font-weight: 400;\"><strong>FECHA<\/strong>:\u00a0<strong>2 sesiones.<\/strong><\/p>\r\n<p style=\"font-weight: 400;\"><strong>HORARIO: 18:00 a 22:00 hrs<\/strong><\/p>\r\n<p style=\"font-weight: 400;\"><strong>DURACI\u00d3N<\/strong>: 8 Horas.\u00a0<\/p>\r\n<p style=\"font-weight: 400;\"><strong>CIUDAD SEDE<\/strong>: CDMX<\/p>\r\n<p style=\"font-weight: 400;\"><strong>PR\u00d3XIMAS CIUDADES:\u00a0<\/strong>\u00a0CDMX, Monterrey, Guadalajara, M\u00e9rida, Tijuana, Puebla, Le\u00f3n, Quer\u00e9taro, Veracruz, Tuxtla Guti\u00e9rrez.<\/p>\r\n<p style=\"font-weight: 400;\"><strong>Nivel de Complejidad<\/strong>\u00a0: Intermedios y Avanzados<\/p>\r\n<hr \/>\r\n<p style=\"font-weight: 400;\"><strong>MODO DE CURSO:\u00a0<\/strong>\u00a0<\/p>\r\n<p style=\"font-weight: 400;\"><strong>Costo Presencial:<\/strong> $1,590<\/p>\r\n<p style=\"font-weight: 400;\"><strong>Costo E-learning:<\/strong> $1,380<\/p>\r\n<p style=\"font-weight: 400;\"><strong>Costo Video Curso:<\/strong> $1,250<\/p>\r\n<p style=\"font-weight: 400;\"><strong>INCLUYE:<\/strong>\u00a0Material Digital y Diploma Digital.<\/p>\r\n<p style=\"font-weight: 400;\"><strong>Promoci\u00f3n:\u00a0<\/strong><strong>6 meses sin intereses\u00a0<\/strong><strong>todos nuestros cursos pagando en l\u00ednea con t\u00fa tarjeta Visa.<\/strong><\/p>\r\n<p><strong>PR\u00d3XIMOS CURSOS, \u2023 <a href=\"https:\/\/cursos.capacitacionfiscalyconstructoras.mx\/taller-de-cambios-y-presentacion-del-sideimss-2022\">E-learning (Via Zoom)\u00a0<\/a><\/strong><\/p>\r\n<hr \/>\r\n<p><strong>ESPECIALISTA EN EL TEMA:<\/strong>\u00a0L.C. Emmanuel Ramos G. (<a href=\"https:\/\/asesoriaimssconstruccionycursos.mx\/nosotros\/especialistas-fiscales-laborales-y-de-seguridad-social-en-el-ramo-de-la-construccion-en-mexico\/\">\u2023 VER EXPERIENCIA<\/a>).<\/p>\r\n<p><strong>Modo del curso:<\/strong> E-Learning v\u00eda ZOOM (En vivo desde tu PC)<\/p>\r\n<hr \/>\r\n<p><strong>DIRIGIDO:<\/strong> <span style=\"font-weight: 400;\">Contadores, Auxiliares Contables, Auditores, Fiscalistas, Gerentes de Obra, Contratistas y Subcontratistas.<\/span><\/p>\r\n<p><strong data-rich-text-format-boundary=\"true\">OBJETIVO:<\/strong> Contador, Auditor y Dictaminador te invitamos a participar en<br \/>nuestro Taller de Elaboraci\u00f3n y Presentaci\u00f3n del SIDEIMSS (Sistema de<br \/>Dictamen Electr\u00f3nico del IMSS), donde abordaremos las \u00faltimas<br \/>novedades de la plataforma para el correcto llenado de los formularios<br \/>de la auditoria sobre el ejercicio 2022.<\/p>\r\n<p>En este taller te familiarizar\u00e1s con los nuevos anexos del SIDEIMSS,<br \/>\u00bfCu\u00e1les y qu\u00e9 Anexos se adicionaron del dictamen del IMSS? , C\u00e9dulas<br \/>de Auditoria y \u00bfQu\u00e9 son los atestiguamientos del Dictamen del IMSS?,<br \/>adquiriendo un enfoque estrat\u00e9gico para la elaboraci\u00f3n de la auditoria<br \/>y minimizando los riesgos para el patr\u00f3n de una fiscalizaci\u00f3n por<br \/>parte del IMSS.<\/p>\r\n<p><strong>SOLICITAR INFORMACI\u00d3N: \u2023 <a href=\"https:\/\/bit.ly\/3vEEl6x\" target=\"_blank\" rel=\"noopener\">Aqu\u00ed.<\/a><\/strong><\/p>\r\n<p><b>Quiero conocer m\u00e1s sobre el tema de SIDEIMSS<\/b> \u2023 <a href=\"http:\/\/www.sideimss.mx\/\" target=\"_blank\" rel=\"noopener\"><b>Aqu\u00ed<\/b><\/a><b>.<\/b><\/p>\r\n<p><strong>\u00bfQUIERES LLEVAR ESTE CURSO A TU EMPRESA?\u00a0<\/strong>M\u00e1ndanos tus datos\u00a0\u00a0y un ejecutivo se pondr\u00e1 en contacto a la brevedad\u00a0<strong> \u2023 <a href=\"https:\/\/asesoriaimssconstruccionycursos.mx\/SIROC-IMSS-2023\/curso-para-empresa-elaboracion-y-presentacion-del-sideimss\">Aqu\u00ed<\/a>. <\/strong><span style=\"font-weight: 400;\">(M\u00ednimo 5 Participantes en Zoom o Presencial).<\/span><\/p>\r\n<hr \/>\r\n<p><\/p>\r\n<p><strong>TEMARIO:<\/strong>\u00a0<\/p>\r\n<p>\r\n\r\n<\/p>\r\n<p><span lang=\"ES-MX\">1) Marco Legal del Dictamen ante el IMSS a. Ley del Seguro Social b. Reglamentos c. Acuerdos de Consejo T\u00e9cnico.<\/span><\/p>\r\n<p><span lang=\"ES-MX\">2) Planeaci\u00f3n y seguimiento de la Auditoria.<\/span><\/p>\r\n<p><span lang=\"ES-MX\">A. Cronograma.<\/span><\/p>\r\n<p><span lang=\"ES-MX\">B. Programa de Auditoria.<\/span><\/p>\r\n<p><span lang=\"ES-MX\">C. Informes Previos.<\/span><\/p>\r\n<p><span lang=\"ES-MX\">D. Control Interno.<\/span><\/p>\r\n<p><span lang=\"ES-MX\">E. Cierre de Auditoria.<\/span><\/p>\r\n<p><span lang=\"ES-MX\">F. Principales Papeles de Trabajo.<\/span><\/p>\r\n<p><span lang=\"ES-MX\">G. Visor de n\u00f3minas del SAT como apoyo para la revisi\u00f3n.<\/span><\/p>\r\n<p><span lang=\"ES-MX\">H. Importancia del timbrado en la revisi\u00f3n.<\/span><\/p>\r\n<p><span lang=\"ES-MX\">3) Auditoria a Sectores Espec\u00edficos.<\/span><\/p>\r\n<p><span lang=\"ES-MX\">A. Empresas de Subcontrataci\u00f3n de Personal \/ Servicios Especializados<\/span><\/p>\r\n<p><span lang=\"ES-MX\">B. Construcci\u00f3n.<\/span><\/p>\r\n<p><span lang=\"ES-MX\">C. Autotransporte.<\/span><\/p>\r\n<p><span lang=\"ES-MX\">4) Requerimientos Inform\u00e1ticos para el uso de la plataforma.<\/span><\/p>\r\n<p><span lang=\"ES-MX\">5) Creaci\u00f3n de cuenta en Escritorio Virtual.<\/span><\/p>\r\n<p><span lang=\"ES-MX\">6) Cat\u00e1logo de Contadores P\u00fablicos Autorizados.<\/span><\/p>\r\n<p><span lang=\"ES-MX\">7) Mec\u00e1nica de presentaci\u00f3n de los Avisos de Dictamen.<\/span><\/p>\r\n<p><span lang=\"ES-MX\">8) An\u00e1lisis del M\u00f3dulo de \u201cDictamen Electr\u00f3nico\u201d y cambios a los anexos 2022.<\/span><\/p>\r\n<p><span lang=\"ES-MX\">A. Remuneraciones pagadas a trabajadores.<\/span><\/p>\r\n<p><span lang=\"ES-MX\">B. Prestaciones Otorgadas a los trabajadores.<\/span><\/p>\r\n<p><span lang=\"ES-MX\">C. Cuotas Pagadas.<\/span><\/p>\r\n<p><span lang=\"ES-MX\">D. Pagos a Personas F\u00edsicas.<\/span><\/p>\r\n<p><span lang=\"ES-MX\">E. Prestaci\u00f3n de Servicios de Personal \/ Servicios Especializados.<\/span><\/p>\r\n<p><span lang=\"ES-MX\">F. Clasificaci\u00f3n de las empresas en el Seguro de Riesgos de Trabajo.<\/span><\/p>\r\n<p><span lang=\"ES-MX\">G. Balanza de Comprobaci\u00f3n.<\/span><\/p>\r\n<p><span lang=\"ES-MX\">H. Obras de Construcci\u00f3n.<\/span><\/p>\r\n<p><span lang=\"ES-MX\">I. Diferencias por dictamen.<\/span><\/p>\r\n<p><span lang=\"ES-MX\">J. Avisos Afiliatorios por Dictamen.<\/span><\/p>\r\n<p><span lang=\"ES-MX\">K. Tipos de Opini\u00f3n.<\/span><\/p>\r\n<p><span lang=\"ES-MX\">L. Firma y Envi\u00f3 de Dictamen.<\/span><\/p>\r\n<p><span lang=\"ES-MX\">9) Alcance, repercusiones e implicaciones para el CPA y Patr\u00f3n de los atestiguamientos.<\/span><\/p>\r\n<p><span lang=\"ES-MX\">10) Avisos Afiliatorios y Diferencias Por Dictamen.<\/span><\/p>\r\n<p><span lang=\"ES-MX\">11) Consultas en la nueva plataforma SIDEIMSS.<\/span><\/p>\r\n<p><span lang=\"ES-MX\">12) Aspectos pol\u00e9micos de la plataforma y cruces de informaci\u00f3n.<\/span><\/p>\r\n<p><span lang=\"ES-MX\">13) Aspectos a Considerar en la Revisi\u00f3n derivada la Reforma de Outsourcing 2021.<\/span><\/p>\r\n<p><span lang=\"ES-MX\">A. Sustituci\u00f3n Patronal.<\/span><\/p>\r\n<p><span lang=\"ES-MX\">B. Manejo de Factores de Integraci\u00f3n.<\/span><\/p>\r\n<p><span lang=\"ES-MX\">C. Prima Ponderada.<\/span><\/p>\r\n<p><span lang=\"ES-MX\">D. Migraci\u00f3n de Trabajadores.<\/span><\/p>\r\n<p><span lang=\"ES-MX\">E. Declaraci\u00f3n de Siniestralidad.<\/span><\/p>\r\n<p><span lang=\"ES-MX\">14) Conclusiones y Recomendaciones.<\/span><\/p>\r\n<hr \/>\r\n<p class=\"has-text-align-center\"><img loading=\"lazy\" decoding=\"async\" class=\"aligncenter\" src=\"https:\/\/lh6.googleusercontent.com\/c3B4XEVwUKrPSrOcJC9Qy8rZGLOjwpImtaQmz1EfaD4MOBhr4iGaKoM2BO3zm8JiaB4aspIQSNMuDNcDQb4cx9Txrmhtt6b-ExuK6d5mLQrmSlMCpAeDmN6zKm40pMD452zLOpaauJ_8UGImc3t9dw\" width=\"29\" height=\"29\" \/><\/p>\r\n<p style=\"text-align: center;\">\r\n\r\n<\/p>\r\n<p class=\"has-text-align-center\" style=\"text-align: center;\">Reservar al 55 <a href=\"tel:56091723\">56 09 17 23<\/a><\/p>\r\n<p class=\"has-text-align-center\" style=\"text-align: center;\">o M\u00e1ndanos un<\/p>\r\n<p style=\"text-align: center;\">\r\n\r\n<\/p>\r\n<p class=\"has-text-align-center\" style=\"text-align: center;\"><img loading=\"lazy\" decoding=\"async\" src=\"https:\/\/lh4.googleusercontent.com\/N6ilznbQ69aR9A0jxzX29CKAliJu5Gwu3CGW6akpI9aTfk0r-TQN_howeawnf8G_yG1eIgFPS9Xs39PMch5a_HBg4pv1EiGCwP0Sr2O72WiZqZ-ErzA-z3lUBvmrlf_PUHVLcwchwmevYb2zQClGtA\" width=\"28\" height=\"28\" \/>\u00a0WhatsApp \u00a0<a href=\"https:\/\/bit.ly\/3vEEl6x\"><strong>5532510233<\/strong>\u00a0<\/a><\/p>\r\n<p style=\"text-align: left;\"><\/p>\r\n<p style=\"text-align: center;\"><a href=\"https:\/\/cursos.capacitacionfiscalyconstructoras.mx\/avisos-de-obra-imss-siroc-satic-2023\">Conoce nuestro Cat\u00e1go de Cursos<\/a><\/p>\r\n<p><!-- \/wp:post-content --><\/p>\r\n<!-- \/wp:paragraph -->\r\n\r\n<!-- wp:paragraph --><!-- \/wp:paragraph -->","protected":false},"excerpt":{"rendered":"<p>FECHA:\u00a02 sesiones. HORARIO: 18:00 a 22:00 hrs DURACI\u00d3N: 8 Horas.\u00a0 CIUDAD SEDE: CDMX PR\u00d3XIMAS CIUDADES:\u00a0\u00a0CDMX, Monterrey, Guadalajara, M\u00e9rida, Tijuana, Puebla, Le\u00f3n, Quer\u00e9taro, Veracruz, Tuxtla Guti\u00e9rrez. Nivel de Complejidad\u00a0: Intermedios y Avanzados MODO DE CURSO:\u00a0\u00a0 Costo Presencial: $1,590 Costo E-learning: $1,380 Costo Video Curso: $1,250 INCLUYE:\u00a0Material Digital y Diploma Digital. Promoci\u00f3n:\u00a06 meses sin intereses\u00a0todos nuestros cursos [&hellip;]<\/p>\n","protected":false},"author":1,"featured_media":494,"parent":0,"menu_order":0,"comment_status":"closed","ping_status":"closed","template":"","meta":{"footnotes":""},"categories":[],"tags":[],"class_list":["post-478","page","type-page","status-publish","has-post-thumbnail","hentry"],"yoast_head":"<!-- This site is optimized with the Yoast SEO plugin v21.7 - https:\/\/yoast.com\/wordpress\/plugins\/seo\/ -->\n<title>ELABORACI\u00d3N Y PRESENTACI\u00d3N DEL SIDEIMSS - Asesor\u00eda y Cursos SIROC IMSS<\/title>\n<meta name=\"description\" content=\"Contador, Auditor y Dictaminador te invitamos a participar ennuestro Taller de Elaboraci\u00f3n y Presentaci\u00f3n del SIDEIMSS (Sistema deDictamen Electr\u00f3nico del IMSS), donde abordaremos las \u00faltimasnovedades de la plataforma para el correcto llenado de los formulariosde la auditoria sobre el ejercicio 2023\" \/>\n<meta name=\"robots\" content=\"index, follow, max-snippet:-1, max-image-preview:large, max-video-preview:-1\" \/>\n<link rel=\"canonical\" href=\"https:\/\/asesoriaimssconstruccionycursos.mx\/SIROC-IMSS-2023\/curso-elaboracion-y-presentacion-del-sideimss\/\" \/>\n<meta property=\"og:locale\" content=\"es_MX\" \/>\n<meta property=\"og:type\" content=\"article\" \/>\n<meta property=\"og:title\" content=\"CURSO ELABORACI\u00d3N Y PRESENTACI\u00d3N DEL SIDEIMSS\" \/>\n<meta property=\"og:description\" content=\"Contador, Auditor y Dictaminador te invitamos a participar ennuestro Taller de Elaboraci\u00f3n y Presentaci\u00f3n del SIDEIMSS (Sistema deDictamen Electr\u00f3nico del IMSS), donde abordaremos las \u00faltimasnovedades de la plataforma para el correcto llenado de los formulariosde la auditoria sobre el ejercicio 2022.\" \/>\n<meta property=\"og:url\" content=\"https:\/\/asesoriaimssconstruccionycursos.mx\/SIROC-IMSS-2023\/curso-elaboracion-y-presentacion-del-sideimss\/\" \/>\n<meta property=\"og:site_name\" content=\"Asesor\u00eda y Cursos SIROC IMSS\" \/>\n<meta property=\"article:publisher\" content=\"https:\/\/www.facebook.com\/CapacitacionFiscalyParaConstructoras\/\" \/>\n<meta property=\"article:modified_time\" content=\"2024-04-01T17:40:42+00:00\" \/>\n<meta property=\"og:image\" content=\"https:\/\/asesoriaimssconstruccionycursos.mx\/SIROC-IMSS-2023\/wp-content\/uploads\/2023\/08\/Elaboracion-y-Presentacion-del-SIDEIMSS-CON-DATOS-HD.png\" \/>\n\t<meta property=\"og:image:width\" content=\"1920\" \/>\n\t<meta property=\"og:image:height\" content=\"1080\" \/>\n\t<meta property=\"og:image:type\" content=\"image\/png\" \/>\n<meta name=\"twitter:card\" content=\"summary_large_image\" \/>\n<meta name=\"twitter:title\" content=\"CURSO ELABORACI\u00d3N Y PRESENTACI\u00d3N DEL SIDEIMSS\" \/>\n<meta name=\"twitter:description\" content=\"Contador, Auditor y Dictaminador te invitamos a participar ennuestro Taller de Elaboraci\u00f3n y Presentaci\u00f3n del SIDEIMSS (Sistema deDictamen Electr\u00f3nico del IMSS), donde abordaremos las \u00faltimasnovedades de la plataforma para el correcto llenado de los formulariosde la auditoria sobre el ejercicio 2022.\" \/>\n<meta name=\"twitter:image\" content=\"https:\/\/asesoriaimssconstruccionycursos.mx\/SIROC-IMSS-2023\/wp-content\/uploads\/2023\/08\/Elaboracion-y-Presentacion-del-SIDEIMSS-CON-DATOS-HD.png\" \/>\n<meta name=\"twitter:site\" content=\"@GMcapacitacion1\" \/>\n<meta name=\"twitter:label1\" content=\"Tiempo de lectura\" \/>\n\t<meta name=\"twitter:data1\" content=\"4 minutos\" \/>\n<script type=\"application\/ld+json\" class=\"yoast-schema-graph\">{\"@context\":\"https:\/\/schema.org\",\"@graph\":[{\"@type\":\"WebPage\",\"@id\":\"https:\/\/asesoriaimssconstruccionycursos.mx\/SIROC-IMSS-2023\/curso-elaboracion-y-presentacion-del-sideimss\/\",\"url\":\"https:\/\/asesoriaimssconstruccionycursos.mx\/SIROC-IMSS-2023\/curso-elaboracion-y-presentacion-del-sideimss\/\",\"name\":\"ELABORACI\u00d3N Y PRESENTACI\u00d3N DEL SIDEIMSS - Asesor\u00eda y Cursos SIROC IMSS\",\"isPartOf\":{\"@id\":\"https:\/\/asesoriaimssconstruccionycursos.mx\/SIROC-IMSS-2023\/#website\"},\"datePublished\":\"2023-08-03T01:38:22+00:00\",\"dateModified\":\"2024-04-01T17:40:42+00:00\",\"description\":\"Contador, Auditor y Dictaminador te invitamos a participar ennuestro Taller de Elaboraci\u00f3n y Presentaci\u00f3n del SIDEIMSS (Sistema deDictamen Electr\u00f3nico del IMSS), donde abordaremos las \u00faltimasnovedades de la plataforma para el correcto llenado de los formulariosde la auditoria sobre el ejercicio 2023\",\"breadcrumb\":{\"@id\":\"https:\/\/asesoriaimssconstruccionycursos.mx\/SIROC-IMSS-2023\/curso-elaboracion-y-presentacion-del-sideimss\/#breadcrumb\"},\"inLanguage\":\"es\",\"potentialAction\":[{\"@type\":\"ReadAction\",\"target\":[\"https:\/\/asesoriaimssconstruccionycursos.mx\/SIROC-IMSS-2023\/curso-elaboracion-y-presentacion-del-sideimss\/\"]}]},{\"@type\":\"BreadcrumbList\",\"@id\":\"https:\/\/asesoriaimssconstruccionycursos.mx\/SIROC-IMSS-2023\/curso-elaboracion-y-presentacion-del-sideimss\/#breadcrumb\",\"itemListElement\":[{\"@type\":\"ListItem\",\"position\":1,\"name\":\"Inicio\",\"item\":\"https:\/\/asesoriaimssconstruccionycursos.mx\/SIROC-IMSS-2023\/\"},{\"@type\":\"ListItem\",\"position\":2,\"name\":\"ELABORACI\u00d3N Y PRESENTACI\u00d3N DEL SIDEIMSS\"}]},{\"@type\":\"WebSite\",\"@id\":\"https:\/\/asesoriaimssconstruccionycursos.mx\/SIROC-IMSS-2023\/#website\",\"url\":\"https:\/\/asesoriaimssconstruccionycursos.mx\/SIROC-IMSS-2023\/\",\"name\":\"Asesor\u00eda y Cursos SIROC IMSS\",\"description\":\"Brindamos Asesor\u00eda Fiscal y Contable\",\"publisher\":{\"@id\":\"https:\/\/asesoriaimssconstruccionycursos.mx\/SIROC-IMSS-2023\/#organization\"},\"potentialAction\":[{\"@type\":\"SearchAction\",\"target\":{\"@type\":\"EntryPoint\",\"urlTemplate\":\"https:\/\/asesoriaimssconstruccionycursos.mx\/SIROC-IMSS-2023\/?s={search_term_string}\"},\"query-input\":\"required name=search_term_string\"}],\"inLanguage\":\"es\"},{\"@type\":\"Organization\",\"@id\":\"https:\/\/asesoriaimssconstruccionycursos.mx\/SIROC-IMSS-2023\/#organization\",\"name\":\"Asesoria IMSS Construcci\u00f3n Cursos y Capacitaci\u00f3n\",\"alternateName\":\"Asesoria IMSS Construcci\u00f3n\",\"url\":\"https:\/\/asesoriaimssconstruccionycursos.mx\/SIROC-IMSS-2023\/\",\"logo\":{\"@type\":\"ImageObject\",\"inLanguage\":\"es\",\"@id\":\"https:\/\/asesoriaimssconstruccionycursos.mx\/SIROC-IMSS-2023\/#\/schema\/logo\/image\/\",\"url\":\"https:\/\/asesoriaimssconstruccionycursos.mx\/SIROC-IMSS-2023\/wp-content\/uploads\/2023\/08\/asesoria-imss-costruccion.jpg\",\"contentUrl\":\"https:\/\/asesoriaimssconstruccionycursos.mx\/SIROC-IMSS-2023\/wp-content\/uploads\/2023\/08\/asesoria-imss-costruccion.jpg\",\"width\":300,\"height\":300,\"caption\":\"Asesoria IMSS Construcci\u00f3n Cursos y Capacitaci\u00f3n\"},\"image\":{\"@id\":\"https:\/\/asesoriaimssconstruccionycursos.mx\/SIROC-IMSS-2023\/#\/schema\/logo\/image\/\"},\"sameAs\":[\"https:\/\/www.facebook.com\/CapacitacionFiscalyParaConstructoras\/\",\"https:\/\/twitter.com\/GMcapacitacion1\",\"https:\/\/www.linkedin.com\/in\/emmanuel-ramos-g-00b98846\",\"https:\/\/www.youtube.com\/@asesoriaycursosimssconssiroc\"]}]}<\/script>\n<!-- \/ Yoast SEO plugin. -->","yoast_head_json":{"title":"ELABORACI\u00d3N Y PRESENTACI\u00d3N DEL SIDEIMSS - Asesor\u00eda y Cursos SIROC IMSS","description":"Contador, Auditor y Dictaminador te invitamos a participar ennuestro Taller de Elaboraci\u00f3n y Presentaci\u00f3n del SIDEIMSS (Sistema deDictamen Electr\u00f3nico del IMSS), donde abordaremos las \u00faltimasnovedades de la plataforma para el correcto llenado de los formulariosde la auditoria sobre el ejercicio 2023","robots":{"index":"index","follow":"follow","max-snippet":"max-snippet:-1","max-image-preview":"max-image-preview:large","max-video-preview":"max-video-preview:-1"},"canonical":"https:\/\/asesoriaimssconstruccionycursos.mx\/SIROC-IMSS-2023\/curso-elaboracion-y-presentacion-del-sideimss\/","og_locale":"es_MX","og_type":"article","og_title":"CURSO ELABORACI\u00d3N Y PRESENTACI\u00d3N DEL SIDEIMSS","og_description":"Contador, Auditor y Dictaminador te invitamos a participar ennuestro Taller de Elaboraci\u00f3n y Presentaci\u00f3n del SIDEIMSS (Sistema deDictamen Electr\u00f3nico del IMSS), donde abordaremos las \u00faltimasnovedades de la plataforma para el correcto llenado de los formulariosde la auditoria sobre el ejercicio 2022.","og_url":"https:\/\/asesoriaimssconstruccionycursos.mx\/SIROC-IMSS-2023\/curso-elaboracion-y-presentacion-del-sideimss\/","og_site_name":"Asesor\u00eda y Cursos SIROC IMSS","article_publisher":"https:\/\/www.facebook.com\/CapacitacionFiscalyParaConstructoras\/","article_modified_time":"2024-04-01T17:40:42+00:00","og_image":[{"width":1920,"height":1080,"url":"https:\/\/asesoriaimssconstruccionycursos.mx\/SIROC-IMSS-2023\/wp-content\/uploads\/2023\/08\/Elaboracion-y-Presentacion-del-SIDEIMSS-CON-DATOS-HD.png","type":"image\/png"}],"twitter_card":"summary_large_image","twitter_title":"CURSO ELABORACI\u00d3N Y PRESENTACI\u00d3N DEL SIDEIMSS","twitter_description":"Contador, Auditor y Dictaminador te invitamos a participar ennuestro Taller de Elaboraci\u00f3n y Presentaci\u00f3n del SIDEIMSS (Sistema deDictamen Electr\u00f3nico del IMSS), donde abordaremos las \u00faltimasnovedades de la plataforma para el correcto llenado de los formulariosde la auditoria sobre el ejercicio 2022.","twitter_image":"https:\/\/asesoriaimssconstruccionycursos.mx\/SIROC-IMSS-2023\/wp-content\/uploads\/2023\/08\/Elaboracion-y-Presentacion-del-SIDEIMSS-CON-DATOS-HD.png","twitter_site":"@GMcapacitacion1","twitter_misc":{"Tiempo de lectura":"4 minutos"},"schema":{"@context":"https:\/\/schema.org","@graph":[{"@type":"WebPage","@id":"https:\/\/asesoriaimssconstruccionycursos.mx\/SIROC-IMSS-2023\/curso-elaboracion-y-presentacion-del-sideimss\/","url":"https:\/\/asesoriaimssconstruccionycursos.mx\/SIROC-IMSS-2023\/curso-elaboracion-y-presentacion-del-sideimss\/","name":"ELABORACI\u00d3N Y PRESENTACI\u00d3N DEL SIDEIMSS - Asesor\u00eda y Cursos SIROC IMSS","isPartOf":{"@id":"https:\/\/asesoriaimssconstruccionycursos.mx\/SIROC-IMSS-2023\/#website"},"datePublished":"2023-08-03T01:38:22+00:00","dateModified":"2024-04-01T17:40:42+00:00","description":"Contador, Auditor y Dictaminador te invitamos a participar ennuestro Taller de Elaboraci\u00f3n y Presentaci\u00f3n del SIDEIMSS (Sistema deDictamen Electr\u00f3nico del IMSS), donde abordaremos las \u00faltimasnovedades de la plataforma para el correcto llenado de los formulariosde la auditoria sobre el ejercicio 2023","breadcrumb":{"@id":"https:\/\/asesoriaimssconstruccionycursos.mx\/SIROC-IMSS-2023\/curso-elaboracion-y-presentacion-del-sideimss\/#breadcrumb"},"inLanguage":"es","potentialAction":[{"@type":"ReadAction","target":["https:\/\/asesoriaimssconstruccionycursos.mx\/SIROC-IMSS-2023\/curso-elaboracion-y-presentacion-del-sideimss\/"]}]},{"@type":"BreadcrumbList","@id":"https:\/\/asesoriaimssconstruccionycursos.mx\/SIROC-IMSS-2023\/curso-elaboracion-y-presentacion-del-sideimss\/#breadcrumb","itemListElement":[{"@type":"ListItem","position":1,"name":"Inicio","item":"https:\/\/asesoriaimssconstruccionycursos.mx\/SIROC-IMSS-2023\/"},{"@type":"ListItem","position":2,"name":"ELABORACI\u00d3N Y PRESENTACI\u00d3N DEL SIDEIMSS"}]},{"@type":"WebSite","@id":"https:\/\/asesoriaimssconstruccionycursos.mx\/SIROC-IMSS-2023\/#website","url":"https:\/\/asesoriaimssconstruccionycursos.mx\/SIROC-IMSS-2023\/","name":"Asesor\u00eda y Cursos SIROC IMSS","description":"Brindamos Asesor\u00eda Fiscal y Contable","publisher":{"@id":"https:\/\/asesoriaimssconstruccionycursos.mx\/SIROC-IMSS-2023\/#organization"},"potentialAction":[{"@type":"SearchAction","target":{"@type":"EntryPoint","urlTemplate":"https:\/\/asesoriaimssconstruccionycursos.mx\/SIROC-IMSS-2023\/?s={search_term_string}"},"query-input":"required name=search_term_string"}],"inLanguage":"es"},{"@type":"Organization","@id":"https:\/\/asesoriaimssconstruccionycursos.mx\/SIROC-IMSS-2023\/#organization","name":"Asesoria IMSS Construcci\u00f3n Cursos y Capacitaci\u00f3n","alternateName":"Asesoria IMSS Construcci\u00f3n","url":"https:\/\/asesoriaimssconstruccionycursos.mx\/SIROC-IMSS-2023\/","logo":{"@type":"ImageObject","inLanguage":"es","@id":"https:\/\/asesoriaimssconstruccionycursos.mx\/SIROC-IMSS-2023\/#\/schema\/logo\/image\/","url":"https:\/\/asesoriaimssconstruccionycursos.mx\/SIROC-IMSS-2023\/wp-content\/uploads\/2023\/08\/asesoria-imss-costruccion.jpg","contentUrl":"https:\/\/asesoriaimssconstruccionycursos.mx\/SIROC-IMSS-2023\/wp-content\/uploads\/2023\/08\/asesoria-imss-costruccion.jpg","width":300,"height":300,"caption":"Asesoria IMSS Construcci\u00f3n Cursos y Capacitaci\u00f3n"},"image":{"@id":"https:\/\/asesoriaimssconstruccionycursos.mx\/SIROC-IMSS-2023\/#\/schema\/logo\/image\/"},"sameAs":["https:\/\/www.facebook.com\/CapacitacionFiscalyParaConstructoras\/","https:\/\/twitter.com\/GMcapacitacion1","https:\/\/www.linkedin.com\/in\/emmanuel-ramos-g-00b98846","https:\/\/www.youtube.com\/@asesoriaycursosimssconssiroc"]}]}},"_links":{"self":[{"href":"https:\/\/asesoriaimssconstruccionycursos.mx\/SIROC-IMSS-2023\/wp-json\/wp\/v2\/pages\/478","targetHints":{"allow":["GET"]}}],"collection":[{"href":"https:\/\/asesoriaimssconstruccionycursos.mx\/SIROC-IMSS-2023\/wp-json\/wp\/v2\/pages"}],"about":[{"href":"https:\/\/asesoriaimssconstruccionycursos.mx\/SIROC-IMSS-2023\/wp-json\/wp\/v2\/types\/page"}],"author":[{"embeddable":true,"href":"https:\/\/asesoriaimssconstruccionycursos.mx\/SIROC-IMSS-2023\/wp-json\/wp\/v2\/users\/1"}],"replies":[{"embeddable":true,"href":"https:\/\/asesoriaimssconstruccionycursos.mx\/SIROC-IMSS-2023\/wp-json\/wp\/v2\/comments?post=478"}],"version-history":[{"count":7,"href":"https:\/\/asesoriaimssconstruccionycursos.mx\/SIROC-IMSS-2023\/wp-json\/wp\/v2\/pages\/478\/revisions"}],"predecessor-version":[{"id":797,"href":"https:\/\/asesoriaimssconstruccionycursos.mx\/SIROC-IMSS-2023\/wp-json\/wp\/v2\/pages\/478\/revisions\/797"}],"wp:featuredmedia":[{"embeddable":true,"href":"https:\/\/asesoriaimssconstruccionycursos.mx\/SIROC-IMSS-2023\/wp-json\/wp\/v2\/media\/494"}],"wp:attachment":[{"href":"https:\/\/asesoriaimssconstruccionycursos.mx\/SIROC-IMSS-2023\/wp-json\/wp\/v2\/media?parent=478"}],"wp:term":[{"taxonomy":"category","embeddable":true,"href":"https:\/\/asesoriaimssconstruccionycursos.mx\/SIROC-IMSS-2023\/wp-json\/wp\/v2\/categories?post=478"},{"taxonomy":"post_tag","embeddable":true,"href":"https:\/\/asesoriaimssconstruccionycursos.mx\/SIROC-IMSS-2023\/wp-json\/wp\/v2\/tags?post=478"}],"curies":[{"name":"wp","href":"https:\/\/api.w.org\/{rel}","templated":true}]}}