{"id":601,"date":"2023-11-17T14:47:53","date_gmt":"2023-11-17T14:47:53","guid":{"rendered":"https:\/\/asesoriaimssconstruccionycursos.mx\/SIROC-IMSS-2023\/curso-invitaciones-a-correccion-patronal-2-copy\/"},"modified":"2024-03-20T22:49:45","modified_gmt":"2024-03-20T22:49:45","slug":"correccion-patronal","status":"publish","type":"page","link":"https:\/\/asesoriaimssconstruccionycursos.mx\/SIROC-IMSS-2023\/correccion-patronal\/","title":{"rendered":"Correcci\u00f3n Patronal"},"content":{"rendered":"\r\n<p><strong>FECHA<\/strong>:\u00a0<\/p>\r\n<p><strong>HORARIO<\/strong>:\u00a0<\/p>\r\n<p><strong>DURACI\u00d3N<\/strong>: 5 Horas<\/p>\r\n<p><strong>CIUDAD SEDE<\/strong>: CDMX<\/p>\r\n<p><strong>PR\u00d3XIMAS CIUDADES:\u00a0<\/strong>\u00a0CDMX, Monterrey, Guadalajara, M\u00e9rida, Tijuana, Puebla, Le\u00f3n, Quer\u00e9taro, Veracruz, Tuxtla Guti\u00e9rrez.<\/p>\r\n<p><strong>Nivel de Complejidad<\/strong> : Intermedios y Avanzados<\/p>\r\n<p><strong>MODO DE CURSO:\u00a0<\/strong>\u00a0<\/p>\r\n<p>Presencial: <strong>$2.990.00<\/strong>\u00a0<strong>MXN. Incluye IVA<\/strong><\/p>\r\n<p>E-learning ZOOM: <strong>$2.650.00<\/strong>\u00a0<strong>MXN. Incluye IVA<\/strong><\/p>\r\n<p><a href=\"https:\/\/cursos.capacitacionfiscalyconstructoras.mx\/correccion\">Video Curso:<\/a>\u00a0<strong> $2.320.00<\/strong>\u00a0<strong>MXN. Incluye IVA<\/strong><\/p>\r\n<p><strong>INCLUYE:<\/strong>\u00a0Material Digital y Diploma Digital.<\/p>\r\n<p><strong>Promoci\u00f3n: <\/strong><strong>6 meses sin intereses <\/strong><strong>todos nuestros cursos pagando en l\u00ednea con t\u00fa tarjeta Visa.<\/strong><\/p>\r\n<p><!-- \/wp:post-content -->\r\n\r\n<!-- wp:separator {\"className\":\"has-css-opacity\"} --><\/p>\r\n<hr class=\"wp-block-separator has-css-opacity\" \/>\r\n<p><!-- \/wp:separator -->\r\n\r\n<!-- wp:paragraph --><\/p>\r\n<p><strong>ESPECIALISTA EN EL TEMA:<\/strong>\u00a0L.C. Emmanuel Ramos G. (<a href=\"https:\/\/asesoriaimssconstruccionycursos.mx\/SIROC-IMSS-2023\/experto-asesor-en-imss-siroc-emmanuel-ramos\/\">VER EXPERIENCIA<\/a>)<\/p>\r\n<p><!-- \/wp:paragraph -->\r\n\r\n<!-- wp:separator {\"className\":\"has-css-opacity\"} --><\/p>\r\n<hr class=\"wp-block-separator has-css-opacity\" \/>\r\n<p><!-- \/wp:separator -->\r\n\r\n<!-- wp:paragraph --><\/p>\r\n<p><strong>DIRIGIDO:<\/strong>\u00a0Contadores, Auxiliares Contables, Auditores, Fiscalistas, Gerentes de Obra, Contratistas y Subcontratistas.<\/p>\r\n<p><strong>OBJETIVO: <\/strong>En este curso se analiza los datos, formatos, c\u00e9dulas y requisitos para que pueda presentar el tr\u00e1mite una Correcci\u00f3n patronal ante el IMSS, y de esta manera poder liberar su Fondo de garant\u00eda<\/p>\r\n<p><strong>Quiero asistir a este curso:<\/strong>\u00a0\u00a0\u00a0<a href=\"https:\/\/cursos.capacitacionfiscalyconstructoras.mx\/correccion-patronal-imss-obra-construccion-2022\"><strong>Aqu\u00ed<\/strong><\/a><\/p>\r\n<p><strong>Quiero conocer m\u00e1s sobre el tema de SIROC Y SATIC :\u00a0<\/strong><a href=\"http:\/\/llenadodesiroc.mx\/\"><strong>Aqu\u00ed<\/strong>.<\/a><\/p>\r\n<p><strong>\u00bfQUIERES LLEVAR ESTE CURSO A TU EMPRESA?\u00a0<\/strong>M\u00e1ndanos tus datos\u00a0\u00a0y un ejecutivo se pondr\u00e1 en contacto a la brevedad\u00a0<strong>\u00a0<\/strong><a href=\"https:\/\/asesoriaimssconstruccionycursos.mx\/SIROC-IMSS-2023\/curso-para-empresa-fiscalizacion-imss-invitaciones-a-correccion-patronal\/\"><strong>Aqu\u00ed<\/strong><strong>.<\/strong><\/a>\u00a0<\/p>\r\n<p>(M\u00ednimo 5 Participantes en Zoom o Presencial)<\/p>\r\n<hr \/>\r\n<p><strong>TEMARIO:<\/strong>\u00a0<\/p>\r\n<p>1) Tipo de Correcci\u00f3n patronal en Construcci\u00f3n.<\/p>\r\n<ol>\r\n<li>Voluntaria.<\/li>\r\n<li>Inducida.<\/li>\r\n<\/ol>\r\n<p>2) Pasos y plazos para desahogar la correcci\u00f3n.<\/p>\r\n<p>3) Ingreso de Solicitud de Correcci\u00f3n Patronal.<\/p>\r\n<p>4) Solicitud de Pr\u00f3rroga.<\/p>\r\n<p>5) Entrega de Correcci\u00f3n y soportes Documentales.<\/p>\r\n<p>6) An\u00e1lisis y llenado de C\u00e9dulas de Correcci\u00f3n.<\/p>\r\n<p>7) Aspectos Contables, de n\u00f3mina y SUA a considerar.<\/p>\r\n<p>8) Avisos de Obra y cruces de informaci\u00f3n.<\/p>\r\n<p>9) Aspectos de Contratos y Subcontratos a tomar en cuenta.<\/p>\r\n<p>10) Correcci\u00f3n Contable Vs Correcci\u00f3n por Estimaci\u00f3n.<\/p>\r\n<p>11) Oficio con observaciones de la Correcci\u00f3n y como contestarlo.<\/p>\r\n<p>12) Conclusiones y Recomendaciones.<\/p>\r\n<p>.<\/p>\r\n<div>\r\n<div class=\"block-editor-block-list__layout\">\r\n<div id=\"block-b2b3d072-2a3f-499b-9fea-8e8af185f899\" class=\"wp-block block-editor-block-list__block has-selected-ui\" role=\"group\" data-block=\"b2b3d072-2a3f-499b-9fea-8e8af185f899\" data-type=\"core\/paragraph\" aria-label=\"Bloque: P\u00e1rrafo\">\r\n<p class=\"rich-text block-editor-rich-text__editable wp-block-paragraph has-text-align-center\" role=\"textbox\" aria-label=\"Bloque de p\u00e1rrafo\"><img loading=\"lazy\" decoding=\"async\" class=\"aligncenter\" src=\"https:\/\/lh6.googleusercontent.com\/c3B4XEVwUKrPSrOcJC9Qy8rZGLOjwpImtaQmz1EfaD4MOBhr4iGaKoM2BO3zm8JiaB4aspIQSNMuDNcDQb4cx9Txrmhtt6b-ExuK6d5mLQrmSlMCpAeDmN6zKm40pMD452zLOpaauJ_8UGImc3t9dw\" width=\"29\" height=\"29\" \/><\/p>\r\n<\/div>\r\n<div id=\"block-58a16960-1e87-40f4-a1e7-c6c03f8791da\" class=\"wp-block block-editor-block-list__block has-selected-ui\" style=\"text-align: center;\" role=\"group\" data-block=\"58a16960-1e87-40f4-a1e7-c6c03f8791da\" data-type=\"core\/paragraph\" aria-label=\"Bloque: P\u00e1rrafo\">\r\n<p class=\"rich-text block-editor-rich-text__editable wp-block-paragraph has-text-align-center\" role=\"textbox\" aria-label=\"Bloque de p\u00e1rrafo\">Reservar al 55 <a href=\"tel:56091723\">56 09 17 23<\/a><\/p>\r\n<p class=\"rich-text block-editor-rich-text__editable wp-block-paragraph has-text-align-center\" role=\"textbox\" aria-label=\"Bloque de p\u00e1rrafo\">o M\u00e1ndanos un\u00a0<\/p>\r\n<\/div>\r\n<div id=\"block-31f2ae97-c3ca-41b1-b63f-99bfa1ac2aa7\" class=\"wp-block block-editor-block-list__block has-selected-ui\" role=\"group\" data-block=\"31f2ae97-c3ca-41b1-b63f-99bfa1ac2aa7\" data-type=\"core\/paragraph\" aria-label=\"Bloque: P\u00e1rrafo\">\r\n<p class=\"rich-text block-editor-rich-text__editable wp-block-paragraph has-text-align-center\" style=\"text-align: center;\" role=\"textbox\" aria-label=\"Bloque de p\u00e1rrafo\"><img loading=\"lazy\" decoding=\"async\" src=\"https:\/\/lh4.googleusercontent.com\/N6ilznbQ69aR9A0jxzX29CKAliJu5Gwu3CGW6akpI9aTfk0r-TQN_howeawnf8G_yG1eIgFPS9Xs39PMch5a_HBg4pv1EiGCwP0Sr2O72WiZqZ-ErzA-z3lUBvmrlf_PUHVLcwchwmevYb2zQClGtA\" width=\"28\" height=\"28\" \/>\u00a0WhatsApp \u00a0<strong>5532510233<\/strong>\u00a0<\/p>\r\n<\/div>\r\n<\/div>\r\n<\/div>\r\n<p><!-- \/wp:paragraph --><\/p>\r\n<!-- \/wp:paragraph -->\r\n\r\n<!-- wp:paragraph --><!-- \/wp:paragraph -->","protected":false},"excerpt":{"rendered":"<p>FECHA:\u00a0 HORARIO:\u00a0 DURACI\u00d3N: 5 Horas CIUDAD SEDE: CDMX PR\u00d3XIMAS CIUDADES:\u00a0\u00a0CDMX, Monterrey, Guadalajara, M\u00e9rida, Tijuana, Puebla, Le\u00f3n, Quer\u00e9taro, Veracruz, Tuxtla Guti\u00e9rrez. Nivel de Complejidad : Intermedios y Avanzados MODO DE CURSO:\u00a0\u00a0 Presencial: $2.990.00\u00a0MXN. Incluye IVA E-learning ZOOM: $2.650.00\u00a0MXN. Incluye IVA Video Curso:\u00a0 $2.320.00\u00a0MXN. Incluye IVA INCLUYE:\u00a0Material Digital y Diploma Digital. Promoci\u00f3n: 6 meses sin intereses todos [&hellip;]<\/p>\n","protected":false},"author":1,"featured_media":170,"parent":0,"menu_order":0,"comment_status":"closed","ping_status":"closed","template":"","meta":{"footnotes":""},"categories":[],"tags":[],"class_list":["post-601","page","type-page","status-publish","has-post-thumbnail","hentry"],"yoast_head":"<!-- This site is optimized with the Yoast SEO plugin v21.7 - https:\/\/yoast.com\/wordpress\/plugins\/seo\/ -->\n<title>Correcci\u00f3n Patronal - Asesor\u00eda y Cursos SIROC IMSS<\/title>\n<meta name=\"description\" content=\"En este curso se analiza los datos, formatos, c\u00e9dulas y requisitos para que pueda presentar el tr\u00e1mite una Correcci\u00f3n patronal ante el IMSS, y de esta manera poder liberar su Fondo de garant\u00eda\" \/>\n<meta name=\"robots\" content=\"index, follow, max-snippet:-1, max-image-preview:large, max-video-preview:-1\" \/>\n<link rel=\"canonical\" href=\"https:\/\/asesoriaimssconstruccionycursos.mx\/SIROC-IMSS-2023\/correccion-patronal\/\" \/>\n<meta property=\"og:locale\" content=\"es_MX\" \/>\n<meta property=\"og:type\" content=\"article\" \/>\n<meta property=\"og:title\" content=\"Curso Correcci\u00f3n Patronal\" \/>\n<meta property=\"og:description\" content=\"En este curso se analiza los datos, formatos, c\u00e9dulas y requisitos para que pueda presentar el tr\u00e1mite una Correcci\u00f3n patronal ante el IMSS, y de esta manera poder liberar su Fondo de garant\u00eda\" \/>\n<meta property=\"og:url\" content=\"https:\/\/asesoriaimssconstruccionycursos.mx\/SIROC-IMSS-2023\/correccion-patronal\/\" \/>\n<meta property=\"og:site_name\" content=\"Asesor\u00eda y Cursos SIROC IMSS\" \/>\n<meta property=\"article:publisher\" content=\"https:\/\/www.facebook.com\/CapacitacionFiscalyParaConstructoras\/\" \/>\n<meta property=\"article:modified_time\" content=\"2024-03-20T22:49:45+00:00\" \/>\n<meta property=\"og:image\" content=\"https:\/\/asesoriaimssconstruccionycursos.mx\/SIROC-IMSS-2023\/wp-content\/uploads\/2023\/06\/INVITACIONES-A-CORRECCION-PATRONAL.png\" \/>\n\t<meta property=\"og:image:width\" content=\"800\" \/>\n\t<meta property=\"og:image:height\" content=\"800\" \/>\n\t<meta property=\"og:image:type\" content=\"image\/png\" \/>\n<meta name=\"twitter:card\" content=\"summary_large_image\" \/>\n<meta name=\"twitter:title\" content=\"Curso Correcci\u00f3n Patronal\" \/>\n<meta name=\"twitter:description\" content=\"En este curso se analiza los datos, formatos, c\u00e9dulas y requisitos para que pueda presentar el tr\u00e1mite una Correcci\u00f3n patronal ante el IMSS, y de esta manera poder liberar su Fondo de garant\u00eda\" \/>\n<meta name=\"twitter:image\" content=\"https:\/\/asesoriaimssconstruccionycursos.mx\/SIROC-IMSS-2023\/wp-content\/uploads\/2023\/05\/INVITACIONES-A-CORRECCION-PATRONAL.png\" \/>\n<meta name=\"twitter:site\" content=\"@GMcapacitacion1\" \/>\n<meta name=\"twitter:label1\" content=\"Tiempo de lectura\" \/>\n\t<meta name=\"twitter:data1\" content=\"2 minutos\" \/>\n<script type=\"application\/ld+json\" class=\"yoast-schema-graph\">{\"@context\":\"https:\/\/schema.org\",\"@graph\":[{\"@type\":\"WebPage\",\"@id\":\"https:\/\/asesoriaimssconstruccionycursos.mx\/SIROC-IMSS-2023\/correccion-patronal\/\",\"url\":\"https:\/\/asesoriaimssconstruccionycursos.mx\/SIROC-IMSS-2023\/correccion-patronal\/\",\"name\":\"Correcci\u00f3n Patronal - Asesor\u00eda y Cursos SIROC IMSS\",\"isPartOf\":{\"@id\":\"https:\/\/asesoriaimssconstruccionycursos.mx\/SIROC-IMSS-2023\/#website\"},\"datePublished\":\"2023-11-17T14:47:53+00:00\",\"dateModified\":\"2024-03-20T22:49:45+00:00\",\"description\":\"En este curso se analiza los datos, formatos, c\u00e9dulas y requisitos para que pueda presentar el tr\u00e1mite una Correcci\u00f3n patronal ante el IMSS, y de esta manera poder liberar su Fondo de garant\u00eda\",\"breadcrumb\":{\"@id\":\"https:\/\/asesoriaimssconstruccionycursos.mx\/SIROC-IMSS-2023\/correccion-patronal\/#breadcrumb\"},\"inLanguage\":\"es\",\"potentialAction\":[{\"@type\":\"ReadAction\",\"target\":[\"https:\/\/asesoriaimssconstruccionycursos.mx\/SIROC-IMSS-2023\/correccion-patronal\/\"]}]},{\"@type\":\"BreadcrumbList\",\"@id\":\"https:\/\/asesoriaimssconstruccionycursos.mx\/SIROC-IMSS-2023\/correccion-patronal\/#breadcrumb\",\"itemListElement\":[{\"@type\":\"ListItem\",\"position\":1,\"name\":\"Inicio\",\"item\":\"https:\/\/asesoriaimssconstruccionycursos.mx\/SIROC-IMSS-2023\/\"},{\"@type\":\"ListItem\",\"position\":2,\"name\":\"Correcci\u00f3n Patronal\"}]},{\"@type\":\"WebSite\",\"@id\":\"https:\/\/asesoriaimssconstruccionycursos.mx\/SIROC-IMSS-2023\/#website\",\"url\":\"https:\/\/asesoriaimssconstruccionycursos.mx\/SIROC-IMSS-2023\/\",\"name\":\"Asesor\u00eda y Cursos SIROC IMSS\",\"description\":\"Brindamos Asesor\u00eda Fiscal y Contable\",\"publisher\":{\"@id\":\"https:\/\/asesoriaimssconstruccionycursos.mx\/SIROC-IMSS-2023\/#organization\"},\"potentialAction\":[{\"@type\":\"SearchAction\",\"target\":{\"@type\":\"EntryPoint\",\"urlTemplate\":\"https:\/\/asesoriaimssconstruccionycursos.mx\/SIROC-IMSS-2023\/?s={search_term_string}\"},\"query-input\":\"required name=search_term_string\"}],\"inLanguage\":\"es\"},{\"@type\":\"Organization\",\"@id\":\"https:\/\/asesoriaimssconstruccionycursos.mx\/SIROC-IMSS-2023\/#organization\",\"name\":\"Asesoria IMSS Construcci\u00f3n Cursos y Capacitaci\u00f3n\",\"alternateName\":\"Asesoria IMSS Construcci\u00f3n\",\"url\":\"https:\/\/asesoriaimssconstruccionycursos.mx\/SIROC-IMSS-2023\/\",\"logo\":{\"@type\":\"ImageObject\",\"inLanguage\":\"es\",\"@id\":\"https:\/\/asesoriaimssconstruccionycursos.mx\/SIROC-IMSS-2023\/#\/schema\/logo\/image\/\",\"url\":\"https:\/\/asesoriaimssconstruccionycursos.mx\/SIROC-IMSS-2023\/wp-content\/uploads\/2023\/08\/asesoria-imss-costruccion.jpg\",\"contentUrl\":\"https:\/\/asesoriaimssconstruccionycursos.mx\/SIROC-IMSS-2023\/wp-content\/uploads\/2023\/08\/asesoria-imss-costruccion.jpg\",\"width\":300,\"height\":300,\"caption\":\"Asesoria IMSS Construcci\u00f3n Cursos y Capacitaci\u00f3n\"},\"image\":{\"@id\":\"https:\/\/asesoriaimssconstruccionycursos.mx\/SIROC-IMSS-2023\/#\/schema\/logo\/image\/\"},\"sameAs\":[\"https:\/\/www.facebook.com\/CapacitacionFiscalyParaConstructoras\/\",\"https:\/\/twitter.com\/GMcapacitacion1\",\"https:\/\/www.linkedin.com\/in\/emmanuel-ramos-g-00b98846\",\"https:\/\/www.youtube.com\/@asesoriaycursosimssconssiroc\"]}]}<\/script>\n<!-- \/ Yoast SEO plugin. -->","yoast_head_json":{"title":"Correcci\u00f3n Patronal - Asesor\u00eda y Cursos SIROC IMSS","description":"En este curso se analiza los datos, formatos, c\u00e9dulas y requisitos para que pueda presentar el tr\u00e1mite una Correcci\u00f3n patronal ante el IMSS, y de esta manera poder liberar su Fondo de garant\u00eda","robots":{"index":"index","follow":"follow","max-snippet":"max-snippet:-1","max-image-preview":"max-image-preview:large","max-video-preview":"max-video-preview:-1"},"canonical":"https:\/\/asesoriaimssconstruccionycursos.mx\/SIROC-IMSS-2023\/correccion-patronal\/","og_locale":"es_MX","og_type":"article","og_title":"Curso Correcci\u00f3n Patronal","og_description":"En este curso se analiza los datos, formatos, c\u00e9dulas y requisitos para que pueda presentar el tr\u00e1mite una Correcci\u00f3n patronal ante el IMSS, y de esta manera poder liberar su Fondo de garant\u00eda","og_url":"https:\/\/asesoriaimssconstruccionycursos.mx\/SIROC-IMSS-2023\/correccion-patronal\/","og_site_name":"Asesor\u00eda y Cursos SIROC IMSS","article_publisher":"https:\/\/www.facebook.com\/CapacitacionFiscalyParaConstructoras\/","article_modified_time":"2024-03-20T22:49:45+00:00","og_image":[{"width":800,"height":800,"url":"https:\/\/asesoriaimssconstruccionycursos.mx\/SIROC-IMSS-2023\/wp-content\/uploads\/2023\/06\/INVITACIONES-A-CORRECCION-PATRONAL.png","type":"image\/png"}],"twitter_card":"summary_large_image","twitter_title":"Curso Correcci\u00f3n Patronal","twitter_description":"En este curso se analiza los datos, formatos, c\u00e9dulas y requisitos para que pueda presentar el tr\u00e1mite una Correcci\u00f3n patronal ante el IMSS, y de esta manera poder liberar su Fondo de garant\u00eda","twitter_image":"https:\/\/asesoriaimssconstruccionycursos.mx\/SIROC-IMSS-2023\/wp-content\/uploads\/2023\/05\/INVITACIONES-A-CORRECCION-PATRONAL.png","twitter_site":"@GMcapacitacion1","twitter_misc":{"Tiempo de lectura":"2 minutos"},"schema":{"@context":"https:\/\/schema.org","@graph":[{"@type":"WebPage","@id":"https:\/\/asesoriaimssconstruccionycursos.mx\/SIROC-IMSS-2023\/correccion-patronal\/","url":"https:\/\/asesoriaimssconstruccionycursos.mx\/SIROC-IMSS-2023\/correccion-patronal\/","name":"Correcci\u00f3n Patronal - Asesor\u00eda y Cursos SIROC IMSS","isPartOf":{"@id":"https:\/\/asesoriaimssconstruccionycursos.mx\/SIROC-IMSS-2023\/#website"},"datePublished":"2023-11-17T14:47:53+00:00","dateModified":"2024-03-20T22:49:45+00:00","description":"En este curso se analiza los datos, formatos, c\u00e9dulas y requisitos para que pueda presentar el tr\u00e1mite una Correcci\u00f3n patronal ante el IMSS, y de esta manera poder liberar su Fondo de garant\u00eda","breadcrumb":{"@id":"https:\/\/asesoriaimssconstruccionycursos.mx\/SIROC-IMSS-2023\/correccion-patronal\/#breadcrumb"},"inLanguage":"es","potentialAction":[{"@type":"ReadAction","target":["https:\/\/asesoriaimssconstruccionycursos.mx\/SIROC-IMSS-2023\/correccion-patronal\/"]}]},{"@type":"BreadcrumbList","@id":"https:\/\/asesoriaimssconstruccionycursos.mx\/SIROC-IMSS-2023\/correccion-patronal\/#breadcrumb","itemListElement":[{"@type":"ListItem","position":1,"name":"Inicio","item":"https:\/\/asesoriaimssconstruccionycursos.mx\/SIROC-IMSS-2023\/"},{"@type":"ListItem","position":2,"name":"Correcci\u00f3n Patronal"}]},{"@type":"WebSite","@id":"https:\/\/asesoriaimssconstruccionycursos.mx\/SIROC-IMSS-2023\/#website","url":"https:\/\/asesoriaimssconstruccionycursos.mx\/SIROC-IMSS-2023\/","name":"Asesor\u00eda y Cursos SIROC IMSS","description":"Brindamos Asesor\u00eda Fiscal y Contable","publisher":{"@id":"https:\/\/asesoriaimssconstruccionycursos.mx\/SIROC-IMSS-2023\/#organization"},"potentialAction":[{"@type":"SearchAction","target":{"@type":"EntryPoint","urlTemplate":"https:\/\/asesoriaimssconstruccionycursos.mx\/SIROC-IMSS-2023\/?s={search_term_string}"},"query-input":"required name=search_term_string"}],"inLanguage":"es"},{"@type":"Organization","@id":"https:\/\/asesoriaimssconstruccionycursos.mx\/SIROC-IMSS-2023\/#organization","name":"Asesoria IMSS Construcci\u00f3n Cursos y Capacitaci\u00f3n","alternateName":"Asesoria IMSS Construcci\u00f3n","url":"https:\/\/asesoriaimssconstruccionycursos.mx\/SIROC-IMSS-2023\/","logo":{"@type":"ImageObject","inLanguage":"es","@id":"https:\/\/asesoriaimssconstruccionycursos.mx\/SIROC-IMSS-2023\/#\/schema\/logo\/image\/","url":"https:\/\/asesoriaimssconstruccionycursos.mx\/SIROC-IMSS-2023\/wp-content\/uploads\/2023\/08\/asesoria-imss-costruccion.jpg","contentUrl":"https:\/\/asesoriaimssconstruccionycursos.mx\/SIROC-IMSS-2023\/wp-content\/uploads\/2023\/08\/asesoria-imss-costruccion.jpg","width":300,"height":300,"caption":"Asesoria IMSS Construcci\u00f3n Cursos y Capacitaci\u00f3n"},"image":{"@id":"https:\/\/asesoriaimssconstruccionycursos.mx\/SIROC-IMSS-2023\/#\/schema\/logo\/image\/"},"sameAs":["https:\/\/www.facebook.com\/CapacitacionFiscalyParaConstructoras\/","https:\/\/twitter.com\/GMcapacitacion1","https:\/\/www.linkedin.com\/in\/emmanuel-ramos-g-00b98846","https:\/\/www.youtube.com\/@asesoriaycursosimssconssiroc"]}]}},"_links":{"self":[{"href":"https:\/\/asesoriaimssconstruccionycursos.mx\/SIROC-IMSS-2023\/wp-json\/wp\/v2\/pages\/601","targetHints":{"allow":["GET"]}}],"collection":[{"href":"https:\/\/asesoriaimssconstruccionycursos.mx\/SIROC-IMSS-2023\/wp-json\/wp\/v2\/pages"}],"about":[{"href":"https:\/\/asesoriaimssconstruccionycursos.mx\/SIROC-IMSS-2023\/wp-json\/wp\/v2\/types\/page"}],"author":[{"embeddable":true,"href":"https:\/\/asesoriaimssconstruccionycursos.mx\/SIROC-IMSS-2023\/wp-json\/wp\/v2\/users\/1"}],"replies":[{"embeddable":true,"href":"https:\/\/asesoriaimssconstruccionycursos.mx\/SIROC-IMSS-2023\/wp-json\/wp\/v2\/comments?post=601"}],"version-history":[{"count":5,"href":"https:\/\/asesoriaimssconstruccionycursos.mx\/SIROC-IMSS-2023\/wp-json\/wp\/v2\/pages\/601\/revisions"}],"predecessor-version":[{"id":757,"href":"https:\/\/asesoriaimssconstruccionycursos.mx\/SIROC-IMSS-2023\/wp-json\/wp\/v2\/pages\/601\/revisions\/757"}],"wp:featuredmedia":[{"embeddable":true,"href":"https:\/\/asesoriaimssconstruccionycursos.mx\/SIROC-IMSS-2023\/wp-json\/wp\/v2\/media\/170"}],"wp:attachment":[{"href":"https:\/\/asesoriaimssconstruccionycursos.mx\/SIROC-IMSS-2023\/wp-json\/wp\/v2\/media?parent=601"}],"wp:term":[{"taxonomy":"category","embeddable":true,"href":"https:\/\/asesoriaimssconstruccionycursos.mx\/SIROC-IMSS-2023\/wp-json\/wp\/v2\/categories?post=601"},{"taxonomy":"post_tag","embeddable":true,"href":"https:\/\/asesoriaimssconstruccionycursos.mx\/SIROC-IMSS-2023\/wp-json\/wp\/v2\/tags?post=601"}],"curies":[{"name":"wp","href":"https:\/\/api.w.org\/{rel}","templated":true}]}}