{"id":623,"date":"2023-11-18T17:28:27","date_gmt":"2023-11-18T17:28:27","guid":{"rendered":"https:\/\/asesoriaimssconstruccionycursos.mx\/SIROC-IMSS-2023\/auditoria-y-fiscalizacion-del-repse-copy\/"},"modified":"2024-03-28T19:52:23","modified_gmt":"2024-03-28T19:52:23","slug":"auditoria-y-fiscalizacion-del-repse1","status":"publish","type":"page","link":"https:\/\/asesoriaimssconstruccionycursos.mx\/SIROC-IMSS-2023\/auditoria-y-fiscalizacion-del-repse1\/","title":{"rendered":"Auditoria y Fiscalizaci\u00f3n del Repse"},"content":{"rendered":"<h3 style=\"text-align: left;\">Auditoria y Fiscalizaci\u00f3n del REPSE (para el SAT, IMSS, INFONAVIT, STyPS)<\/h3>\r\n<p style=\"text-align: left;\">Aprenda a verificar que la documentaci\u00f3n, declaraciones, y papeles de trabajo para dar cumplimiento de las obligaciones derivadas del REPSE sea la correcta y evitar as\u00ed molestias y multas por parte de las autoridades fiscales y laborales.<\/p>\r\n<p><strong>FECHA<\/strong>: Martes 5 de Diciembre 2023<\/p>\r\n<p style=\"text-align: left;\"><!-- \/wp:post-content -->\r\n\r\n<!-- wp:paragraph --><\/p>\r\n<p><strong>HORARIO<\/strong>: De 18:30 a 21:30<\/p>\r\n<p style=\"text-align: left;\"><!-- \/wp:paragraph -->\r\n\r\n<!-- wp:paragraph --><\/p>\r\n<p><strong>DURACI\u00d3N<\/strong>: 3 Horas.<\/p>\r\n<p style=\"text-align: left;\"><!-- \/wp:paragraph -->\r\n\r\n<!-- wp:paragraph --><\/p>\r\n<p style=\"font-weight: 400;\"><strong>Nivel de Complejidad:<\/strong>\u00a0Todos los Niveles<\/p>\r\n<p style=\"font-weight: 400;\"><strong>Modo de Curso:<\/strong> E-learning ZOOM (En Vivo): $750 IVA incluido<\/p>\r\n<p style=\"font-weight: 400;\"><strong>Costo Curso Presencial: <\/strong>$1,250 IVA incluido<\/p>\r\n<p class=\"p1\"><strong>Video Curso:<\/strong> $750 IVA incluido<\/p>\r\n<p style=\"font-weight: 400;\"><strong>Incluye:<\/strong>\u00a0Material Did\u00e1ctico y Diploma Digital<\/p>\r\n<p style=\"font-weight: 400;\"><strong>Expositores:<\/strong>\u00a0<a href=\"https:\/\/asesoriaimssconstruccionycursos.mx\/SIROC-IMSS-2023\/experto-asesor-en-imss-siroc-emmanuel-ramos\/\">LC Y MSS Emmanuel Ramos<\/a> G. y LCC y MDF Carlos Guti\u00e9rrez P\u00e9rez<\/p>\r\n<p style=\"text-align: left;\"><!-- \/wp:paragraph -->\r\n\r\n<!-- wp:paragraph --><\/p>\r\n<p style=\"text-align: left;\"><!-- \/wp:paragraph -->\r\n\r\n<!-- wp:list \/-->\r\n\r\n<!-- wp:separator {\"className\":\"has-alpha-channel-opacity\"} --><\/p>\r\n<hr class=\"wp-block-separator has-alpha-channel-opacity\" \/>\r\n<p style=\"text-align: left;\"><!-- \/wp:separator -->\r\n\r\n<!-- wp:paragraph --><\/p>\r\n<p><strong>DIRIGIDO:\u00a0Responsables de las \u00c1reas T\u00e9cnicas y Administrativas del Sector de la Construcci\u00f3n, tales como Ingenieros, Arquitectos, Analistas de Precios Unitarios, Contadores o Administradores de Constructoras, contratistas y Subcontratistas.<\/strong><\/p>\r\n<p style=\"text-align: left;\"><!-- \/wp:paragraph -->\r\n\r\n<!-- wp:paragraph --><\/p>\r\n<p><strong>Interesados que se inician su desarrollo profesional en este sector.<\/strong><\/p>\r\n<p style=\"text-align: left;\"><!-- \/wp:paragraph -->\r\n\r\n<!-- wp:paragraph --><\/p>\r\n<p><strong>OBJETIVO:<\/strong> Aprenda a verificar que la documentaci\u00f3n, declaraciones, y papeles de trabajo para dar cumplimiento de las obligaciones derivadas del REPSE sea la correcta y evitar as\u00ed molestias y multas por parte de las autoridades fiscales y laborales.<\/p>\r\n<p style=\"text-align: left;\"><!-- \/wp:paragraph -->\r\n\r\n<!-- wp:paragraph --><\/p>\r\n<p><strong>Quiero asistir a este curso:<\/strong>\u00a0<a href=\"https:\/\/cursos.capacitacionfiscalyconstructoras.mx\/auditoria-y-fiscalizacion-del-reps-para-el-sat-imss-infonavit-styps\"><strong>Aqu\u00ed<\/strong><\/a><\/p>\r\n<p style=\"text-align: left;\"><!-- \/wp:paragraph -->\r\n\r\n<!-- wp:paragraph --><\/p>\r\n<p style=\"text-align: left;\"><!-- \/wp:paragraph -->\r\n\r\n<!-- wp:paragraph --><\/p>\r\n<p><strong>\u00bfQUIERES LLEVAR ESTE CURSO A TU EMPRESA?\u00a0<\/strong>M\u00e1ndanos tus datos\u00a0\u00a0y un ejecutivo se pondr\u00e1 en contacto a la brevedad\u00a0<strong><a href=\"https:\/\/asesoriaimssconstruccionycursos.mx\/SIROC-IMSS-2023\/curso-para-empresa-auditoria-y-fiscalizacion-del-repse\">Aqu\u00ed<\/a>.<\/strong>\u00a0<\/p>\r\n<p>(M\u00ednimo 10 Participantes en Zoom o Presencial).<\/p>\r\n<hr \/>\r\n<p><strong>TEMARIO:\u00a0<\/strong>\u00a0<\/p>\r\n<ol>\r\n<li>Exhorto de ICSOE y REPSE del IMSS<\/li>\r\n<li>Requerimientos de SISUB e Infonavit<\/li>\r\n<li>Rectificaciones de Prima de Riesgo por Sustituci\u00f3n Patronal<\/li>\r\n<li>Visitas de Inspecci\u00f3n de la STPS<\/li>\r\n<li>Cancelaci\u00f3n de Registros REPSE por STPS<\/li>\r\n<li>Multas por incumplimiento de Obligaciones Laborales\u00a0 por REPSE<\/li>\r\n<li>Lista de Documentaci\u00f3n soporte para enfrentar la fiscalizaci\u00f3n<\/li>\r\n<li>Tips para evitar las multas<\/li>\r\n<li>Expectativas de la fiscalizaci\u00f3n del REPSE<\/li>\r\n<li>Deducibilidad y Acreditamiento del CFDI en Operaciones con REPSE<\/li>\r\n<\/ol>\r\n<hr \/>\r\n<p>&nbsp;<\/p>\r\n<p style=\"text-align: left;\"><!-- \/wp:paragraph -->\r\n\r\n<!-- wp:paragraph {\"align\":\"center\"} --><\/p>\r\n<p class=\"has-text-align-center\"><img loading=\"lazy\" decoding=\"async\" class=\"aligncenter\" src=\"https:\/\/lh6.googleusercontent.com\/c3B4XEVwUKrPSrOcJC9Qy8rZGLOjwpImtaQmz1EfaD4MOBhr4iGaKoM2BO3zm8JiaB4aspIQSNMuDNcDQb4cx9Txrmhtt6b-ExuK6d5mLQrmSlMCpAeDmN6zKm40pMD452zLOpaauJ_8UGImc3t9dw\" width=\"29\" height=\"29\" \/><\/p>\r\n<p style=\"text-align: center;\"><!-- \/wp:paragraph -->\r\n\r\n<!-- wp:paragraph {\"align\":\"center\"} --><\/p>\r\n<p class=\"has-text-align-center\" style=\"text-align: center;\">Reservar al 55 <a href=\"tel:56091723\">56 09 17 23<\/a><\/p>\r\n<p class=\"has-text-align-center\" style=\"text-align: center;\">o M\u00e1ndanos un<\/p>\r\n<p style=\"text-align: center;\"><!-- \/wp:paragraph -->\r\n\r\n<!-- wp:paragraph {\"align\":\"center\"} --><\/p>\r\n<p class=\"has-text-align-center\" style=\"text-align: center;\"><img loading=\"lazy\" decoding=\"async\" src=\"https:\/\/lh4.googleusercontent.com\/N6ilznbQ69aR9A0jxzX29CKAliJu5Gwu3CGW6akpI9aTfk0r-TQN_howeawnf8G_yG1eIgFPS9Xs39PMch5a_HBg4pv1EiGCwP0Sr2O72WiZqZ-ErzA-z3lUBvmrlf_PUHVLcwchwmevYb2zQClGtA\" width=\"28\" height=\"28\" \/>\u00a0WhatsApp \u00a0<a href=\"https:\/\/bit.ly\/3vEEl6x\"><strong>5532510233<\/strong>\u00a0<\/a><\/p>\r\n<p style=\"text-align: left;\"><!-- \/wp:paragraph --><\/p>\r\n<p style=\"text-align: center;\"><a href=\"https:\/\/cursos.capacitacionfiscalyconstructoras.mx\/avisos-de-obra-imss-siroc-satic-2023\">Conoce nuestro Cat\u00e1go de Cursos<\/a><\/p>","protected":false},"excerpt":{"rendered":"<p>Auditoria y Fiscalizaci\u00f3n del REPSE (para el SAT, IMSS, INFONAVIT, STyPS) Aprenda a verificar que la documentaci\u00f3n, declaraciones, y papeles de trabajo para dar cumplimiento de las obligaciones derivadas del REPSE sea la correcta y evitar as\u00ed molestias y multas por parte de las autoridades fiscales y laborales. FECHA: Martes 5 de Diciembre 2023 HORARIO: [&hellip;]<\/p>\n","protected":false},"author":1,"featured_media":565,"parent":0,"menu_order":0,"comment_status":"closed","ping_status":"closed","template":"","meta":{"footnotes":""},"categories":[],"tags":[],"class_list":["post-623","page","type-page","status-publish","has-post-thumbnail","hentry"],"yoast_head":"<!-- This site is optimized with the Yoast SEO plugin v21.7 - https:\/\/yoast.com\/wordpress\/plugins\/seo\/ -->\n<title>Auditoria y Fiscalizaci\u00f3n del Repse - Asesor\u00eda y Cursos SIROC IMSS<\/title>\n<meta name=\"description\" content=\"Aprenda a verificar que la documentaci\u00f3n, declaraciones, y papeles de trabajo para dar cumplimiento de las obligaciones derivadas del REPSE sea la correcta y evitar as\u00ed molestias y multas por parte de las autoridades fiscales y laborales.\" \/>\n<meta name=\"robots\" content=\"index, follow, max-snippet:-1, max-image-preview:large, max-video-preview:-1\" \/>\n<link rel=\"canonical\" href=\"https:\/\/asesoriaimssconstruccionycursos.mx\/SIROC-IMSS-2023\/auditoria-y-fiscalizacion-del-repse1\/\" \/>\n<meta property=\"og:locale\" content=\"es_MX\" \/>\n<meta property=\"og:type\" content=\"article\" \/>\n<meta property=\"og:title\" content=\"Curso Auditoria y Fiscalizaci\u00f3n del Repse\" \/>\n<meta property=\"og:description\" content=\"Aprenda a verificar que la documentaci\u00f3n, declaraciones, y papeles de trabajo para dar cumplimiento de las obligaciones derivadas del REPSE sea la correcta y evitar as\u00ed molestias y multas por parte de las autoridades fiscales y laborales.\" \/>\n<meta property=\"og:url\" content=\"https:\/\/asesoriaimssconstruccionycursos.mx\/SIROC-IMSS-2023\/auditoria-y-fiscalizacion-del-repse1\/\" \/>\n<meta property=\"og:site_name\" content=\"Asesor\u00eda y Cursos SIROC IMSS\" \/>\n<meta property=\"article:publisher\" content=\"https:\/\/www.facebook.com\/CapacitacionFiscalyParaConstructoras\/\" \/>\n<meta property=\"article:modified_time\" content=\"2024-03-28T19:52:23+00:00\" \/>\n<meta property=\"og:image\" content=\"https:\/\/asesoriaimssconstruccionycursos.mx\/SIROC-IMSS-2023\/wp-content\/uploads\/2023\/11\/c04ca504-fd99-4956-b7b0-50e1aec080ea.jpg\" \/>\n\t<meta property=\"og:image:width\" content=\"1600\" \/>\n\t<meta property=\"og:image:height\" content=\"901\" \/>\n\t<meta property=\"og:image:type\" content=\"image\/jpeg\" \/>\n<meta name=\"twitter:card\" content=\"summary_large_image\" \/>\n<meta name=\"twitter:title\" content=\"Curso Auditoria y Fiscalizaci\u00f3n del Repse\" \/>\n<meta name=\"twitter:description\" content=\"Aprenda a verificar que la documentaci\u00f3n, declaraciones, y papeles de trabajo para dar cumplimiento de las obligaciones derivadas del REPSE sea la correcta y evitar as\u00ed molestias y multas por parte de las autoridades fiscales y laborales.\" \/>\n<meta name=\"twitter:image\" content=\"https:\/\/asesoriaimssconstruccionycursos.mx\/SIROC-IMSS-2023\/wp-content\/uploads\/2023\/11\/c04ca504-fd99-4956-b7b0-50e1aec080ea.jpg\" \/>\n<meta name=\"twitter:site\" content=\"@GMcapacitacion1\" \/>\n<meta name=\"twitter:label1\" content=\"Tiempo de lectura\" \/>\n\t<meta name=\"twitter:data1\" content=\"3 minutos\" \/>\n<script type=\"application\/ld+json\" class=\"yoast-schema-graph\">{\"@context\":\"https:\/\/schema.org\",\"@graph\":[{\"@type\":\"WebPage\",\"@id\":\"https:\/\/asesoriaimssconstruccionycursos.mx\/SIROC-IMSS-2023\/auditoria-y-fiscalizacion-del-repse1\/\",\"url\":\"https:\/\/asesoriaimssconstruccionycursos.mx\/SIROC-IMSS-2023\/auditoria-y-fiscalizacion-del-repse1\/\",\"name\":\"Auditoria y Fiscalizaci\u00f3n del Repse - Asesor\u00eda y Cursos SIROC IMSS\",\"isPartOf\":{\"@id\":\"https:\/\/asesoriaimssconstruccionycursos.mx\/SIROC-IMSS-2023\/#website\"},\"datePublished\":\"2023-11-18T17:28:27+00:00\",\"dateModified\":\"2024-03-28T19:52:23+00:00\",\"description\":\"Aprenda a verificar que la documentaci\u00f3n, declaraciones, y papeles de trabajo para dar cumplimiento de las obligaciones derivadas del REPSE sea la correcta y evitar as\u00ed molestias y multas por parte de las autoridades fiscales y laborales.\",\"breadcrumb\":{\"@id\":\"https:\/\/asesoriaimssconstruccionycursos.mx\/SIROC-IMSS-2023\/auditoria-y-fiscalizacion-del-repse1\/#breadcrumb\"},\"inLanguage\":\"es\",\"potentialAction\":[{\"@type\":\"ReadAction\",\"target\":[\"https:\/\/asesoriaimssconstruccionycursos.mx\/SIROC-IMSS-2023\/auditoria-y-fiscalizacion-del-repse1\/\"]}]},{\"@type\":\"BreadcrumbList\",\"@id\":\"https:\/\/asesoriaimssconstruccionycursos.mx\/SIROC-IMSS-2023\/auditoria-y-fiscalizacion-del-repse1\/#breadcrumb\",\"itemListElement\":[{\"@type\":\"ListItem\",\"position\":1,\"name\":\"Inicio\",\"item\":\"https:\/\/asesoriaimssconstruccionycursos.mx\/SIROC-IMSS-2023\/\"},{\"@type\":\"ListItem\",\"position\":2,\"name\":\"Auditoria y Fiscalizaci\u00f3n del Repse\"}]},{\"@type\":\"WebSite\",\"@id\":\"https:\/\/asesoriaimssconstruccionycursos.mx\/SIROC-IMSS-2023\/#website\",\"url\":\"https:\/\/asesoriaimssconstruccionycursos.mx\/SIROC-IMSS-2023\/\",\"name\":\"Asesor\u00eda y Cursos SIROC IMSS\",\"description\":\"Brindamos Asesor\u00eda Fiscal y Contable\",\"publisher\":{\"@id\":\"https:\/\/asesoriaimssconstruccionycursos.mx\/SIROC-IMSS-2023\/#organization\"},\"potentialAction\":[{\"@type\":\"SearchAction\",\"target\":{\"@type\":\"EntryPoint\",\"urlTemplate\":\"https:\/\/asesoriaimssconstruccionycursos.mx\/SIROC-IMSS-2023\/?s={search_term_string}\"},\"query-input\":\"required name=search_term_string\"}],\"inLanguage\":\"es\"},{\"@type\":\"Organization\",\"@id\":\"https:\/\/asesoriaimssconstruccionycursos.mx\/SIROC-IMSS-2023\/#organization\",\"name\":\"Asesoria IMSS Construcci\u00f3n Cursos y Capacitaci\u00f3n\",\"alternateName\":\"Asesoria IMSS Construcci\u00f3n\",\"url\":\"https:\/\/asesoriaimssconstruccionycursos.mx\/SIROC-IMSS-2023\/\",\"logo\":{\"@type\":\"ImageObject\",\"inLanguage\":\"es\",\"@id\":\"https:\/\/asesoriaimssconstruccionycursos.mx\/SIROC-IMSS-2023\/#\/schema\/logo\/image\/\",\"url\":\"https:\/\/asesoriaimssconstruccionycursos.mx\/SIROC-IMSS-2023\/wp-content\/uploads\/2023\/08\/asesoria-imss-costruccion.jpg\",\"contentUrl\":\"https:\/\/asesoriaimssconstruccionycursos.mx\/SIROC-IMSS-2023\/wp-content\/uploads\/2023\/08\/asesoria-imss-costruccion.jpg\",\"width\":300,\"height\":300,\"caption\":\"Asesoria IMSS Construcci\u00f3n Cursos y Capacitaci\u00f3n\"},\"image\":{\"@id\":\"https:\/\/asesoriaimssconstruccionycursos.mx\/SIROC-IMSS-2023\/#\/schema\/logo\/image\/\"},\"sameAs\":[\"https:\/\/www.facebook.com\/CapacitacionFiscalyParaConstructoras\/\",\"https:\/\/twitter.com\/GMcapacitacion1\",\"https:\/\/www.linkedin.com\/in\/emmanuel-ramos-g-00b98846\",\"https:\/\/www.youtube.com\/@asesoriaycursosimssconssiroc\"]}]}<\/script>\n<!-- \/ Yoast SEO plugin. -->","yoast_head_json":{"title":"Auditoria y Fiscalizaci\u00f3n del Repse - Asesor\u00eda y Cursos SIROC IMSS","description":"Aprenda a verificar que la documentaci\u00f3n, declaraciones, y papeles de trabajo para dar cumplimiento de las obligaciones derivadas del REPSE sea la correcta y evitar as\u00ed molestias y multas por parte de las autoridades fiscales y laborales.","robots":{"index":"index","follow":"follow","max-snippet":"max-snippet:-1","max-image-preview":"max-image-preview:large","max-video-preview":"max-video-preview:-1"},"canonical":"https:\/\/asesoriaimssconstruccionycursos.mx\/SIROC-IMSS-2023\/auditoria-y-fiscalizacion-del-repse1\/","og_locale":"es_MX","og_type":"article","og_title":"Curso Auditoria y Fiscalizaci\u00f3n del Repse","og_description":"Aprenda a verificar que la documentaci\u00f3n, declaraciones, y papeles de trabajo para dar cumplimiento de las obligaciones derivadas del REPSE sea la correcta y evitar as\u00ed molestias y multas por parte de las autoridades fiscales y laborales.","og_url":"https:\/\/asesoriaimssconstruccionycursos.mx\/SIROC-IMSS-2023\/auditoria-y-fiscalizacion-del-repse1\/","og_site_name":"Asesor\u00eda y Cursos SIROC IMSS","article_publisher":"https:\/\/www.facebook.com\/CapacitacionFiscalyParaConstructoras\/","article_modified_time":"2024-03-28T19:52:23+00:00","og_image":[{"width":1600,"height":901,"url":"https:\/\/asesoriaimssconstruccionycursos.mx\/SIROC-IMSS-2023\/wp-content\/uploads\/2023\/11\/c04ca504-fd99-4956-b7b0-50e1aec080ea.jpg","type":"image\/jpeg"}],"twitter_card":"summary_large_image","twitter_title":"Curso Auditoria y Fiscalizaci\u00f3n del Repse","twitter_description":"Aprenda a verificar que la documentaci\u00f3n, declaraciones, y papeles de trabajo para dar cumplimiento de las obligaciones derivadas del REPSE sea la correcta y evitar as\u00ed molestias y multas por parte de las autoridades fiscales y laborales.","twitter_image":"https:\/\/asesoriaimssconstruccionycursos.mx\/SIROC-IMSS-2023\/wp-content\/uploads\/2023\/11\/c04ca504-fd99-4956-b7b0-50e1aec080ea.jpg","twitter_site":"@GMcapacitacion1","twitter_misc":{"Tiempo de lectura":"3 minutos"},"schema":{"@context":"https:\/\/schema.org","@graph":[{"@type":"WebPage","@id":"https:\/\/asesoriaimssconstruccionycursos.mx\/SIROC-IMSS-2023\/auditoria-y-fiscalizacion-del-repse1\/","url":"https:\/\/asesoriaimssconstruccionycursos.mx\/SIROC-IMSS-2023\/auditoria-y-fiscalizacion-del-repse1\/","name":"Auditoria y Fiscalizaci\u00f3n del Repse - Asesor\u00eda y Cursos SIROC IMSS","isPartOf":{"@id":"https:\/\/asesoriaimssconstruccionycursos.mx\/SIROC-IMSS-2023\/#website"},"datePublished":"2023-11-18T17:28:27+00:00","dateModified":"2024-03-28T19:52:23+00:00","description":"Aprenda a verificar que la documentaci\u00f3n, declaraciones, y papeles de trabajo para dar cumplimiento de las obligaciones derivadas del REPSE sea la correcta y evitar as\u00ed molestias y multas por parte de las autoridades fiscales y laborales.","breadcrumb":{"@id":"https:\/\/asesoriaimssconstruccionycursos.mx\/SIROC-IMSS-2023\/auditoria-y-fiscalizacion-del-repse1\/#breadcrumb"},"inLanguage":"es","potentialAction":[{"@type":"ReadAction","target":["https:\/\/asesoriaimssconstruccionycursos.mx\/SIROC-IMSS-2023\/auditoria-y-fiscalizacion-del-repse1\/"]}]},{"@type":"BreadcrumbList","@id":"https:\/\/asesoriaimssconstruccionycursos.mx\/SIROC-IMSS-2023\/auditoria-y-fiscalizacion-del-repse1\/#breadcrumb","itemListElement":[{"@type":"ListItem","position":1,"name":"Inicio","item":"https:\/\/asesoriaimssconstruccionycursos.mx\/SIROC-IMSS-2023\/"},{"@type":"ListItem","position":2,"name":"Auditoria y Fiscalizaci\u00f3n del Repse"}]},{"@type":"WebSite","@id":"https:\/\/asesoriaimssconstruccionycursos.mx\/SIROC-IMSS-2023\/#website","url":"https:\/\/asesoriaimssconstruccionycursos.mx\/SIROC-IMSS-2023\/","name":"Asesor\u00eda y Cursos SIROC IMSS","description":"Brindamos Asesor\u00eda Fiscal y Contable","publisher":{"@id":"https:\/\/asesoriaimssconstruccionycursos.mx\/SIROC-IMSS-2023\/#organization"},"potentialAction":[{"@type":"SearchAction","target":{"@type":"EntryPoint","urlTemplate":"https:\/\/asesoriaimssconstruccionycursos.mx\/SIROC-IMSS-2023\/?s={search_term_string}"},"query-input":"required name=search_term_string"}],"inLanguage":"es"},{"@type":"Organization","@id":"https:\/\/asesoriaimssconstruccionycursos.mx\/SIROC-IMSS-2023\/#organization","name":"Asesoria IMSS Construcci\u00f3n Cursos y Capacitaci\u00f3n","alternateName":"Asesoria IMSS Construcci\u00f3n","url":"https:\/\/asesoriaimssconstruccionycursos.mx\/SIROC-IMSS-2023\/","logo":{"@type":"ImageObject","inLanguage":"es","@id":"https:\/\/asesoriaimssconstruccionycursos.mx\/SIROC-IMSS-2023\/#\/schema\/logo\/image\/","url":"https:\/\/asesoriaimssconstruccionycursos.mx\/SIROC-IMSS-2023\/wp-content\/uploads\/2023\/08\/asesoria-imss-costruccion.jpg","contentUrl":"https:\/\/asesoriaimssconstruccionycursos.mx\/SIROC-IMSS-2023\/wp-content\/uploads\/2023\/08\/asesoria-imss-costruccion.jpg","width":300,"height":300,"caption":"Asesoria IMSS Construcci\u00f3n Cursos y Capacitaci\u00f3n"},"image":{"@id":"https:\/\/asesoriaimssconstruccionycursos.mx\/SIROC-IMSS-2023\/#\/schema\/logo\/image\/"},"sameAs":["https:\/\/www.facebook.com\/CapacitacionFiscalyParaConstructoras\/","https:\/\/twitter.com\/GMcapacitacion1","https:\/\/www.linkedin.com\/in\/emmanuel-ramos-g-00b98846","https:\/\/www.youtube.com\/@asesoriaycursosimssconssiroc"]}]}},"_links":{"self":[{"href":"https:\/\/asesoriaimssconstruccionycursos.mx\/SIROC-IMSS-2023\/wp-json\/wp\/v2\/pages\/623","targetHints":{"allow":["GET"]}}],"collection":[{"href":"https:\/\/asesoriaimssconstruccionycursos.mx\/SIROC-IMSS-2023\/wp-json\/wp\/v2\/pages"}],"about":[{"href":"https:\/\/asesoriaimssconstruccionycursos.mx\/SIROC-IMSS-2023\/wp-json\/wp\/v2\/types\/page"}],"author":[{"embeddable":true,"href":"https:\/\/asesoriaimssconstruccionycursos.mx\/SIROC-IMSS-2023\/wp-json\/wp\/v2\/users\/1"}],"replies":[{"embeddable":true,"href":"https:\/\/asesoriaimssconstruccionycursos.mx\/SIROC-IMSS-2023\/wp-json\/wp\/v2\/comments?post=623"}],"version-history":[{"count":6,"href":"https:\/\/asesoriaimssconstruccionycursos.mx\/SIROC-IMSS-2023\/wp-json\/wp\/v2\/pages\/623\/revisions"}],"predecessor-version":[{"id":795,"href":"https:\/\/asesoriaimssconstruccionycursos.mx\/SIROC-IMSS-2023\/wp-json\/wp\/v2\/pages\/623\/revisions\/795"}],"wp:featuredmedia":[{"embeddable":true,"href":"https:\/\/asesoriaimssconstruccionycursos.mx\/SIROC-IMSS-2023\/wp-json\/wp\/v2\/media\/565"}],"wp:attachment":[{"href":"https:\/\/asesoriaimssconstruccionycursos.mx\/SIROC-IMSS-2023\/wp-json\/wp\/v2\/media?parent=623"}],"wp:term":[{"taxonomy":"category","embeddable":true,"href":"https:\/\/asesoriaimssconstruccionycursos.mx\/SIROC-IMSS-2023\/wp-json\/wp\/v2\/categories?post=623"},{"taxonomy":"post_tag","embeddable":true,"href":"https:\/\/asesoriaimssconstruccionycursos.mx\/SIROC-IMSS-2023\/wp-json\/wp\/v2\/tags?post=623"}],"curies":[{"name":"wp","href":"https:\/\/api.w.org\/{rel}","templated":true}]}}